{"id":109299,"date":"2026-05-05T02:01:15","date_gmt":"2026-05-05T05:01:15","guid":{"rendered":"https:\/\/www.hediyepazar.com\/?product=yeni-masaj-etkili-nesil-filtreli-dus-basligi-fiskiyesi-dus-banyo"},"modified":"2026-05-05T02:01:15","modified_gmt":"2026-05-05T05:01:15","slug":"yeni-masaj-etkili-nesil-filtreli-dus-basligi-fiskiyesi-dus-banyo","status":"publish","type":"product","link":"https:\/\/www.hediyepazar.com\/?product=yeni-masaj-etkili-nesil-filtreli-dus-basligi-fiskiyesi-dus-banyo","title":{"rendered":"Yeni Masaj Etkili Nesil Filtreli Du\u015f Ba\u015fl\u0131\u011f\u0131 F\u0131skiyesi Du\u015f Banyo"},"content":{"rendered":"<p>3 Fonksiyonlu Ayarlanabilir Modlar: Ya\u011fmur, P\u00fcsk\u00fcrtme ve Multi Mod \ufe0fBu du\u015f ba\u015fl\u0131\u011f\u0131, 3 farkl\u0131 mod se\u00e7ene\u011fiyle du\u015f keyfinizi tamamen size \u00f6zel hale getirir:\u2714 Ya\u011fmur Modu \u2013 Masaj etkisiyle suyun yumu\u015fak ve rahatlat\u0131c\u0131 ak\u0131\u015f\u0131n\u0131 hissedin.\u2714 P\u00fcsk\u00fcrtme Modu \u2013 Yo\u011fun su ak\u0131\u015f\u0131 ile ferahlat\u0131c\u0131 bir du\u015f deneyimi ya\u015fay\u0131n.\u2714 Multi Mod \u2013 Her iki modu ayn\u0131 anda kullanarak e\u015fsiz bir deneyim elde edin.Paslanmaz \u00e7elik panelinde bulunan ince su \u00e7\u0131k\u0131\u015flar\u0131, hem su tasarrufu sa\u011flar hem de su bas\u0131nc\u0131n\u0131 art\u0131rarak g\u00fc\u00e7l\u00fc bir ak\u0131\u015f sunar.<\/p>\n","protected":false},"excerpt":{"rendered":"<p>3 Fonksiyonlu Ayarlanabilir Modlar: Ya\u011fmur, P\u00fcsk\u00fcrtme ve Multi Mod \ufe0fBu du\u015f ba\u015fl\u0131\u011f\u0131, 3 farkl\u0131 mod se\u00e7ene\u011fiyle du\u015f keyfinizi tamamen size \u00f6zel hale getirir:\u2714 Ya\u011fmur Modu \u2013 Masaj etkisiyle suyun yumu\u015fak ve rahatlat\u0131c\u0131 ak\u0131\u015f\u0131n\u0131 hissedin.\u2714 P\u00fcsk\u00fcrtme Modu \u2013 Yo\u011fun su ak\u0131\u015f\u0131 ile ferahlat\u0131c\u0131 bir du\u015f deneyimi ya\u015fay\u0131n.\u2714 Multi Mod \u2013 Her iki modu ayn\u0131 anda kullanarak&#8230;<\/p>\n","protected":false},"featured_media":109298,"comment_status":"open","ping_status":"closed","template":"","meta":{"_kad_post_transparent":"","_kad_post_title":"","_kad_post_layout":"","_kad_post_sidebar_id":"","_kad_post_content_style":"","_kad_post_vertical_padding":"","_kad_post_feature":"","_kad_post_feature_position":"","_kad_post_header":false,"_kad_post_footer":false,"_kad_post_classname":""},"product_brand":[],"product_cat":[14915],"product_tag":[],"class_list":{"0":"post-109299","1":"product","2":"type-product","3":"status-publish","4":"has-post-thumbnail","6":"product_cat-dus-basligi-dus-basligi","8":"first","9":"instock","10":"purchasable","11":"product-type-simple","12":"entry","13":"content-bg","14":"loop-entry"},"_links":{"self":[{"href":"https:\/\/www.hediyepazar.com\/index.php?rest_route=\/wp\/v2\/product\/109299","targetHints":{"allow":["GET"]}}],"collection":[{"href":"https:\/\/www.hediyepazar.com\/index.php?rest_route=\/wp\/v2\/product"}],"about":[{"href":"https:\/\/www.hediyepazar.com\/index.php?rest_route=\/wp\/v2\/types\/product"}],"replies":[{"embeddable":true,"href":"https:\/\/www.hediyepazar.com\/index.php?rest_route=%2Fwp%2Fv2%2Fcomments&post=109299"}],"wp:featuredmedia":[{"embeddable":true,"href":"https:\/\/www.hediyepazar.com\/index.php?rest_route=\/wp\/v2\/media\/109298"}],"wp:attachment":[{"href":"https:\/\/www.hediyepazar.com\/index.php?rest_route=%2Fwp%2Fv2%2Fmedia&parent=109299"}],"wp:term":[{"taxonomy":"product_brand","embeddable":true,"href":"https:\/\/www.hediyepazar.com\/index.php?rest_route=%2Fwp%2Fv2%2Fproduct_brand&post=109299"},{"taxonomy":"product_cat","embeddable":true,"href":"https:\/\/www.hediyepazar.com\/index.php?rest_route=%2Fwp%2Fv2%2Fproduct_cat&post=109299"},{"taxonomy":"product_tag","embeddable":true,"href":"https:\/\/www.hediyepazar.com\/index.php?rest_route=%2Fwp%2Fv2%2Fproduct_tag&post=109299"}],"curies":[{"name":"wp","href":"https:\/\/api.w.org\/{rel}","templated":true}]}}