{"id":109301,"date":"2026-05-05T02:01:19","date_gmt":"2026-05-05T05:01:19","guid":{"rendered":"https:\/\/www.hediyepazar.com\/?product=dus-basligi-yuksek-basincli-masaj-tarakli-3-kademeli"},"modified":"2026-05-05T02:01:19","modified_gmt":"2026-05-05T05:01:19","slug":"dus-basligi-yuksek-basincli-masaj-tarakli-3-kademeli","status":"publish","type":"product","link":"https:\/\/www.hediyepazar.com\/?product=dus-basligi-yuksek-basincli-masaj-tarakli-3-kademeli","title":{"rendered":"Du\u015f Ba\u015fl\u0131\u011f\u0131 Y\u00fcksek Bas\u0131n\u00e7l\u0131 Masaj Tarakl\u0131 3 Kademeli"},"content":{"rendered":"<p>Stop tu\u015fu \u00f6zelli\u011fi sayesinde, bataryay\u0131 kapatmadan ve muslu\u011fa dokunmadan suyun ak\u0131\u015f\u0131n\u0131 an\u0131nda durdurabilirsiniz. Bu \u00f6zellik, su israf\u0131n\u0131 \u00f6nleyerek tasarruf yapman\u0131za yard\u0131mc\u0131 olur. \u00d6zellikle su s\u0131cakl\u0131\u011f\u0131n\u0131 ayarlad\u0131ktan sonra tekrar tekrar de\u011fi\u015ftirmek zorunda kalmadan konforlu bir kullan\u0131m sa\u011flar.<\/p>\n","protected":false},"excerpt":{"rendered":"<p>Stop tu\u015fu \u00f6zelli\u011fi sayesinde, bataryay\u0131 kapatmadan ve muslu\u011fa dokunmadan suyun ak\u0131\u015f\u0131n\u0131 an\u0131nda durdurabilirsiniz. Bu \u00f6zellik, su israf\u0131n\u0131 \u00f6nleyerek tasarruf yapman\u0131za yard\u0131mc\u0131 olur. \u00d6zellikle su s\u0131cakl\u0131\u011f\u0131n\u0131 ayarlad\u0131ktan sonra tekrar tekrar de\u011fi\u015ftirmek zorunda kalmadan konforlu bir kullan\u0131m sa\u011flar.<\/p>\n","protected":false},"featured_media":109300,"comment_status":"open","ping_status":"closed","template":"","meta":{"_kad_post_transparent":"","_kad_post_title":"","_kad_post_layout":"","_kad_post_sidebar_id":"","_kad_post_content_style":"","_kad_post_vertical_padding":"","_kad_post_feature":"","_kad_post_feature_position":"","_kad_post_header":false,"_kad_post_footer":false,"_kad_post_classname":""},"product_brand":[],"product_cat":[14915],"product_tag":[],"class_list":{"0":"post-109301","1":"product","2":"type-product","3":"status-publish","4":"has-post-thumbnail","6":"product_cat-dus-basligi-dus-basligi","8":"first","9":"instock","10":"purchasable","11":"product-type-simple","12":"entry","13":"content-bg","14":"loop-entry"},"_links":{"self":[{"href":"https:\/\/www.hediyepazar.com\/index.php?rest_route=\/wp\/v2\/product\/109301","targetHints":{"allow":["GET"]}}],"collection":[{"href":"https:\/\/www.hediyepazar.com\/index.php?rest_route=\/wp\/v2\/product"}],"about":[{"href":"https:\/\/www.hediyepazar.com\/index.php?rest_route=\/wp\/v2\/types\/product"}],"replies":[{"embeddable":true,"href":"https:\/\/www.hediyepazar.com\/index.php?rest_route=%2Fwp%2Fv2%2Fcomments&post=109301"}],"wp:featuredmedia":[{"embeddable":true,"href":"https:\/\/www.hediyepazar.com\/index.php?rest_route=\/wp\/v2\/media\/109300"}],"wp:attachment":[{"href":"https:\/\/www.hediyepazar.com\/index.php?rest_route=%2Fwp%2Fv2%2Fmedia&parent=109301"}],"wp:term":[{"taxonomy":"product_brand","embeddable":true,"href":"https:\/\/www.hediyepazar.com\/index.php?rest_route=%2Fwp%2Fv2%2Fproduct_brand&post=109301"},{"taxonomy":"product_cat","embeddable":true,"href":"https:\/\/www.hediyepazar.com\/index.php?rest_route=%2Fwp%2Fv2%2Fproduct_cat&post=109301"},{"taxonomy":"product_tag","embeddable":true,"href":"https:\/\/www.hediyepazar.com\/index.php?rest_route=%2Fwp%2Fv2%2Fproduct_tag&post=109301"}],"curies":[{"name":"wp","href":"https:\/\/api.w.org\/{rel}","templated":true}]}}