{"id":109321,"date":"2026-05-05T02:06:36","date_gmt":"2026-05-05T05:06:36","guid":{"rendered":"https:\/\/www.hediyepazar.com\/?product=tum-araclar-icin-semsiye-guneslik-on-cama-uygun-ozel-kaplama"},"modified":"2026-05-05T02:06:36","modified_gmt":"2026-05-05T05:06:36","slug":"tum-araclar-icin-semsiye-guneslik-on-cama-uygun-ozel-kaplama","status":"publish","type":"product","link":"https:\/\/www.hediyepazar.com\/?product=tum-araclar-icin-semsiye-guneslik-on-cama-uygun-ozel-kaplama","title":{"rendered":"T\u00fcm Ara\u00e7lar \u0130\u00e7in \u015eemsiye G\u00fcne\u015flik \u00d6n Cama Uygun \u00d6zel Kaplama"},"content":{"rendered":"<p>Y\u00fcksek kaliteli malzemelerden \u00fcretilmi\u015f olan araba g\u00fcne\u015f koruyucu \u015femsiye, dayan\u0131kl\u0131 ve uzun \u00f6m\u00fcrl\u00fcd\u00fcr. \u00d6zel yans\u0131t\u0131c\u0131 kaplamas\u0131 sayesinde, g\u00fcne\u015f \u0131\u015f\u0131nlar\u0131n\u0131 etkin bir \u015fekilde geri yans\u0131t\u0131r ve malzeme a\u015f\u0131nmas\u0131n\u0131 minimuma indirir. Kompakt tasar\u0131m\u0131, kullan\u0131m sonras\u0131 kolayca katlan\u0131p saklanmas\u0131n\u0131 sa\u011flar, b\u00f6ylece az yer kaplar ve her zaman yan\u0131n\u0131zda ta\u015f\u0131nabilir.<\/p>\n","protected":false},"excerpt":{"rendered":"<p>Y\u00fcksek kaliteli malzemelerden \u00fcretilmi\u015f olan araba g\u00fcne\u015f koruyucu \u015femsiye, dayan\u0131kl\u0131 ve uzun \u00f6m\u00fcrl\u00fcd\u00fcr. \u00d6zel yans\u0131t\u0131c\u0131 kaplamas\u0131 sayesinde, g\u00fcne\u015f \u0131\u015f\u0131nlar\u0131n\u0131 etkin bir \u015fekilde geri yans\u0131t\u0131r ve malzeme a\u015f\u0131nmas\u0131n\u0131 minimuma indirir. Kompakt tasar\u0131m\u0131, kullan\u0131m sonras\u0131 kolayca katlan\u0131p saklanmas\u0131n\u0131 sa\u011flar, b\u00f6ylece az yer kaplar ve her zaman yan\u0131n\u0131zda ta\u015f\u0131nabilir.<\/p>\n","protected":false},"featured_media":109320,"comment_status":"open","ping_status":"closed","template":"","meta":{"_kad_post_transparent":"","_kad_post_title":"","_kad_post_layout":"","_kad_post_sidebar_id":"","_kad_post_content_style":"","_kad_post_vertical_padding":"","_kad_post_feature":"","_kad_post_feature_position":"","_kad_post_header":false,"_kad_post_footer":false,"_kad_post_classname":""},"product_brand":[],"product_cat":[14921],"product_tag":[],"class_list":{"0":"post-109321","1":"product","2":"type-product","3":"status-publish","4":"has-post-thumbnail","6":"product_cat-oto-guneslik-perde-oto-guneslik-perde-2","8":"first","9":"instock","10":"purchasable","11":"product-type-simple","12":"entry","13":"content-bg","14":"loop-entry"},"_links":{"self":[{"href":"https:\/\/www.hediyepazar.com\/index.php?rest_route=\/wp\/v2\/product\/109321","targetHints":{"allow":["GET"]}}],"collection":[{"href":"https:\/\/www.hediyepazar.com\/index.php?rest_route=\/wp\/v2\/product"}],"about":[{"href":"https:\/\/www.hediyepazar.com\/index.php?rest_route=\/wp\/v2\/types\/product"}],"replies":[{"embeddable":true,"href":"https:\/\/www.hediyepazar.com\/index.php?rest_route=%2Fwp%2Fv2%2Fcomments&post=109321"}],"wp:featuredmedia":[{"embeddable":true,"href":"https:\/\/www.hediyepazar.com\/index.php?rest_route=\/wp\/v2\/media\/109320"}],"wp:attachment":[{"href":"https:\/\/www.hediyepazar.com\/index.php?rest_route=%2Fwp%2Fv2%2Fmedia&parent=109321"}],"wp:term":[{"taxonomy":"product_brand","embeddable":true,"href":"https:\/\/www.hediyepazar.com\/index.php?rest_route=%2Fwp%2Fv2%2Fproduct_brand&post=109321"},{"taxonomy":"product_cat","embeddable":true,"href":"https:\/\/www.hediyepazar.com\/index.php?rest_route=%2Fwp%2Fv2%2Fproduct_cat&post=109321"},{"taxonomy":"product_tag","embeddable":true,"href":"https:\/\/www.hediyepazar.com\/index.php?rest_route=%2Fwp%2Fv2%2Fproduct_tag&post=109321"}],"curies":[{"name":"wp","href":"https:\/\/api.w.org\/{rel}","templated":true}]}}