{"id":109325,"date":"2026-05-05T02:06:44","date_gmt":"2026-05-05T05:06:44","guid":{"rendered":"https:\/\/www.hediyepazar.com\/?product=oto-cam-guneslik-semsiye"},"modified":"2026-05-05T02:06:44","modified_gmt":"2026-05-05T05:06:44","slug":"oto-cam-guneslik-semsiye","status":"publish","type":"product","link":"https:\/\/www.hediyepazar.com\/?product=oto-cam-guneslik-semsiye","title":{"rendered":"OTO CAM G\u00dcNE\u015eL\u0130K \u015eEMS\u0130YE"},"content":{"rendered":"<p>Araba g\u00fcne\u015f koruyucu \u015femsiye, s\u0131cak yaz g\u00fcnlerinde ara\u00e7 i\u00e7inde a\u015f\u0131r\u0131 \u0131s\u0131nmay\u0131 \u00f6nleyerek daha konforlu bir s\u00fcr\u00fc\u015f deneyimi sunar. \u00d6zel tasar\u0131m\u0131 sayesinde g\u00fcne\u015f \u0131\u015f\u0131nlar\u0131n\u0131 yans\u0131tarak, i\u00e7 mekandaki s\u0131cakl\u0131\u011f\u0131n d\u00fc\u015fmesini sa\u011flar. \u00d6n cam \u00fczerine kolayca tak\u0131labilen bu \u015femsiye, hem pratik kullan\u0131m\u0131 hem de etkili korumas\u0131 ile \u00f6ne \u00e7\u0131kar.<\/p>\n","protected":false},"excerpt":{"rendered":"<p>Araba g\u00fcne\u015f koruyucu \u015femsiye, s\u0131cak yaz g\u00fcnlerinde ara\u00e7 i\u00e7inde a\u015f\u0131r\u0131 \u0131s\u0131nmay\u0131 \u00f6nleyerek daha konforlu bir s\u00fcr\u00fc\u015f deneyimi sunar. \u00d6zel tasar\u0131m\u0131 sayesinde g\u00fcne\u015f \u0131\u015f\u0131nlar\u0131n\u0131 yans\u0131tarak, i\u00e7 mekandaki s\u0131cakl\u0131\u011f\u0131n d\u00fc\u015fmesini sa\u011flar. \u00d6n cam \u00fczerine kolayca tak\u0131labilen bu \u015femsiye, hem pratik kullan\u0131m\u0131 hem de etkili korumas\u0131 ile \u00f6ne \u00e7\u0131kar.<\/p>\n","protected":false},"featured_media":109324,"comment_status":"open","ping_status":"closed","template":"","meta":{"_kad_post_transparent":"","_kad_post_title":"","_kad_post_layout":"","_kad_post_sidebar_id":"","_kad_post_content_style":"","_kad_post_vertical_padding":"","_kad_post_feature":"","_kad_post_feature_position":"","_kad_post_header":false,"_kad_post_footer":false,"_kad_post_classname":""},"product_brand":[],"product_cat":[14921],"product_tag":[],"class_list":{"0":"post-109325","1":"product","2":"type-product","3":"status-publish","4":"has-post-thumbnail","6":"product_cat-oto-guneslik-perde-oto-guneslik-perde-2","8":"first","9":"instock","10":"purchasable","11":"product-type-simple","12":"entry","13":"content-bg","14":"loop-entry"},"_links":{"self":[{"href":"https:\/\/www.hediyepazar.com\/index.php?rest_route=\/wp\/v2\/product\/109325","targetHints":{"allow":["GET"]}}],"collection":[{"href":"https:\/\/www.hediyepazar.com\/index.php?rest_route=\/wp\/v2\/product"}],"about":[{"href":"https:\/\/www.hediyepazar.com\/index.php?rest_route=\/wp\/v2\/types\/product"}],"replies":[{"embeddable":true,"href":"https:\/\/www.hediyepazar.com\/index.php?rest_route=%2Fwp%2Fv2%2Fcomments&post=109325"}],"wp:featuredmedia":[{"embeddable":true,"href":"https:\/\/www.hediyepazar.com\/index.php?rest_route=\/wp\/v2\/media\/109324"}],"wp:attachment":[{"href":"https:\/\/www.hediyepazar.com\/index.php?rest_route=%2Fwp%2Fv2%2Fmedia&parent=109325"}],"wp:term":[{"taxonomy":"product_brand","embeddable":true,"href":"https:\/\/www.hediyepazar.com\/index.php?rest_route=%2Fwp%2Fv2%2Fproduct_brand&post=109325"},{"taxonomy":"product_cat","embeddable":true,"href":"https:\/\/www.hediyepazar.com\/index.php?rest_route=%2Fwp%2Fv2%2Fproduct_cat&post=109325"},{"taxonomy":"product_tag","embeddable":true,"href":"https:\/\/www.hediyepazar.com\/index.php?rest_route=%2Fwp%2Fv2%2Fproduct_tag&post=109325"}],"curies":[{"name":"wp","href":"https:\/\/api.w.org\/{rel}","templated":true}]}}