{"id":109343,"date":"2026-05-05T02:10:13","date_gmt":"2026-05-05T05:10:13","guid":{"rendered":"https:\/\/www.hediyepazar.com\/?product=gece-goruslu-akilli-donebilen-ev-kamerasi-ampul-kamera"},"modified":"2026-05-05T02:10:13","modified_gmt":"2026-05-05T05:10:13","slug":"gece-goruslu-akilli-donebilen-ev-kamerasi-ampul-kamera","status":"publish","type":"product","link":"https:\/\/www.hediyepazar.com\/?product=gece-goruslu-akilli-donebilen-ev-kamerasi-ampul-kamera","title":{"rendered":"Gece G\u00f6r\u00fc\u015fl\u00fc Ak\u0131ll\u0131 D\u00f6nebilen Ev Kameras\u0131 Amp\u00fcl Kamera"},"content":{"rendered":"<p>360 derece d\u00f6nebilme kabiliyeti, \u00f6zellikle geni\u015f alanlar, \u00e7ok say\u0131da odas\u0131 olan evler, i\u015f yerleri veya bah\u00e7eler i\u00e7in b\u00fcy\u00fck avantaj sa\u011flar. Hareketli ba\u015fl\u0131\u011f\u0131 sayesinde kameray\u0131 bulundu\u011funuz yerden kontrol ederek her noktay\u0131 izleyebilirsiniz. Bu sayede, evinizde veya i\u015f yerinizde herhangi bir alan\u0131n g\u00fcvenlik a\u00e7\u0131s\u0131ndan g\u00f6zden ka\u00e7mas\u0131n\u0131 \u00f6nleyerek huzurlu bir ortam sa\u011flayabilirsiniz.<\/p>\n","protected":false},"excerpt":{"rendered":"<p>360 derece d\u00f6nebilme kabiliyeti, \u00f6zellikle geni\u015f alanlar, \u00e7ok say\u0131da odas\u0131 olan evler, i\u015f yerleri veya bah\u00e7eler i\u00e7in b\u00fcy\u00fck avantaj sa\u011flar. Hareketli ba\u015fl\u0131\u011f\u0131 sayesinde kameray\u0131 bulundu\u011funuz yerden kontrol ederek her noktay\u0131 izleyebilirsiniz. Bu sayede, evinizde veya i\u015f yerinizde herhangi bir alan\u0131n g\u00fcvenlik a\u00e7\u0131s\u0131ndan g\u00f6zden ka\u00e7mas\u0131n\u0131 \u00f6nleyerek huzurlu bir ortam sa\u011flayabilirsiniz.<\/p>\n","protected":false},"featured_media":109342,"comment_status":"open","ping_status":"closed","template":"","meta":{"_kad_post_transparent":"","_kad_post_title":"","_kad_post_layout":"","_kad_post_sidebar_id":"","_kad_post_content_style":"","_kad_post_vertical_padding":"","_kad_post_feature":"","_kad_post_feature_position":"","_kad_post_header":false,"_kad_post_footer":false,"_kad_post_classname":""},"product_brand":[],"product_cat":[14927],"product_tag":[],"class_list":{"0":"post-109343","1":"product","2":"type-product","3":"status-publish","4":"has-post-thumbnail","6":"product_cat-akilli-kamera-akilli-kamera","8":"first","9":"instock","10":"purchasable","11":"product-type-simple","12":"entry","13":"content-bg","14":"loop-entry"},"_links":{"self":[{"href":"https:\/\/www.hediyepazar.com\/index.php?rest_route=\/wp\/v2\/product\/109343","targetHints":{"allow":["GET"]}}],"collection":[{"href":"https:\/\/www.hediyepazar.com\/index.php?rest_route=\/wp\/v2\/product"}],"about":[{"href":"https:\/\/www.hediyepazar.com\/index.php?rest_route=\/wp\/v2\/types\/product"}],"replies":[{"embeddable":true,"href":"https:\/\/www.hediyepazar.com\/index.php?rest_route=%2Fwp%2Fv2%2Fcomments&post=109343"}],"wp:featuredmedia":[{"embeddable":true,"href":"https:\/\/www.hediyepazar.com\/index.php?rest_route=\/wp\/v2\/media\/109342"}],"wp:attachment":[{"href":"https:\/\/www.hediyepazar.com\/index.php?rest_route=%2Fwp%2Fv2%2Fmedia&parent=109343"}],"wp:term":[{"taxonomy":"product_brand","embeddable":true,"href":"https:\/\/www.hediyepazar.com\/index.php?rest_route=%2Fwp%2Fv2%2Fproduct_brand&post=109343"},{"taxonomy":"product_cat","embeddable":true,"href":"https:\/\/www.hediyepazar.com\/index.php?rest_route=%2Fwp%2Fv2%2Fproduct_cat&post=109343"},{"taxonomy":"product_tag","embeddable":true,"href":"https:\/\/www.hediyepazar.com\/index.php?rest_route=%2Fwp%2Fv2%2Fproduct_tag&post=109343"}],"curies":[{"name":"wp","href":"https:\/\/api.w.org\/{rel}","templated":true}]}}