{"id":109355,"date":"2026-05-05T02:12:18","date_gmt":"2026-05-05T05:12:18","guid":{"rendered":"https:\/\/www.hediyepazar.com\/?product=nostaljik-radyo-bluetooth-baglantili-muzik-kutusu-ahsap"},"modified":"2026-05-05T02:12:18","modified_gmt":"2026-05-05T05:12:18","slug":"nostaljik-radyo-bluetooth-baglantili-muzik-kutusu-ahsap","status":"publish","type":"product","link":"https:\/\/www.hediyepazar.com\/?product=nostaljik-radyo-bluetooth-baglantili-muzik-kutusu-ahsap","title":{"rendered":"Nostaljik Radyo Bluetooth Ba\u011flant\u0131l\u0131 M\u00fczik Kutusu Ah\u015fap"},"content":{"rendered":"<p>Bu Bluetooth\u2019lu LED\u2019li nostaljik g\u00f6r\u00fcn\u00fcml\u00fc m\u00fczik kutusu, klasik tasar\u0131m\u0131 modern teknolojilerle birle\u015ftirerek hem estetik hem de i\u015flevsel bir \u00fcr\u00fcn sunar. Ah\u015fap dokulu d\u0131\u015f y\u00fczeyi ve vintage detaylar\u0131 sayesinde bulundu\u011fu ortama nostaljik bir hava katarken, geli\u015fmi\u015f ses \u00f6zellikleriyle m\u00fczik keyfinizi en \u00fcst seviyeye \u00e7\u0131kar\u0131r. Evde, i\u015f yerinde veya \u00f6zel anlar\u0131n\u0131zda ge\u00e7mi\u015fin b\u00fcy\u00fcs\u00fcn\u00fc ya\u015farken modern m\u00fczik deneyiminden \u00f6d\u00fcn vermeden keyifle dinleme yapabilirsiniz.<\/p>\n","protected":false},"excerpt":{"rendered":"<p>Bu Bluetooth\u2019lu LED\u2019li nostaljik g\u00f6r\u00fcn\u00fcml\u00fc m\u00fczik kutusu, klasik tasar\u0131m\u0131 modern teknolojilerle birle\u015ftirerek hem estetik hem de i\u015flevsel bir \u00fcr\u00fcn sunar. Ah\u015fap dokulu d\u0131\u015f y\u00fczeyi ve vintage detaylar\u0131 sayesinde bulundu\u011fu ortama nostaljik bir hava katarken, geli\u015fmi\u015f ses \u00f6zellikleriyle m\u00fczik keyfinizi en \u00fcst seviyeye \u00e7\u0131kar\u0131r. Evde, i\u015f yerinde veya \u00f6zel anlar\u0131n\u0131zda ge\u00e7mi\u015fin b\u00fcy\u00fcs\u00fcn\u00fc ya\u015farken modern m\u00fczik deneyiminden&#8230;<\/p>\n","protected":false},"featured_media":109354,"comment_status":"open","ping_status":"closed","template":"","meta":{"_kad_post_transparent":"","_kad_post_title":"","_kad_post_layout":"","_kad_post_sidebar_id":"","_kad_post_content_style":"","_kad_post_vertical_padding":"","_kad_post_feature":"","_kad_post_feature_position":"","_kad_post_header":false,"_kad_post_footer":false,"_kad_post_classname":""},"product_brand":[],"product_cat":[14929],"product_tag":[],"class_list":{"0":"post-109355","1":"product","2":"type-product","3":"status-publish","4":"has-post-thumbnail","6":"product_cat-muzik-sistemi-muzik-sistemi","8":"first","9":"instock","10":"purchasable","11":"product-type-simple","12":"entry","13":"content-bg","14":"loop-entry"},"_links":{"self":[{"href":"https:\/\/www.hediyepazar.com\/index.php?rest_route=\/wp\/v2\/product\/109355","targetHints":{"allow":["GET"]}}],"collection":[{"href":"https:\/\/www.hediyepazar.com\/index.php?rest_route=\/wp\/v2\/product"}],"about":[{"href":"https:\/\/www.hediyepazar.com\/index.php?rest_route=\/wp\/v2\/types\/product"}],"replies":[{"embeddable":true,"href":"https:\/\/www.hediyepazar.com\/index.php?rest_route=%2Fwp%2Fv2%2Fcomments&post=109355"}],"wp:featuredmedia":[{"embeddable":true,"href":"https:\/\/www.hediyepazar.com\/index.php?rest_route=\/wp\/v2\/media\/109354"}],"wp:attachment":[{"href":"https:\/\/www.hediyepazar.com\/index.php?rest_route=%2Fwp%2Fv2%2Fmedia&parent=109355"}],"wp:term":[{"taxonomy":"product_brand","embeddable":true,"href":"https:\/\/www.hediyepazar.com\/index.php?rest_route=%2Fwp%2Fv2%2Fproduct_brand&post=109355"},{"taxonomy":"product_cat","embeddable":true,"href":"https:\/\/www.hediyepazar.com\/index.php?rest_route=%2Fwp%2Fv2%2Fproduct_cat&post=109355"},{"taxonomy":"product_tag","embeddable":true,"href":"https:\/\/www.hediyepazar.com\/index.php?rest_route=%2Fwp%2Fv2%2Fproduct_tag&post=109355"}],"curies":[{"name":"wp","href":"https:\/\/api.w.org\/{rel}","templated":true}]}}