{"id":109359,"date":"2026-05-05T02:13:15","date_gmt":"2026-05-05T05:13:15","guid":{"rendered":"https:\/\/www.hediyepazar.com\/?product=donebilen-musluk"},"modified":"2026-05-05T02:13:15","modified_gmt":"2026-05-05T05:13:15","slug":"donebilen-musluk","status":"publish","type":"product","link":"https:\/\/www.hediyepazar.com\/?product=donebilen-musluk","title":{"rendered":"D\u00d6NEB\u0130LEN MUSLUK"},"content":{"rendered":"<p>Musluk ucunun \u00f6zel su ak\u0131\u015f tasar\u0131m\u0131, g\u00fc\u00e7l\u00fc ve e\u015fit su da\u011f\u0131l\u0131m\u0131 sa\u011flayarak inat\u00e7\u0131 kirlerin kolayca temizlenmesine yard\u0131mc\u0131 olur. Lavabonuzun her noktas\u0131na ula\u015farak suyun her yeri etkili bir \u015fekilde temizlemesini m\u00fcmk\u00fcn k\u0131lar. Bu sayede hem hijyen sa\u011flan\u0131r hem de suyu daha verimli kullanarak israf\u0131n \u00f6n\u00fcne ge\u00e7ilir. \u00d6zellikle mutfakta bula\u015f\u0131k y\u0131karken veya y\u00fczeyleri temizlerken daha az eforla maksimum hijyen elde edebilirsiniz.<\/p>\n","protected":false},"excerpt":{"rendered":"<p>Musluk ucunun \u00f6zel su ak\u0131\u015f tasar\u0131m\u0131, g\u00fc\u00e7l\u00fc ve e\u015fit su da\u011f\u0131l\u0131m\u0131 sa\u011flayarak inat\u00e7\u0131 kirlerin kolayca temizlenmesine yard\u0131mc\u0131 olur. Lavabonuzun her noktas\u0131na ula\u015farak suyun her yeri etkili bir \u015fekilde temizlemesini m\u00fcmk\u00fcn k\u0131lar. Bu sayede hem hijyen sa\u011flan\u0131r hem de suyu daha verimli kullanarak israf\u0131n \u00f6n\u00fcne ge\u00e7ilir. \u00d6zellikle mutfakta bula\u015f\u0131k y\u0131karken veya y\u00fczeyleri temizlerken daha az eforla&#8230;<\/p>\n","protected":false},"featured_media":109358,"comment_status":"open","ping_status":"closed","template":"","meta":{"_kad_post_transparent":"","_kad_post_title":"","_kad_post_layout":"","_kad_post_sidebar_id":"","_kad_post_content_style":"","_kad_post_vertical_padding":"","_kad_post_feature":"","_kad_post_feature_position":"","_kad_post_header":false,"_kad_post_footer":false,"_kad_post_classname":""},"product_brand":[],"product_cat":[14931],"product_tag":[],"class_list":{"0":"post-109359","1":"product","2":"type-product","3":"status-publish","4":"has-post-thumbnail","6":"product_cat-musluk-basligi-musluk-basligi","8":"first","9":"instock","10":"purchasable","11":"product-type-simple","12":"entry","13":"content-bg","14":"loop-entry"},"_links":{"self":[{"href":"https:\/\/www.hediyepazar.com\/index.php?rest_route=\/wp\/v2\/product\/109359","targetHints":{"allow":["GET"]}}],"collection":[{"href":"https:\/\/www.hediyepazar.com\/index.php?rest_route=\/wp\/v2\/product"}],"about":[{"href":"https:\/\/www.hediyepazar.com\/index.php?rest_route=\/wp\/v2\/types\/product"}],"replies":[{"embeddable":true,"href":"https:\/\/www.hediyepazar.com\/index.php?rest_route=%2Fwp%2Fv2%2Fcomments&post=109359"}],"wp:featuredmedia":[{"embeddable":true,"href":"https:\/\/www.hediyepazar.com\/index.php?rest_route=\/wp\/v2\/media\/109358"}],"wp:attachment":[{"href":"https:\/\/www.hediyepazar.com\/index.php?rest_route=%2Fwp%2Fv2%2Fmedia&parent=109359"}],"wp:term":[{"taxonomy":"product_brand","embeddable":true,"href":"https:\/\/www.hediyepazar.com\/index.php?rest_route=%2Fwp%2Fv2%2Fproduct_brand&post=109359"},{"taxonomy":"product_cat","embeddable":true,"href":"https:\/\/www.hediyepazar.com\/index.php?rest_route=%2Fwp%2Fv2%2Fproduct_cat&post=109359"},{"taxonomy":"product_tag","embeddable":true,"href":"https:\/\/www.hediyepazar.com\/index.php?rest_route=%2Fwp%2Fv2%2Fproduct_tag&post=109359"}],"curies":[{"name":"wp","href":"https:\/\/api.w.org\/{rel}","templated":true}]}}