{"id":109365,"date":"2026-05-05T02:15:06","date_gmt":"2026-05-05T05:15:06","guid":{"rendered":"https:\/\/www.hediyepazar.com\/?product=dondurulebilir-musluk-mutfak-banyo-musluk-ucu-basligi-4-filtreli"},"modified":"2026-05-05T02:15:06","modified_gmt":"2026-05-05T05:15:06","slug":"dondurulebilir-musluk-mutfak-banyo-musluk-ucu-basligi-4-filtreli","status":"publish","type":"product","link":"https:\/\/www.hediyepazar.com\/?product=dondurulebilir-musluk-mutfak-banyo-musluk-ucu-basligi-4-filtreli","title":{"rendered":"D\u00f6nd\u00fcr\u00fclebilir Musluk Mutfak Banyo Musluk Ucu Ba\u015fl\u0131\u011f\u0131 4 Filtreli"},"content":{"rendered":"<p>Musluk Ucu, 1080 derece d\u00f6n\u00fc\u015f a\u00e7\u0131s\u0131 sayesinde suyu lavabonuzun her k\u00f6\u015fesine ula\u015ft\u0131rarak kullan\u0131m kolayl\u0131\u011f\u0131 sa\u011flar. Geleneksel musluk u\u00e7lar\u0131n\u0131n aksine, geni\u015f hareket kabiliyeti sunarak suyun istenilen y\u00f6nlere y\u00f6nlendirilmesini m\u00fcmk\u00fcn k\u0131lar. Bu \u00f6zellik, \u00f6zellikle b\u00fcy\u00fck lavabolarda veya derin temizlik gerektiren alanlarda suyun daha etkili bir \u015fekilde yay\u0131lmas\u0131n\u0131 sa\u011flar. B\u00f6ylece lavabo temizli\u011finden g\u00fcnl\u00fck el-y\u00fcz y\u0131kamaya kadar bir\u00e7ok kullan\u0131m alan\u0131nda konforlu bir deneyim sunar.<\/p>\n","protected":false},"excerpt":{"rendered":"<p>Musluk Ucu, 1080 derece d\u00f6n\u00fc\u015f a\u00e7\u0131s\u0131 sayesinde suyu lavabonuzun her k\u00f6\u015fesine ula\u015ft\u0131rarak kullan\u0131m kolayl\u0131\u011f\u0131 sa\u011flar. Geleneksel musluk u\u00e7lar\u0131n\u0131n aksine, geni\u015f hareket kabiliyeti sunarak suyun istenilen y\u00f6nlere y\u00f6nlendirilmesini m\u00fcmk\u00fcn k\u0131lar. Bu \u00f6zellik, \u00f6zellikle b\u00fcy\u00fck lavabolarda veya derin temizlik gerektiren alanlarda suyun daha etkili bir \u015fekilde yay\u0131lmas\u0131n\u0131 sa\u011flar. B\u00f6ylece lavabo temizli\u011finden g\u00fcnl\u00fck el-y\u00fcz y\u0131kamaya kadar bir\u00e7ok kullan\u0131m&#8230;<\/p>\n","protected":false},"featured_media":109364,"comment_status":"open","ping_status":"closed","template":"","meta":{"_kad_post_transparent":"","_kad_post_title":"","_kad_post_layout":"","_kad_post_sidebar_id":"","_kad_post_content_style":"","_kad_post_vertical_padding":"","_kad_post_feature":"","_kad_post_feature_position":"","_kad_post_header":false,"_kad_post_footer":false,"_kad_post_classname":""},"product_brand":[],"product_cat":[14931],"product_tag":[],"class_list":{"0":"post-109365","1":"product","2":"type-product","3":"status-publish","4":"has-post-thumbnail","6":"product_cat-musluk-basligi-musluk-basligi","8":"first","9":"instock","10":"purchasable","11":"product-type-simple","12":"entry","13":"content-bg","14":"loop-entry"},"_links":{"self":[{"href":"https:\/\/www.hediyepazar.com\/index.php?rest_route=\/wp\/v2\/product\/109365","targetHints":{"allow":["GET"]}}],"collection":[{"href":"https:\/\/www.hediyepazar.com\/index.php?rest_route=\/wp\/v2\/product"}],"about":[{"href":"https:\/\/www.hediyepazar.com\/index.php?rest_route=\/wp\/v2\/types\/product"}],"replies":[{"embeddable":true,"href":"https:\/\/www.hediyepazar.com\/index.php?rest_route=%2Fwp%2Fv2%2Fcomments&post=109365"}],"wp:featuredmedia":[{"embeddable":true,"href":"https:\/\/www.hediyepazar.com\/index.php?rest_route=\/wp\/v2\/media\/109364"}],"wp:attachment":[{"href":"https:\/\/www.hediyepazar.com\/index.php?rest_route=%2Fwp%2Fv2%2Fmedia&parent=109365"}],"wp:term":[{"taxonomy":"product_brand","embeddable":true,"href":"https:\/\/www.hediyepazar.com\/index.php?rest_route=%2Fwp%2Fv2%2Fproduct_brand&post=109365"},{"taxonomy":"product_cat","embeddable":true,"href":"https:\/\/www.hediyepazar.com\/index.php?rest_route=%2Fwp%2Fv2%2Fproduct_cat&post=109365"},{"taxonomy":"product_tag","embeddable":true,"href":"https:\/\/www.hediyepazar.com\/index.php?rest_route=%2Fwp%2Fv2%2Fproduct_tag&post=109365"}],"curies":[{"name":"wp","href":"https:\/\/api.w.org\/{rel}","templated":true}]}}