{"id":109369,"date":"2026-05-05T02:15:14","date_gmt":"2026-05-05T05:15:14","guid":{"rendered":"https:\/\/www.hediyepazar.com\/?product=yeni-nesil-masaj-etkili-dus-basligi-su-basincli-tazyikli-ozel"},"modified":"2026-05-05T02:15:14","modified_gmt":"2026-05-05T05:15:14","slug":"yeni-nesil-masaj-etkili-dus-basligi-su-basincli-tazyikli-ozel","status":"publish","type":"product","link":"https:\/\/www.hediyepazar.com\/?product=yeni-nesil-masaj-etkili-dus-basligi-su-basincli-tazyikli-ozel","title":{"rendered":"Yeni Nesil Masaj Etkili Du\u015f Ba\u015fl\u0131\u011f\u0131 Su Bas\u0131n\u00e7l\u0131 Tazyikli \u00d6zel"},"content":{"rendered":"<p>Du\u015f ba\u015fl\u0131\u011f\u0131nda bulunan ya\u011fmur modu, suyun yumu\u015fak ve nazik bir \u015fekilde v\u00fccudunuza akmas\u0131n\u0131 sa\u011flayarak spa benzeri bir du\u015f deneyimi ya\u015fat\u0131r. Stresli bir g\u00fcn\u00fcn ard\u0131ndan kendinizi \u015f\u0131martmak ve rahatlat\u0131c\u0131 bir banyo keyfi yapmak i\u00e7in m\u00fckemmel bir se\u00e7enektir. Bu \u00f6zellik, suyun v\u00fccudunuza nazik\u00e7e temas etmesini sa\u011flayarak, kas gev\u015fetici ve sakinle\u015ftirici bir etki yarat\u0131r.<\/p>\n","protected":false},"excerpt":{"rendered":"<p>Du\u015f ba\u015fl\u0131\u011f\u0131nda bulunan ya\u011fmur modu, suyun yumu\u015fak ve nazik bir \u015fekilde v\u00fccudunuza akmas\u0131n\u0131 sa\u011flayarak spa benzeri bir du\u015f deneyimi ya\u015fat\u0131r. Stresli bir g\u00fcn\u00fcn ard\u0131ndan kendinizi \u015f\u0131martmak ve rahatlat\u0131c\u0131 bir banyo keyfi yapmak i\u00e7in m\u00fckemmel bir se\u00e7enektir. Bu \u00f6zellik, suyun v\u00fccudunuza nazik\u00e7e temas etmesini sa\u011flayarak, kas gev\u015fetici ve sakinle\u015ftirici bir etki yarat\u0131r.<\/p>\n","protected":false},"featured_media":109368,"comment_status":"open","ping_status":"closed","template":"","meta":{"_kad_post_transparent":"","_kad_post_title":"","_kad_post_layout":"","_kad_post_sidebar_id":"","_kad_post_content_style":"","_kad_post_vertical_padding":"","_kad_post_feature":"","_kad_post_feature_position":"","_kad_post_header":false,"_kad_post_footer":false,"_kad_post_classname":""},"product_brand":[],"product_cat":[14915],"product_tag":[],"class_list":{"0":"post-109369","1":"product","2":"type-product","3":"status-publish","4":"has-post-thumbnail","6":"product_cat-dus-basligi-dus-basligi","8":"first","9":"instock","10":"purchasable","11":"product-type-simple","12":"entry","13":"content-bg","14":"loop-entry"},"_links":{"self":[{"href":"https:\/\/www.hediyepazar.com\/index.php?rest_route=\/wp\/v2\/product\/109369","targetHints":{"allow":["GET"]}}],"collection":[{"href":"https:\/\/www.hediyepazar.com\/index.php?rest_route=\/wp\/v2\/product"}],"about":[{"href":"https:\/\/www.hediyepazar.com\/index.php?rest_route=\/wp\/v2\/types\/product"}],"replies":[{"embeddable":true,"href":"https:\/\/www.hediyepazar.com\/index.php?rest_route=%2Fwp%2Fv2%2Fcomments&post=109369"}],"wp:featuredmedia":[{"embeddable":true,"href":"https:\/\/www.hediyepazar.com\/index.php?rest_route=\/wp\/v2\/media\/109368"}],"wp:attachment":[{"href":"https:\/\/www.hediyepazar.com\/index.php?rest_route=%2Fwp%2Fv2%2Fmedia&parent=109369"}],"wp:term":[{"taxonomy":"product_brand","embeddable":true,"href":"https:\/\/www.hediyepazar.com\/index.php?rest_route=%2Fwp%2Fv2%2Fproduct_brand&post=109369"},{"taxonomy":"product_cat","embeddable":true,"href":"https:\/\/www.hediyepazar.com\/index.php?rest_route=%2Fwp%2Fv2%2Fproduct_cat&post=109369"},{"taxonomy":"product_tag","embeddable":true,"href":"https:\/\/www.hediyepazar.com\/index.php?rest_route=%2Fwp%2Fv2%2Fproduct_tag&post=109369"}],"curies":[{"name":"wp","href":"https:\/\/api.w.org\/{rel}","templated":true}]}}