{"id":109371,"date":"2026-05-05T02:15:20","date_gmt":"2026-05-05T05:15:20","guid":{"rendered":"https:\/\/www.hediyepazar.com\/?product=10-metre-gun-isigi-led-isik"},"modified":"2026-05-05T02:15:20","modified_gmt":"2026-05-05T05:15:20","slug":"10-metre-gun-isigi-led-isik","status":"publish","type":"product","link":"https:\/\/www.hediyepazar.com\/?product=10-metre-gun-isigi-led-isik","title":{"rendered":"10 METRE G\u00dcN I\u015eI\u011eI LED I\u015eIK"},"content":{"rendered":"<p>\u00dcr\u00fcn, fi\u015fe tak\u0131larak \u00e7al\u0131\u015ft\u0131r\u0131lan pratik bir yap\u0131ya sahiptir ve ekstra pil veya batarya gerektirmez. Y\u00fcksek kaliteli kablo yap\u0131s\u0131, uzun s\u00fcreli kullan\u0131m i\u00e7in dayan\u0131kl\u0131l\u0131k sa\u011flar ve \u0131\u015f\u0131klar\u0131n g\u00fcvenli bir \u015fekilde \u00e7al\u0131\u015fmas\u0131n\u0131 destekler. LED teknolojisi sayesinde d\u00fc\u015f\u00fck enerji t\u00fcketimi ile uzun \u00f6m\u00fcrl\u00fc kullan\u0131m sunar. Sadece i\u00e7 mekan kullan\u0131m\u0131 i\u00e7in tasarlanm\u0131\u015ft\u0131r, b\u00f6ylece evinizde veya kapal\u0131 alanlardaki dekorasyon projelerinizde g\u00fcvenle kullanabilirsiniz.<\/p>\n","protected":false},"excerpt":{"rendered":"<p>\u00dcr\u00fcn, fi\u015fe tak\u0131larak \u00e7al\u0131\u015ft\u0131r\u0131lan pratik bir yap\u0131ya sahiptir ve ekstra pil veya batarya gerektirmez. Y\u00fcksek kaliteli kablo yap\u0131s\u0131, uzun s\u00fcreli kullan\u0131m i\u00e7in dayan\u0131kl\u0131l\u0131k sa\u011flar ve \u0131\u015f\u0131klar\u0131n g\u00fcvenli bir \u015fekilde \u00e7al\u0131\u015fmas\u0131n\u0131 destekler. LED teknolojisi sayesinde d\u00fc\u015f\u00fck enerji t\u00fcketimi ile uzun \u00f6m\u00fcrl\u00fc kullan\u0131m sunar. Sadece i\u00e7 mekan kullan\u0131m\u0131 i\u00e7in tasarlanm\u0131\u015ft\u0131r, b\u00f6ylece evinizde veya kapal\u0131 alanlardaki dekorasyon projelerinizde&#8230;<\/p>\n","protected":false},"featured_media":109370,"comment_status":"open","ping_status":"closed","template":"","meta":{"_kad_post_transparent":"","_kad_post_title":"","_kad_post_layout":"","_kad_post_sidebar_id":"","_kad_post_content_style":"","_kad_post_vertical_padding":"","_kad_post_feature":"","_kad_post_feature_position":"","_kad_post_header":false,"_kad_post_footer":false,"_kad_post_classname":""},"product_brand":[],"product_cat":[14933],"product_tag":[],"class_list":{"0":"post-109371","1":"product","2":"type-product","3":"status-publish","4":"has-post-thumbnail","6":"product_cat-led-isik-led-isik","8":"first","9":"instock","10":"purchasable","11":"product-type-simple","12":"entry","13":"content-bg","14":"loop-entry"},"_links":{"self":[{"href":"https:\/\/www.hediyepazar.com\/index.php?rest_route=\/wp\/v2\/product\/109371","targetHints":{"allow":["GET"]}}],"collection":[{"href":"https:\/\/www.hediyepazar.com\/index.php?rest_route=\/wp\/v2\/product"}],"about":[{"href":"https:\/\/www.hediyepazar.com\/index.php?rest_route=\/wp\/v2\/types\/product"}],"replies":[{"embeddable":true,"href":"https:\/\/www.hediyepazar.com\/index.php?rest_route=%2Fwp%2Fv2%2Fcomments&post=109371"}],"wp:featuredmedia":[{"embeddable":true,"href":"https:\/\/www.hediyepazar.com\/index.php?rest_route=\/wp\/v2\/media\/109370"}],"wp:attachment":[{"href":"https:\/\/www.hediyepazar.com\/index.php?rest_route=%2Fwp%2Fv2%2Fmedia&parent=109371"}],"wp:term":[{"taxonomy":"product_brand","embeddable":true,"href":"https:\/\/www.hediyepazar.com\/index.php?rest_route=%2Fwp%2Fv2%2Fproduct_brand&post=109371"},{"taxonomy":"product_cat","embeddable":true,"href":"https:\/\/www.hediyepazar.com\/index.php?rest_route=%2Fwp%2Fv2%2Fproduct_cat&post=109371"},{"taxonomy":"product_tag","embeddable":true,"href":"https:\/\/www.hediyepazar.com\/index.php?rest_route=%2Fwp%2Fv2%2Fproduct_tag&post=109371"}],"curies":[{"name":"wp","href":"https:\/\/api.w.org\/{rel}","templated":true}]}}