{"id":109377,"date":"2026-05-05T02:17:09","date_gmt":"2026-05-05T05:17:09","guid":{"rendered":"https:\/\/www.hediyepazar.com\/?product=10-metre-led-isik-gun-isigi-her-ortama-uygun-ampullu"},"modified":"2026-05-05T02:17:09","modified_gmt":"2026-05-05T05:17:09","slug":"10-metre-led-isik-gun-isigi-her-ortama-uygun-ampullu","status":"publish","type":"product","link":"https:\/\/www.hediyepazar.com\/?product=10-metre-led-isik-gun-isigi-her-ortama-uygun-ampullu","title":{"rendered":"10 Metre Led I\u015f\u0131k G\u00fcn I\u015f\u0131\u011f\u0131 Her Ortama Uygun Amp\u00fcll\u00fc"},"content":{"rendered":"<p>Evinizi, ofisinizi veya \u00f6zel g\u00fcnlerinizi ayd\u0131nlatmak i\u00e7in tasarlanan 10 metre uzunlu\u011fundaki g\u00fcn \u0131\u015f\u0131\u011f\u0131 LED \u0131\u015f\u0131klar\u0131, dekorasyonunuza zarif bir dokunu\u015f katar. Yumu\u015fak ve s\u0131cak g\u00fcn \u0131\u015f\u0131\u011f\u0131 rengi, bulundu\u011fu ortam\u0131 daha samimi ve huzurlu bir hale getirir. 100 adet y\u00fcksek kaliteli LED ampul\u00fc sayesinde yeterli ayd\u0131nlatma sa\u011flar ve enerjik, canl\u0131 bir atmosfer olu\u015fturur. \u00d6zellikle yatak odas\u0131, oturma odas\u0131, vitrin dekorasyonu veya etkinlik s\u00fcslemelerinde \u015f\u0131k bir tamamlay\u0131c\u0131d\u0131r.<\/p>\n","protected":false},"excerpt":{"rendered":"<p>Evinizi, ofisinizi veya \u00f6zel g\u00fcnlerinizi ayd\u0131nlatmak i\u00e7in tasarlanan 10 metre uzunlu\u011fundaki g\u00fcn \u0131\u015f\u0131\u011f\u0131 LED \u0131\u015f\u0131klar\u0131, dekorasyonunuza zarif bir dokunu\u015f katar. Yumu\u015fak ve s\u0131cak g\u00fcn \u0131\u015f\u0131\u011f\u0131 rengi, bulundu\u011fu ortam\u0131 daha samimi ve huzurlu bir hale getirir. 100 adet y\u00fcksek kaliteli LED ampul\u00fc sayesinde yeterli ayd\u0131nlatma sa\u011flar ve enerjik, canl\u0131 bir atmosfer olu\u015fturur. \u00d6zellikle yatak odas\u0131, oturma&#8230;<\/p>\n","protected":false},"featured_media":109376,"comment_status":"open","ping_status":"closed","template":"","meta":{"_kad_post_transparent":"","_kad_post_title":"","_kad_post_layout":"","_kad_post_sidebar_id":"","_kad_post_content_style":"","_kad_post_vertical_padding":"","_kad_post_feature":"","_kad_post_feature_position":"","_kad_post_header":false,"_kad_post_footer":false,"_kad_post_classname":""},"product_brand":[],"product_cat":[14933],"product_tag":[],"class_list":{"0":"post-109377","1":"product","2":"type-product","3":"status-publish","4":"has-post-thumbnail","6":"product_cat-led-isik-led-isik","8":"first","9":"instock","10":"purchasable","11":"product-type-simple","12":"entry","13":"content-bg","14":"loop-entry"},"_links":{"self":[{"href":"https:\/\/www.hediyepazar.com\/index.php?rest_route=\/wp\/v2\/product\/109377","targetHints":{"allow":["GET"]}}],"collection":[{"href":"https:\/\/www.hediyepazar.com\/index.php?rest_route=\/wp\/v2\/product"}],"about":[{"href":"https:\/\/www.hediyepazar.com\/index.php?rest_route=\/wp\/v2\/types\/product"}],"replies":[{"embeddable":true,"href":"https:\/\/www.hediyepazar.com\/index.php?rest_route=%2Fwp%2Fv2%2Fcomments&post=109377"}],"wp:featuredmedia":[{"embeddable":true,"href":"https:\/\/www.hediyepazar.com\/index.php?rest_route=\/wp\/v2\/media\/109376"}],"wp:attachment":[{"href":"https:\/\/www.hediyepazar.com\/index.php?rest_route=%2Fwp%2Fv2%2Fmedia&parent=109377"}],"wp:term":[{"taxonomy":"product_brand","embeddable":true,"href":"https:\/\/www.hediyepazar.com\/index.php?rest_route=%2Fwp%2Fv2%2Fproduct_brand&post=109377"},{"taxonomy":"product_cat","embeddable":true,"href":"https:\/\/www.hediyepazar.com\/index.php?rest_route=%2Fwp%2Fv2%2Fproduct_cat&post=109377"},{"taxonomy":"product_tag","embeddable":true,"href":"https:\/\/www.hediyepazar.com\/index.php?rest_route=%2Fwp%2Fv2%2Fproduct_tag&post=109377"}],"curies":[{"name":"wp","href":"https:\/\/api.w.org\/{rel}","templated":true}]}}