{"id":109385,"date":"2026-05-05T02:18:16","date_gmt":"2026-05-05T05:18:16","guid":{"rendered":"https:\/\/www.hediyepazar.com\/?product=akilli-saat-amoled-ekran-bluetooth-baglantili-saglik-takibi-gps-uyumlu"},"modified":"2026-05-05T02:18:16","modified_gmt":"2026-05-05T05:18:16","slug":"akilli-saat-amoled-ekran-bluetooth-baglantili-saglik-takibi-gps-uyumlu","status":"publish","type":"product","link":"https:\/\/www.hediyepazar.com\/?product=akilli-saat-amoled-ekran-bluetooth-baglantili-saglik-takibi-gps-uyumlu","title":{"rendered":"Ak\u0131ll\u0131 Saat Amoled Ekran Bluetooth Ba\u011flant\u0131l\u0131 Sa\u011fl\u0131k Takibi GPS Uyumlu"},"content":{"rendered":"<p>Bu ak\u0131ll\u0131 saat, g\u00fcnl\u00fck ya\u015fam\u0131n\u0131z\u0131 kolayla\u015ft\u0131ran geli\u015fmi\u015f ak\u0131ll\u0131 \u00f6zellikler, \u00fcst\u00fcn sa\u011fl\u0131k takibi ve dayan\u0131kl\u0131 tasar\u0131m ile \u00f6ne \u00e7\u0131k\u0131yor. 1.43 in\u00e7 AMOLED ekran\u0131, y\u00fcksek \u00e7\u00f6z\u00fcn\u00fcrl\u00fckl\u00fc ve parlak yap\u0131s\u0131yla g\u00fcn \u0131\u015f\u0131\u011f\u0131nda bile net bir g\u00f6r\u00fcnt\u00fc sunarken, \u015f\u0131k ve modern tasar\u0131m\u0131 sayesinde her ortamda tarz\u0131n\u0131z\u0131 tamamlar. Bluetooth arama \u00f6zelli\u011fi, telefonunuza dokunmadan gelen \u00e7a\u011fr\u0131lar\u0131 yan\u0131tlaman\u0131za olanak tan\u0131rken, m\u00fczik kontrol\u00fc, hava durumu g\u00fcncellemeleri ve entegre yapay zeka asistan\u0131 gibi i\u015flevlerle g\u00fcnl\u00fck rutininizi daha pratik hale getirir. Ak\u0131ll\u0131 bildirim deste\u011fi sayesinde mesajlar\u0131n\u0131z\u0131 ve sosyal medya bildirimlerinizi an\u0131nda g\u00f6r\u00fcnt\u00fcleyerek \u00f6nemli anlar\u0131 ka\u00e7\u0131rmazs\u0131n\u0131z.<\/p>\n","protected":false},"excerpt":{"rendered":"<p>Bu ak\u0131ll\u0131 saat, g\u00fcnl\u00fck ya\u015fam\u0131n\u0131z\u0131 kolayla\u015ft\u0131ran geli\u015fmi\u015f ak\u0131ll\u0131 \u00f6zellikler, \u00fcst\u00fcn sa\u011fl\u0131k takibi ve dayan\u0131kl\u0131 tasar\u0131m ile \u00f6ne \u00e7\u0131k\u0131yor. 1.43 in\u00e7 AMOLED ekran\u0131, y\u00fcksek \u00e7\u00f6z\u00fcn\u00fcrl\u00fckl\u00fc ve parlak yap\u0131s\u0131yla g\u00fcn \u0131\u015f\u0131\u011f\u0131nda bile net bir g\u00f6r\u00fcnt\u00fc sunarken, \u015f\u0131k ve modern tasar\u0131m\u0131 sayesinde her ortamda tarz\u0131n\u0131z\u0131 tamamlar. Bluetooth arama \u00f6zelli\u011fi, telefonunuza dokunmadan gelen \u00e7a\u011fr\u0131lar\u0131 yan\u0131tlaman\u0131za olanak tan\u0131rken, m\u00fczik kontrol\u00fc,&#8230;<\/p>\n","protected":false},"featured_media":109384,"comment_status":"open","ping_status":"closed","template":"","meta":{"_kad_post_transparent":"","_kad_post_title":"","_kad_post_layout":"","_kad_post_sidebar_id":"","_kad_post_content_style":"","_kad_post_vertical_padding":"","_kad_post_feature":"","_kad_post_feature_position":"","_kad_post_header":false,"_kad_post_footer":false,"_kad_post_classname":""},"product_brand":[],"product_cat":[14935],"product_tag":[],"class_list":{"0":"post-109385","1":"product","2":"type-product","3":"status-publish","4":"has-post-thumbnail","6":"product_cat-akilli-saatler-akilli-saatler","8":"first","9":"instock","10":"purchasable","11":"product-type-simple","12":"entry","13":"content-bg","14":"loop-entry"},"_links":{"self":[{"href":"https:\/\/www.hediyepazar.com\/index.php?rest_route=\/wp\/v2\/product\/109385","targetHints":{"allow":["GET"]}}],"collection":[{"href":"https:\/\/www.hediyepazar.com\/index.php?rest_route=\/wp\/v2\/product"}],"about":[{"href":"https:\/\/www.hediyepazar.com\/index.php?rest_route=\/wp\/v2\/types\/product"}],"replies":[{"embeddable":true,"href":"https:\/\/www.hediyepazar.com\/index.php?rest_route=%2Fwp%2Fv2%2Fcomments&post=109385"}],"wp:featuredmedia":[{"embeddable":true,"href":"https:\/\/www.hediyepazar.com\/index.php?rest_route=\/wp\/v2\/media\/109384"}],"wp:attachment":[{"href":"https:\/\/www.hediyepazar.com\/index.php?rest_route=%2Fwp%2Fv2%2Fmedia&parent=109385"}],"wp:term":[{"taxonomy":"product_brand","embeddable":true,"href":"https:\/\/www.hediyepazar.com\/index.php?rest_route=%2Fwp%2Fv2%2Fproduct_brand&post=109385"},{"taxonomy":"product_cat","embeddable":true,"href":"https:\/\/www.hediyepazar.com\/index.php?rest_route=%2Fwp%2Fv2%2Fproduct_cat&post=109385"},{"taxonomy":"product_tag","embeddable":true,"href":"https:\/\/www.hediyepazar.com\/index.php?rest_route=%2Fwp%2Fv2%2Fproduct_tag&post=109385"}],"curies":[{"name":"wp","href":"https:\/\/api.w.org\/{rel}","templated":true}]}}