{"id":109389,"date":"2026-05-05T02:20:05","date_gmt":"2026-05-05T05:20:05","guid":{"rendered":"https:\/\/www.hediyepazar.com\/?product=gs8-ultra-akilli-saat"},"modified":"2026-05-05T02:20:05","modified_gmt":"2026-05-05T05:20:05","slug":"gs8-ultra-akilli-saat","status":"publish","type":"product","link":"https:\/\/www.hediyepazar.com\/?product=gs8-ultra-akilli-saat","title":{"rendered":"GS8 ULTRA AKILLI SAAT"},"content":{"rendered":"<p>Estetik ve fonksiyonelli\u011fi bir araya getiren bu model, \u00f6zellikle yeti\u015fkin kullan\u0131c\u0131lar i\u00e7in \u00f6zel olarak tasarlanm\u0131\u015ft\u0131r. Krem rengi kordon se\u00e7ene\u011fi, her t\u00fcrl\u00fc k\u0131yafetle uyum sa\u011flayarak zarif ve modern bir g\u00f6r\u00fcn\u00fcm sunar. Web color (web renk) teknolojisi, saatin ekran\u0131nda canl\u0131 ve net bir g\u00f6r\u00fcnt\u00fc sa\u011flayarak kullan\u0131m deneyimini iyile\u015ftirir. Kronometre, hava durumu bilgisi, parlakl\u0131k ayar\u0131, m\u00fczik kontrol\u00fc ve NFC deste\u011fi gibi ek \u00f6zellikler, g\u00fcnl\u00fck hayat\u0131n\u0131z\u0131 daha pratik hale getirirken, g\u00fc\u00e7 tasarrufu modu sayesinde batarya \u00f6mr\u00fcn\u00fc optimize eder. Hem \u015f\u0131k hem de \u00e7ok fonksiyonlu bir ak\u0131ll\u0131 saat arayanlar i\u00e7in m\u00fckemmel bir se\u00e7imdir.<\/p>\n","protected":false},"excerpt":{"rendered":"<p>Estetik ve fonksiyonelli\u011fi bir araya getiren bu model, \u00f6zellikle yeti\u015fkin kullan\u0131c\u0131lar i\u00e7in \u00f6zel olarak tasarlanm\u0131\u015ft\u0131r. Krem rengi kordon se\u00e7ene\u011fi, her t\u00fcrl\u00fc k\u0131yafetle uyum sa\u011flayarak zarif ve modern bir g\u00f6r\u00fcn\u00fcm sunar. Web color (web renk) teknolojisi, saatin ekran\u0131nda canl\u0131 ve net bir g\u00f6r\u00fcnt\u00fc sa\u011flayarak kullan\u0131m deneyimini iyile\u015ftirir. Kronometre, hava durumu bilgisi, parlakl\u0131k ayar\u0131, m\u00fczik kontrol\u00fc ve&#8230;<\/p>\n","protected":false},"featured_media":109388,"comment_status":"open","ping_status":"closed","template":"","meta":{"_kad_post_transparent":"","_kad_post_title":"","_kad_post_layout":"","_kad_post_sidebar_id":"","_kad_post_content_style":"","_kad_post_vertical_padding":"","_kad_post_feature":"","_kad_post_feature_position":"","_kad_post_header":false,"_kad_post_footer":false,"_kad_post_classname":""},"product_brand":[],"product_cat":[14935],"product_tag":[],"class_list":{"0":"post-109389","1":"product","2":"type-product","3":"status-publish","4":"has-post-thumbnail","6":"product_cat-akilli-saatler-akilli-saatler","8":"first","9":"instock","10":"purchasable","11":"product-type-simple","12":"entry","13":"content-bg","14":"loop-entry"},"_links":{"self":[{"href":"https:\/\/www.hediyepazar.com\/index.php?rest_route=\/wp\/v2\/product\/109389","targetHints":{"allow":["GET"]}}],"collection":[{"href":"https:\/\/www.hediyepazar.com\/index.php?rest_route=\/wp\/v2\/product"}],"about":[{"href":"https:\/\/www.hediyepazar.com\/index.php?rest_route=\/wp\/v2\/types\/product"}],"replies":[{"embeddable":true,"href":"https:\/\/www.hediyepazar.com\/index.php?rest_route=%2Fwp%2Fv2%2Fcomments&post=109389"}],"wp:featuredmedia":[{"embeddable":true,"href":"https:\/\/www.hediyepazar.com\/index.php?rest_route=\/wp\/v2\/media\/109388"}],"wp:attachment":[{"href":"https:\/\/www.hediyepazar.com\/index.php?rest_route=%2Fwp%2Fv2%2Fmedia&parent=109389"}],"wp:term":[{"taxonomy":"product_brand","embeddable":true,"href":"https:\/\/www.hediyepazar.com\/index.php?rest_route=%2Fwp%2Fv2%2Fproduct_brand&post=109389"},{"taxonomy":"product_cat","embeddable":true,"href":"https:\/\/www.hediyepazar.com\/index.php?rest_route=%2Fwp%2Fv2%2Fproduct_cat&post=109389"},{"taxonomy":"product_tag","embeddable":true,"href":"https:\/\/www.hediyepazar.com\/index.php?rest_route=%2Fwp%2Fv2%2Fproduct_tag&post=109389"}],"curies":[{"name":"wp","href":"https:\/\/api.w.org\/{rel}","templated":true}]}}