{"id":109393,"date":"2026-05-05T02:20:19","date_gmt":"2026-05-05T05:20:19","guid":{"rendered":"https:\/\/www.hediyepazar.com\/?product=akilli-saat-gps-ozelligi-bildirim-gorme-adimsayar-sesli-gorusme-yapabilen"},"modified":"2026-05-05T02:20:19","modified_gmt":"2026-05-05T05:20:19","slug":"akilli-saat-gps-ozelligi-bildirim-gorme-adimsayar-sesli-gorusme-yapabilen","status":"publish","type":"product","link":"https:\/\/www.hediyepazar.com\/?product=akilli-saat-gps-ozelligi-bildirim-gorme-adimsayar-sesli-gorusme-yapabilen","title":{"rendered":"Ak\u0131ll\u0131 Saat GPS \u00d6zelli\u011fi Bildirim G\u00f6rme Ad\u0131msayar Sesli G\u00f6r\u00fc\u015fme Yapabilen"},"content":{"rendered":"<p>Bu ak\u0131ll\u0131 saat, geli\u015fmi\u015f sa\u011fl\u0131k ve spor takibi \u00f6zellikleriyle g\u00fcnl\u00fck ya\u015fam\u0131n\u0131z\u0131 kolayla\u015ft\u0131ran m\u00fckemmel bir yard\u0131mc\u0131d\u0131r. Nab\u0131z sens\u00f6r\u00fc, g\u00fcn boyunca kalp at\u0131\u015f h\u0131z\u0131n\u0131z\u0131 s\u00fcrekli olarak izleyerek sa\u011fl\u0131\u011f\u0131n\u0131z hakk\u0131nda anl\u0131k bilgiler sa\u011flar. Uyku d\u00fczeninizi analiz eden uyku takibi fonksiyonu, uyku s\u00fcreniz ve kaliteniz hakk\u0131nda detayl\u0131 raporlar sunarak daha iyi bir dinlenme d\u00fczeni olu\u015fturman\u0131za yard\u0131mc\u0131 olur. Ayr\u0131ca, ad\u0131m sayar ve kalori \u00f6l\u00e7\u00fcm \u00f6zelli\u011fi sayesinde g\u00fcnl\u00fck aktivite seviyenizi takip edebilir ve sa\u011fl\u0131kl\u0131 ya\u015fam hedeflerinize daha kolay ula\u015fabilirsiniz. Titre\u015fimli bildirimler, \u00e7a\u011fr\u0131 ve mesajlar\u0131 ka\u00e7\u0131rmadan zaman\u0131n\u0131z\u0131 daha verimli y\u00f6netmenize olanak tan\u0131r.<\/p>\n","protected":false},"excerpt":{"rendered":"<p>Bu ak\u0131ll\u0131 saat, geli\u015fmi\u015f sa\u011fl\u0131k ve spor takibi \u00f6zellikleriyle g\u00fcnl\u00fck ya\u015fam\u0131n\u0131z\u0131 kolayla\u015ft\u0131ran m\u00fckemmel bir yard\u0131mc\u0131d\u0131r. Nab\u0131z sens\u00f6r\u00fc, g\u00fcn boyunca kalp at\u0131\u015f h\u0131z\u0131n\u0131z\u0131 s\u00fcrekli olarak izleyerek sa\u011fl\u0131\u011f\u0131n\u0131z hakk\u0131nda anl\u0131k bilgiler sa\u011flar. Uyku d\u00fczeninizi analiz eden uyku takibi fonksiyonu, uyku s\u00fcreniz ve kaliteniz hakk\u0131nda detayl\u0131 raporlar sunarak daha iyi bir dinlenme d\u00fczeni olu\u015fturman\u0131za yard\u0131mc\u0131 olur. Ayr\u0131ca, ad\u0131m&#8230;<\/p>\n","protected":false},"featured_media":109392,"comment_status":"open","ping_status":"closed","template":"","meta":{"_kad_post_transparent":"","_kad_post_title":"","_kad_post_layout":"","_kad_post_sidebar_id":"","_kad_post_content_style":"","_kad_post_vertical_padding":"","_kad_post_feature":"","_kad_post_feature_position":"","_kad_post_header":false,"_kad_post_footer":false,"_kad_post_classname":""},"product_brand":[],"product_cat":[14935],"product_tag":[],"class_list":{"0":"post-109393","1":"product","2":"type-product","3":"status-publish","4":"has-post-thumbnail","6":"product_cat-akilli-saatler-akilli-saatler","8":"first","9":"instock","10":"purchasable","11":"product-type-simple","12":"entry","13":"content-bg","14":"loop-entry"},"_links":{"self":[{"href":"https:\/\/www.hediyepazar.com\/index.php?rest_route=\/wp\/v2\/product\/109393","targetHints":{"allow":["GET"]}}],"collection":[{"href":"https:\/\/www.hediyepazar.com\/index.php?rest_route=\/wp\/v2\/product"}],"about":[{"href":"https:\/\/www.hediyepazar.com\/index.php?rest_route=\/wp\/v2\/types\/product"}],"replies":[{"embeddable":true,"href":"https:\/\/www.hediyepazar.com\/index.php?rest_route=%2Fwp%2Fv2%2Fcomments&post=109393"}],"wp:featuredmedia":[{"embeddable":true,"href":"https:\/\/www.hediyepazar.com\/index.php?rest_route=\/wp\/v2\/media\/109392"}],"wp:attachment":[{"href":"https:\/\/www.hediyepazar.com\/index.php?rest_route=%2Fwp%2Fv2%2Fmedia&parent=109393"}],"wp:term":[{"taxonomy":"product_brand","embeddable":true,"href":"https:\/\/www.hediyepazar.com\/index.php?rest_route=%2Fwp%2Fv2%2Fproduct_brand&post=109393"},{"taxonomy":"product_cat","embeddable":true,"href":"https:\/\/www.hediyepazar.com\/index.php?rest_route=%2Fwp%2Fv2%2Fproduct_cat&post=109393"},{"taxonomy":"product_tag","embeddable":true,"href":"https:\/\/www.hediyepazar.com\/index.php?rest_route=%2Fwp%2Fv2%2Fproduct_tag&post=109393"}],"curies":[{"name":"wp","href":"https:\/\/api.w.org\/{rel}","templated":true}]}}