{"id":109401,"date":"2026-05-05T02:22:23","date_gmt":"2026-05-05T05:22:23","guid":{"rendered":"https:\/\/www.hediyepazar.com\/?product=akilli-saat-amoled-ekran-bluetooth-baglantili-sesli-gorusme-nabiz-olcer"},"modified":"2026-05-05T02:22:23","modified_gmt":"2026-05-05T05:22:23","slug":"akilli-saat-amoled-ekran-bluetooth-baglantili-sesli-gorusme-nabiz-olcer","status":"publish","type":"product","link":"https:\/\/www.hediyepazar.com\/?product=akilli-saat-amoled-ekran-bluetooth-baglantili-sesli-gorusme-nabiz-olcer","title":{"rendered":"Ak\u0131ll\u0131 Saat Amoled Ekran Bluetooth Ba\u011flant\u0131l\u0131 Sesli G\u00f6r\u00fc\u015fme Nab\u0131z \u00d6l\u00e7er"},"content":{"rendered":"<p>Bu ak\u0131ll\u0131 saat, geli\u015fmi\u015f \u00f6zellikleriyle g\u00fcnl\u00fck ya\u015fam\u0131n\u0131z\u0131 daha konforlu hale getirir. Kablosuz \u015farj deste\u011fi sayesinde kolayca \u015farj edilebilir ve Bluetooth sesli g\u00f6r\u00fc\u015fme \u00f6zelli\u011fiyle telefonunuza gerek kalmadan \u00e7a\u011fr\u0131lar\u0131n\u0131z\u0131 yan\u0131tlayabilirsiniz. Android ve iOS cihazlarla uyumlu olup, geni\u015f bir kullan\u0131c\u0131 kitlesine hitap eder. Ayr\u0131ca NFC deste\u011fi ile temass\u0131z \u00f6deme yapabilir ve hayat\u0131n\u0131z\u0131 daha pratik hale getirebilirsiniz.<\/p>\n","protected":false},"excerpt":{"rendered":"<p>Bu ak\u0131ll\u0131 saat, geli\u015fmi\u015f \u00f6zellikleriyle g\u00fcnl\u00fck ya\u015fam\u0131n\u0131z\u0131 daha konforlu hale getirir. Kablosuz \u015farj deste\u011fi sayesinde kolayca \u015farj edilebilir ve Bluetooth sesli g\u00f6r\u00fc\u015fme \u00f6zelli\u011fiyle telefonunuza gerek kalmadan \u00e7a\u011fr\u0131lar\u0131n\u0131z\u0131 yan\u0131tlayabilirsiniz. Android ve iOS cihazlarla uyumlu olup, geni\u015f bir kullan\u0131c\u0131 kitlesine hitap eder. Ayr\u0131ca NFC deste\u011fi ile temass\u0131z \u00f6deme yapabilir ve hayat\u0131n\u0131z\u0131 daha pratik hale getirebilirsiniz.<\/p>\n","protected":false},"featured_media":109400,"comment_status":"open","ping_status":"closed","template":"","meta":{"_kad_post_transparent":"","_kad_post_title":"","_kad_post_layout":"","_kad_post_sidebar_id":"","_kad_post_content_style":"","_kad_post_vertical_padding":"","_kad_post_feature":"","_kad_post_feature_position":"","_kad_post_header":false,"_kad_post_footer":false,"_kad_post_classname":""},"product_brand":[],"product_cat":[14935],"product_tag":[],"class_list":{"0":"post-109401","1":"product","2":"type-product","3":"status-publish","4":"has-post-thumbnail","6":"product_cat-akilli-saatler-akilli-saatler","8":"first","9":"instock","10":"purchasable","11":"product-type-simple","12":"entry","13":"content-bg","14":"loop-entry"},"_links":{"self":[{"href":"https:\/\/www.hediyepazar.com\/index.php?rest_route=\/wp\/v2\/product\/109401","targetHints":{"allow":["GET"]}}],"collection":[{"href":"https:\/\/www.hediyepazar.com\/index.php?rest_route=\/wp\/v2\/product"}],"about":[{"href":"https:\/\/www.hediyepazar.com\/index.php?rest_route=\/wp\/v2\/types\/product"}],"replies":[{"embeddable":true,"href":"https:\/\/www.hediyepazar.com\/index.php?rest_route=%2Fwp%2Fv2%2Fcomments&post=109401"}],"wp:featuredmedia":[{"embeddable":true,"href":"https:\/\/www.hediyepazar.com\/index.php?rest_route=\/wp\/v2\/media\/109400"}],"wp:attachment":[{"href":"https:\/\/www.hediyepazar.com\/index.php?rest_route=%2Fwp%2Fv2%2Fmedia&parent=109401"}],"wp:term":[{"taxonomy":"product_brand","embeddable":true,"href":"https:\/\/www.hediyepazar.com\/index.php?rest_route=%2Fwp%2Fv2%2Fproduct_brand&post=109401"},{"taxonomy":"product_cat","embeddable":true,"href":"https:\/\/www.hediyepazar.com\/index.php?rest_route=%2Fwp%2Fv2%2Fproduct_cat&post=109401"},{"taxonomy":"product_tag","embeddable":true,"href":"https:\/\/www.hediyepazar.com\/index.php?rest_route=%2Fwp%2Fv2%2Fproduct_tag&post=109401"}],"curies":[{"name":"wp","href":"https:\/\/api.w.org\/{rel}","templated":true}]}}