{"id":109409,"date":"2026-05-05T02:24:57","date_gmt":"2026-05-05T05:24:57","guid":{"rendered":"https:\/\/www.hediyepazar.com\/?product=powerbank-coklu-sarj-girisi-50-000-mah-tasinabilir-dijital-gostergeli"},"modified":"2026-05-05T02:24:57","modified_gmt":"2026-05-05T05:24:57","slug":"powerbank-coklu-sarj-girisi-50-000-mah-tasinabilir-dijital-gostergeli","status":"publish","type":"product","link":"https:\/\/www.hediyepazar.com\/?product=powerbank-coklu-sarj-girisi-50-000-mah-tasinabilir-dijital-gostergeli","title":{"rendered":"Powerbank \u00c7oklu \u015earj Giri\u015fi 50.000 Mah Ta\u015f\u0131nabilir Dijital G\u00f6stergeli"},"content":{"rendered":"<p>50.000 mAh kapasiteli bu ultra g\u00fc\u00e7l\u00fc powerbank, uzun s\u00fcreli \u015farj ihtiya\u00e7lar\u0131n\u0131 kar\u015f\u0131lamak i\u00e7in tasarlanm\u0131\u015ft\u0131r. Geli\u015fmi\u015f batarya teknolojisi sayesinde, ak\u0131ll\u0131 telefonlar, tabletler ve di\u011fer USB ile \u015farj edilebilen cihazlar i\u00e7in ideal bir enerji kayna\u011f\u0131 sunar. Ultra h\u0131zl\u0131 \u015farj \u00f6zelli\u011fi sayesinde cihazlar\u0131n\u0131z\u0131 k\u0131sa s\u00fcrede \u015farj edebilir ve g\u00fcn boyu kesintisiz kullan\u0131m sa\u011flayabilirsiniz.<\/p>\n","protected":false},"excerpt":{"rendered":"<p>50.000 mAh kapasiteli bu ultra g\u00fc\u00e7l\u00fc powerbank, uzun s\u00fcreli \u015farj ihtiya\u00e7lar\u0131n\u0131 kar\u015f\u0131lamak i\u00e7in tasarlanm\u0131\u015ft\u0131r. Geli\u015fmi\u015f batarya teknolojisi sayesinde, ak\u0131ll\u0131 telefonlar, tabletler ve di\u011fer USB ile \u015farj edilebilen cihazlar i\u00e7in ideal bir enerji kayna\u011f\u0131 sunar. Ultra h\u0131zl\u0131 \u015farj \u00f6zelli\u011fi sayesinde cihazlar\u0131n\u0131z\u0131 k\u0131sa s\u00fcrede \u015farj edebilir ve g\u00fcn boyu kesintisiz kullan\u0131m sa\u011flayabilirsiniz.<\/p>\n","protected":false},"featured_media":109408,"comment_status":"open","ping_status":"closed","template":"","meta":{"_kad_post_transparent":"","_kad_post_title":"","_kad_post_layout":"","_kad_post_sidebar_id":"","_kad_post_content_style":"","_kad_post_vertical_padding":"","_kad_post_feature":"","_kad_post_feature_position":"","_kad_post_header":false,"_kad_post_footer":false,"_kad_post_classname":""},"product_brand":[],"product_cat":[14937],"product_tag":[],"class_list":{"0":"post-109409","1":"product","2":"type-product","3":"status-publish","4":"has-post-thumbnail","6":"product_cat-powerbank-powerbank-2","8":"first","9":"instock","10":"purchasable","11":"product-type-simple","12":"entry","13":"content-bg","14":"loop-entry"},"_links":{"self":[{"href":"https:\/\/www.hediyepazar.com\/index.php?rest_route=\/wp\/v2\/product\/109409","targetHints":{"allow":["GET"]}}],"collection":[{"href":"https:\/\/www.hediyepazar.com\/index.php?rest_route=\/wp\/v2\/product"}],"about":[{"href":"https:\/\/www.hediyepazar.com\/index.php?rest_route=\/wp\/v2\/types\/product"}],"replies":[{"embeddable":true,"href":"https:\/\/www.hediyepazar.com\/index.php?rest_route=%2Fwp%2Fv2%2Fcomments&post=109409"}],"wp:featuredmedia":[{"embeddable":true,"href":"https:\/\/www.hediyepazar.com\/index.php?rest_route=\/wp\/v2\/media\/109408"}],"wp:attachment":[{"href":"https:\/\/www.hediyepazar.com\/index.php?rest_route=%2Fwp%2Fv2%2Fmedia&parent=109409"}],"wp:term":[{"taxonomy":"product_brand","embeddable":true,"href":"https:\/\/www.hediyepazar.com\/index.php?rest_route=%2Fwp%2Fv2%2Fproduct_brand&post=109409"},{"taxonomy":"product_cat","embeddable":true,"href":"https:\/\/www.hediyepazar.com\/index.php?rest_route=%2Fwp%2Fv2%2Fproduct_cat&post=109409"},{"taxonomy":"product_tag","embeddable":true,"href":"https:\/\/www.hediyepazar.com\/index.php?rest_route=%2Fwp%2Fv2%2Fproduct_tag&post=109409"}],"curies":[{"name":"wp","href":"https:\/\/api.w.org\/{rel}","templated":true}]}}