{"id":109415,"date":"2026-05-05T02:25:13","date_gmt":"2026-05-05T05:25:13","guid":{"rendered":"https:\/\/www.hediyepazar.com\/?product=ovmali-masaj-aleti-boyun-sirt-agrilari-icin-masaj-aleti"},"modified":"2026-05-05T02:25:13","modified_gmt":"2026-05-05T05:25:13","slug":"ovmali-masaj-aleti-boyun-sirt-agrilari-icin-masaj-aleti","status":"publish","type":"product","link":"https:\/\/www.hediyepazar.com\/?product=ovmali-masaj-aleti-boyun-sirt-agrilari-icin-masaj-aleti","title":{"rendered":"Ovmal\u0131 Masaj Aleti Boyun S\u0131rt A\u011fr\u0131lar\u0131 \u0130\u00e7in Masaj Aleti"},"content":{"rendered":"<p>Kullan\u0131m\u0131 Kolay ve G\u00fcvenli Tasar\u0131mBoyun Masaj Aleti, kullan\u0131m kolayl\u0131\u011f\u0131 ve g\u00fcvenlik \u00f6nlemleriyle \u00f6ne \u00e7\u0131kar. \u0130ster evinizde, ister ofisinizde ya da arac\u0131n\u0131zda rahatl\u0131kla kullanabilirsiniz. \u00dcr\u00fcn\u00fcn ak\u0131m koruma \u00f6zelli\u011fi sayesinde, herhangi bir olas\u0131 sorun an\u0131nda elektrik ak\u0131\u015f\u0131 kesilerek g\u00fcvenli bir kullan\u0131m sa\u011flan\u0131r. Bu sayede hem konforlu hem de g\u00fcvenilir bir masaj deneyimi ya\u015fayabilirsiniz. Hafif ve ta\u015f\u0131nabilir yap\u0131s\u0131 sayesinde yan\u0131n\u0131zda kolayca ta\u015f\u0131yabilir, diledi\u011finiz her yerde rahatlaman\u0131n keyfini \u00e7\u0131karabilirsiniz.<\/p>\n","protected":false},"excerpt":{"rendered":"<p>Kullan\u0131m\u0131 Kolay ve G\u00fcvenli Tasar\u0131mBoyun Masaj Aleti, kullan\u0131m kolayl\u0131\u011f\u0131 ve g\u00fcvenlik \u00f6nlemleriyle \u00f6ne \u00e7\u0131kar. \u0130ster evinizde, ister ofisinizde ya da arac\u0131n\u0131zda rahatl\u0131kla kullanabilirsiniz. \u00dcr\u00fcn\u00fcn ak\u0131m koruma \u00f6zelli\u011fi sayesinde, herhangi bir olas\u0131 sorun an\u0131nda elektrik ak\u0131\u015f\u0131 kesilerek g\u00fcvenli bir kullan\u0131m sa\u011flan\u0131r. Bu sayede hem konforlu hem de g\u00fcvenilir bir masaj deneyimi ya\u015fayabilirsiniz. Hafif ve ta\u015f\u0131nabilir yap\u0131s\u0131&#8230;<\/p>\n","protected":false},"featured_media":109414,"comment_status":"open","ping_status":"closed","template":"","meta":{"_kad_post_transparent":"","_kad_post_title":"","_kad_post_layout":"","_kad_post_sidebar_id":"","_kad_post_content_style":"","_kad_post_vertical_padding":"","_kad_post_feature":"","_kad_post_feature_position":"","_kad_post_header":false,"_kad_post_footer":false,"_kad_post_classname":""},"product_brand":[],"product_cat":[14939],"product_tag":[],"class_list":{"0":"post-109415","1":"product","2":"type-product","3":"status-publish","4":"has-post-thumbnail","6":"product_cat-masaj-cihazi-masaj-cihazi","8":"first","9":"instock","10":"purchasable","11":"product-type-simple","12":"entry","13":"content-bg","14":"loop-entry"},"_links":{"self":[{"href":"https:\/\/www.hediyepazar.com\/index.php?rest_route=\/wp\/v2\/product\/109415","targetHints":{"allow":["GET"]}}],"collection":[{"href":"https:\/\/www.hediyepazar.com\/index.php?rest_route=\/wp\/v2\/product"}],"about":[{"href":"https:\/\/www.hediyepazar.com\/index.php?rest_route=\/wp\/v2\/types\/product"}],"replies":[{"embeddable":true,"href":"https:\/\/www.hediyepazar.com\/index.php?rest_route=%2Fwp%2Fv2%2Fcomments&post=109415"}],"wp:featuredmedia":[{"embeddable":true,"href":"https:\/\/www.hediyepazar.com\/index.php?rest_route=\/wp\/v2\/media\/109414"}],"wp:attachment":[{"href":"https:\/\/www.hediyepazar.com\/index.php?rest_route=%2Fwp%2Fv2%2Fmedia&parent=109415"}],"wp:term":[{"taxonomy":"product_brand","embeddable":true,"href":"https:\/\/www.hediyepazar.com\/index.php?rest_route=%2Fwp%2Fv2%2Fproduct_brand&post=109415"},{"taxonomy":"product_cat","embeddable":true,"href":"https:\/\/www.hediyepazar.com\/index.php?rest_route=%2Fwp%2Fv2%2Fproduct_cat&post=109415"},{"taxonomy":"product_tag","embeddable":true,"href":"https:\/\/www.hediyepazar.com\/index.php?rest_route=%2Fwp%2Fv2%2Fproduct_tag&post=109415"}],"curies":[{"name":"wp","href":"https:\/\/api.w.org\/{rel}","templated":true}]}}