{"id":109417,"date":"2026-05-05T02:25:19","date_gmt":"2026-05-05T05:25:19","guid":{"rendered":"https:\/\/www.hediyepazar.com\/?product=ovmali-masaj-aleti"},"modified":"2026-05-05T02:25:19","modified_gmt":"2026-05-05T05:25:19","slug":"ovmali-masaj-aleti","status":"publish","type":"product","link":"https:\/\/www.hediyepazar.com\/?product=ovmali-masaj-aleti","title":{"rendered":"OVMALI MASAJ ALET\u0130"},"content":{"rendered":"<p>Boyun Masaj Aleti \u2013 Konforlu ve Etkili Masaj DeneyimiG\u00fcnl\u00fck hayat\u0131n getirdi\u011fi stres ve yorgunlu\u011fu hafifletmek i\u00e7in tasarlanan Boyun Masaj Aleti, g\u00fc\u00e7l\u00fc yo\u011furma ba\u015fl\u0131klar\u0131, titre\u015fim modu ve ergonomik yap\u0131s\u0131yla v\u00fccudunuzu rahatlat\u0131rken konforlu bir kullan\u0131m sunar. Boyun, bel, bacak ve kol gibi farkl\u0131 v\u00fccut b\u00f6lgelerinde kullan\u0131labilen bu masaj aleti, kaslar\u0131n gev\u015femesine ve kan dola\u015f\u0131m\u0131n\u0131n h\u0131zlanmas\u0131na yard\u0131mc\u0131 olur. \u00d6zellikle uzun \u00e7al\u0131\u015fma saatleri, yo\u011fun spor aktiviteleri veya g\u00fcnl\u00fck ya\u015fam\u0131n getirdi\u011fi kas yorgunluklar\u0131n\u0131 gidermek i\u00e7in ideal bir \u00e7\u00f6z\u00fcmd\u00fcr.<\/p>\n","protected":false},"excerpt":{"rendered":"<p>Boyun Masaj Aleti \u2013 Konforlu ve Etkili Masaj DeneyimiG\u00fcnl\u00fck hayat\u0131n getirdi\u011fi stres ve yorgunlu\u011fu hafifletmek i\u00e7in tasarlanan Boyun Masaj Aleti, g\u00fc\u00e7l\u00fc yo\u011furma ba\u015fl\u0131klar\u0131, titre\u015fim modu ve ergonomik yap\u0131s\u0131yla v\u00fccudunuzu rahatlat\u0131rken konforlu bir kullan\u0131m sunar. Boyun, bel, bacak ve kol gibi farkl\u0131 v\u00fccut b\u00f6lgelerinde kullan\u0131labilen bu masaj aleti, kaslar\u0131n gev\u015femesine ve kan dola\u015f\u0131m\u0131n\u0131n h\u0131zlanmas\u0131na yard\u0131mc\u0131 olur&#8230;.<\/p>\n","protected":false},"featured_media":109416,"comment_status":"open","ping_status":"closed","template":"","meta":{"_kad_post_transparent":"","_kad_post_title":"","_kad_post_layout":"","_kad_post_sidebar_id":"","_kad_post_content_style":"","_kad_post_vertical_padding":"","_kad_post_feature":"","_kad_post_feature_position":"","_kad_post_header":false,"_kad_post_footer":false,"_kad_post_classname":""},"product_brand":[],"product_cat":[14939],"product_tag":[],"class_list":{"0":"post-109417","1":"product","2":"type-product","3":"status-publish","4":"has-post-thumbnail","6":"product_cat-masaj-cihazi-masaj-cihazi","8":"first","9":"instock","10":"purchasable","11":"product-type-simple","12":"entry","13":"content-bg","14":"loop-entry"},"_links":{"self":[{"href":"https:\/\/www.hediyepazar.com\/index.php?rest_route=\/wp\/v2\/product\/109417","targetHints":{"allow":["GET"]}}],"collection":[{"href":"https:\/\/www.hediyepazar.com\/index.php?rest_route=\/wp\/v2\/product"}],"about":[{"href":"https:\/\/www.hediyepazar.com\/index.php?rest_route=\/wp\/v2\/types\/product"}],"replies":[{"embeddable":true,"href":"https:\/\/www.hediyepazar.com\/index.php?rest_route=%2Fwp%2Fv2%2Fcomments&post=109417"}],"wp:featuredmedia":[{"embeddable":true,"href":"https:\/\/www.hediyepazar.com\/index.php?rest_route=\/wp\/v2\/media\/109416"}],"wp:attachment":[{"href":"https:\/\/www.hediyepazar.com\/index.php?rest_route=%2Fwp%2Fv2%2Fmedia&parent=109417"}],"wp:term":[{"taxonomy":"product_brand","embeddable":true,"href":"https:\/\/www.hediyepazar.com\/index.php?rest_route=%2Fwp%2Fv2%2Fproduct_brand&post=109417"},{"taxonomy":"product_cat","embeddable":true,"href":"https:\/\/www.hediyepazar.com\/index.php?rest_route=%2Fwp%2Fv2%2Fproduct_cat&post=109417"},{"taxonomy":"product_tag","embeddable":true,"href":"https:\/\/www.hediyepazar.com\/index.php?rest_route=%2Fwp%2Fv2%2Fproduct_tag&post=109417"}],"curies":[{"name":"wp","href":"https:\/\/api.w.org\/{rel}","templated":true}]}}