{"id":109419,"date":"2026-05-05T02:26:04","date_gmt":"2026-05-05T05:26:04","guid":{"rendered":"https:\/\/www.hediyepazar.com\/?product=deniz-feneri-ve-eyfel-kulesi"},"modified":"2026-05-05T02:26:04","modified_gmt":"2026-05-05T05:26:04","slug":"deniz-feneri-ve-eyfel-kulesi","status":"publish","type":"product","link":"https:\/\/www.hediyepazar.com\/?product=deniz-feneri-ve-eyfel-kulesi","title":{"rendered":"DEN\u0130Z FENER\u0130 VE EYFEL KULES\u0130"},"content":{"rendered":"<p>Anlaml\u0131 ve \u00d6zel Bir Hediye Se\u00e7ene\u011fiDekoratif objeler aras\u0131nda zamans\u0131z bir anlam ta\u015f\u0131yan kum saatleri, sevdiklerinize verebilece\u011finiz en \u00f6zel hediyelerden biridir. Deniz feneri fig\u00fcr\u00fcyle anlam\u0131n\u0131 daha da derinle\u015ftiren bu kum saati, yol g\u00f6sterici, ilham verici ve g\u00fcven veren bir sembol olarak sevdiklerinizin hayat\u0131na anlam katacak. Do\u011fum g\u00fcn\u00fc, terfi, yeni i\u015f veya \u00f6zel g\u00fcnlerde unutulmaz bir hediye olarak tercih edilebilecek bu \u00fcr\u00fcn, hem \u015f\u0131k hem de duygusal bir arma\u011fan olarak uzun y\u0131llar boyunca saklanabilir.<\/p>\n","protected":false},"excerpt":{"rendered":"<p>Anlaml\u0131 ve \u00d6zel Bir Hediye Se\u00e7ene\u011fiDekoratif objeler aras\u0131nda zamans\u0131z bir anlam ta\u015f\u0131yan kum saatleri, sevdiklerinize verebilece\u011finiz en \u00f6zel hediyelerden biridir. Deniz feneri fig\u00fcr\u00fcyle anlam\u0131n\u0131 daha da derinle\u015ftiren bu kum saati, yol g\u00f6sterici, ilham verici ve g\u00fcven veren bir sembol olarak sevdiklerinizin hayat\u0131na anlam katacak. Do\u011fum g\u00fcn\u00fc, terfi, yeni i\u015f veya \u00f6zel g\u00fcnlerde unutulmaz bir hediye&#8230;<\/p>\n","protected":false},"featured_media":109418,"comment_status":"open","ping_status":"closed","template":"","meta":{"_kad_post_transparent":"","_kad_post_title":"","_kad_post_layout":"","_kad_post_sidebar_id":"","_kad_post_content_style":"","_kad_post_vertical_padding":"","_kad_post_feature":"","_kad_post_feature_position":"","_kad_post_header":false,"_kad_post_footer":false,"_kad_post_classname":""},"product_brand":[],"product_cat":[14940],"product_tag":[],"class_list":{"0":"post-109419","1":"product","2":"type-product","3":"status-publish","4":"has-post-thumbnail","6":"product_cat-dekoratif-obje-biblo-dekoratif-obje-biblo","8":"first","9":"instock","10":"purchasable","11":"product-type-simple","12":"entry","13":"content-bg","14":"loop-entry"},"_links":{"self":[{"href":"https:\/\/www.hediyepazar.com\/index.php?rest_route=\/wp\/v2\/product\/109419","targetHints":{"allow":["GET"]}}],"collection":[{"href":"https:\/\/www.hediyepazar.com\/index.php?rest_route=\/wp\/v2\/product"}],"about":[{"href":"https:\/\/www.hediyepazar.com\/index.php?rest_route=\/wp\/v2\/types\/product"}],"replies":[{"embeddable":true,"href":"https:\/\/www.hediyepazar.com\/index.php?rest_route=%2Fwp%2Fv2%2Fcomments&post=109419"}],"wp:featuredmedia":[{"embeddable":true,"href":"https:\/\/www.hediyepazar.com\/index.php?rest_route=\/wp\/v2\/media\/109418"}],"wp:attachment":[{"href":"https:\/\/www.hediyepazar.com\/index.php?rest_route=%2Fwp%2Fv2%2Fmedia&parent=109419"}],"wp:term":[{"taxonomy":"product_brand","embeddable":true,"href":"https:\/\/www.hediyepazar.com\/index.php?rest_route=%2Fwp%2Fv2%2Fproduct_brand&post=109419"},{"taxonomy":"product_cat","embeddable":true,"href":"https:\/\/www.hediyepazar.com\/index.php?rest_route=%2Fwp%2Fv2%2Fproduct_cat&post=109419"},{"taxonomy":"product_tag","embeddable":true,"href":"https:\/\/www.hediyepazar.com\/index.php?rest_route=%2Fwp%2Fv2%2Fproduct_tag&post=109419"}],"curies":[{"name":"wp","href":"https:\/\/api.w.org\/{rel}","templated":true}]}}