{"id":109425,"date":"2026-05-05T02:26:58","date_gmt":"2026-05-05T05:26:58","guid":{"rendered":"https:\/\/www.hediyepazar.com\/?product=eyfel-kulesi-ve-deniz-feneri-dekoratif-masa-biblosu-hediyelik"},"modified":"2026-05-05T02:26:58","modified_gmt":"2026-05-05T05:26:58","slug":"eyfel-kulesi-ve-deniz-feneri-dekoratif-masa-biblosu-hediyelik","status":"publish","type":"product","link":"https:\/\/www.hediyepazar.com\/?product=eyfel-kulesi-ve-deniz-feneri-dekoratif-masa-biblosu-hediyelik","title":{"rendered":"Eyfel Kulesi ve Deniz Feneri Dekoratif Masa Biblosu Hediyelik"},"content":{"rendered":"<p>Deniz Feneri Tasar\u0131ml\u0131 Dekoratif Kum Saati \u2013 \u015e\u0131k ve Anlaml\u0131 Bir AksesuarZaman\u0131n ak\u0131\u015f\u0131n\u0131 estetik bir \u015fekilde temsil eden Deniz Feneri Tasar\u0131ml\u0131 Dekoratif Kum Saati, modern ve zarif tasar\u0131m\u0131yla ev ve ofis dekorasyonuna benzersiz bir hava kat\u0131yor. Deniz fenerinin g\u00fcven veren duru\u015fundan ilham al\u0131narak tasarlanm\u0131\u015f bu kum saati, hem fonksiyonel hem de dekoratif bir aksesuar olarak dikkat \u00e7ekiyor. \u015e\u0131k detaylar\u0131 ve kaliteli i\u015f\u00e7ili\u011fi ile zamans\u0131z bir dekorasyon \u00f6\u011fesi olan bu \u00fcr\u00fcn, bulundu\u011fu ortama sofistike ve huzurlu bir ambiyans kazand\u0131r\u0131yor. Masan\u0131z\u0131n veya kitapl\u0131\u011f\u0131n\u0131z\u0131n \u00fczerinde sergilendi\u011finde, i\u00e7 a\u00e7\u0131c\u0131 bir g\u00f6rsellik sunarak mek\u00e2na s\u0131cak bir atmosfer kat\u0131yor.<\/p>\n","protected":false},"excerpt":{"rendered":"<p>Deniz Feneri Tasar\u0131ml\u0131 Dekoratif Kum Saati \u2013 \u015e\u0131k ve Anlaml\u0131 Bir AksesuarZaman\u0131n ak\u0131\u015f\u0131n\u0131 estetik bir \u015fekilde temsil eden Deniz Feneri Tasar\u0131ml\u0131 Dekoratif Kum Saati, modern ve zarif tasar\u0131m\u0131yla ev ve ofis dekorasyonuna benzersiz bir hava kat\u0131yor. Deniz fenerinin g\u00fcven veren duru\u015fundan ilham al\u0131narak tasarlanm\u0131\u015f bu kum saati, hem fonksiyonel hem de dekoratif bir aksesuar olarak&#8230;<\/p>\n","protected":false},"featured_media":109424,"comment_status":"open","ping_status":"closed","template":"","meta":{"_kad_post_transparent":"","_kad_post_title":"","_kad_post_layout":"","_kad_post_sidebar_id":"","_kad_post_content_style":"","_kad_post_vertical_padding":"","_kad_post_feature":"","_kad_post_feature_position":"","_kad_post_header":false,"_kad_post_footer":false,"_kad_post_classname":""},"product_brand":[],"product_cat":[14940],"product_tag":[],"class_list":{"0":"post-109425","1":"product","2":"type-product","3":"status-publish","4":"has-post-thumbnail","6":"product_cat-dekoratif-obje-biblo-dekoratif-obje-biblo","8":"first","9":"instock","10":"purchasable","11":"product-type-simple","12":"entry","13":"content-bg","14":"loop-entry"},"_links":{"self":[{"href":"https:\/\/www.hediyepazar.com\/index.php?rest_route=\/wp\/v2\/product\/109425","targetHints":{"allow":["GET"]}}],"collection":[{"href":"https:\/\/www.hediyepazar.com\/index.php?rest_route=\/wp\/v2\/product"}],"about":[{"href":"https:\/\/www.hediyepazar.com\/index.php?rest_route=\/wp\/v2\/types\/product"}],"replies":[{"embeddable":true,"href":"https:\/\/www.hediyepazar.com\/index.php?rest_route=%2Fwp%2Fv2%2Fcomments&post=109425"}],"wp:featuredmedia":[{"embeddable":true,"href":"https:\/\/www.hediyepazar.com\/index.php?rest_route=\/wp\/v2\/media\/109424"}],"wp:attachment":[{"href":"https:\/\/www.hediyepazar.com\/index.php?rest_route=%2Fwp%2Fv2%2Fmedia&parent=109425"}],"wp:term":[{"taxonomy":"product_brand","embeddable":true,"href":"https:\/\/www.hediyepazar.com\/index.php?rest_route=%2Fwp%2Fv2%2Fproduct_brand&post=109425"},{"taxonomy":"product_cat","embeddable":true,"href":"https:\/\/www.hediyepazar.com\/index.php?rest_route=%2Fwp%2Fv2%2Fproduct_cat&post=109425"},{"taxonomy":"product_tag","embeddable":true,"href":"https:\/\/www.hediyepazar.com\/index.php?rest_route=%2Fwp%2Fv2%2Fproduct_tag&post=109425"}],"curies":[{"name":"wp","href":"https:\/\/api.w.org\/{rel}","templated":true}]}}