{"id":109433,"date":"2026-05-05T02:27:16","date_gmt":"2026-05-05T05:27:16","guid":{"rendered":"https:\/\/www.hediyepazar.com\/?product=eyfel-kuleli-kum-saati"},"modified":"2026-05-05T02:27:16","modified_gmt":"2026-05-05T05:27:16","slug":"eyfel-kuleli-kum-saati","status":"publish","type":"product","link":"https:\/\/www.hediyepazar.com\/?product=eyfel-kuleli-kum-saati","title":{"rendered":"EYFEL KULEL\u0130 KUM SAAT\u0130"},"content":{"rendered":"<p>Klasik ve \u015e\u0131k Tasar\u0131ml\u0131 Demir Kule Kum SaatiZamans\u0131z bir dekorasyon \u00f6\u011fesi olan Demir Kule Kum Saati, klasik tarz\u0131 ve estetik g\u00f6r\u00fcn\u00fcm\u00fc ile her mek\u00e2na sofistike bir dokunu\u015f katar. Y\u00fcksek kaliteli ah\u015fap ve metal malzemelerden \u00fcretilmi\u015f olan bu zarif kum saati, hem dayan\u0131kl\u0131l\u0131\u011f\u0131 hem de \u015f\u0131k tasar\u0131m\u0131yla dikkat \u00e7eker. Dekoratif bir obje olarak kullan\u0131lmas\u0131n\u0131n yan\u0131 s\u0131ra zaman\u0131 \u00f6l\u00e7me i\u015flevini de yerine getirir. Uzun y\u0131llar boyunca sa\u011flaml\u0131\u011f\u0131n\u0131 koruyacak \u015fekilde \u00fcretilen bu kum saati, klasik dekorasyon severler i\u00e7in m\u00fckemmel bir se\u00e7imdir.<\/p>\n","protected":false},"excerpt":{"rendered":"<p>Klasik ve \u015e\u0131k Tasar\u0131ml\u0131 Demir Kule Kum SaatiZamans\u0131z bir dekorasyon \u00f6\u011fesi olan Demir Kule Kum Saati, klasik tarz\u0131 ve estetik g\u00f6r\u00fcn\u00fcm\u00fc ile her mek\u00e2na sofistike bir dokunu\u015f katar. Y\u00fcksek kaliteli ah\u015fap ve metal malzemelerden \u00fcretilmi\u015f olan bu zarif kum saati, hem dayan\u0131kl\u0131l\u0131\u011f\u0131 hem de \u015f\u0131k tasar\u0131m\u0131yla dikkat \u00e7eker. Dekoratif bir obje olarak kullan\u0131lmas\u0131n\u0131n yan\u0131 s\u0131ra&#8230;<\/p>\n","protected":false},"featured_media":109432,"comment_status":"open","ping_status":"closed","template":"","meta":{"_kad_post_transparent":"","_kad_post_title":"","_kad_post_layout":"","_kad_post_sidebar_id":"","_kad_post_content_style":"","_kad_post_vertical_padding":"","_kad_post_feature":"","_kad_post_feature_position":"","_kad_post_header":false,"_kad_post_footer":false,"_kad_post_classname":""},"product_brand":[],"product_cat":[14942],"product_tag":[],"class_list":{"0":"post-109433","1":"product","2":"type-product","3":"status-publish","4":"has-post-thumbnail","6":"product_cat-kum-saati-kum-saati","8":"first","9":"instock","10":"purchasable","11":"product-type-simple","12":"entry","13":"content-bg","14":"loop-entry"},"_links":{"self":[{"href":"https:\/\/www.hediyepazar.com\/index.php?rest_route=\/wp\/v2\/product\/109433","targetHints":{"allow":["GET"]}}],"collection":[{"href":"https:\/\/www.hediyepazar.com\/index.php?rest_route=\/wp\/v2\/product"}],"about":[{"href":"https:\/\/www.hediyepazar.com\/index.php?rest_route=\/wp\/v2\/types\/product"}],"replies":[{"embeddable":true,"href":"https:\/\/www.hediyepazar.com\/index.php?rest_route=%2Fwp%2Fv2%2Fcomments&post=109433"}],"wp:featuredmedia":[{"embeddable":true,"href":"https:\/\/www.hediyepazar.com\/index.php?rest_route=\/wp\/v2\/media\/109432"}],"wp:attachment":[{"href":"https:\/\/www.hediyepazar.com\/index.php?rest_route=%2Fwp%2Fv2%2Fmedia&parent=109433"}],"wp:term":[{"taxonomy":"product_brand","embeddable":true,"href":"https:\/\/www.hediyepazar.com\/index.php?rest_route=%2Fwp%2Fv2%2Fproduct_brand&post=109433"},{"taxonomy":"product_cat","embeddable":true,"href":"https:\/\/www.hediyepazar.com\/index.php?rest_route=%2Fwp%2Fv2%2Fproduct_cat&post=109433"},{"taxonomy":"product_tag","embeddable":true,"href":"https:\/\/www.hediyepazar.com\/index.php?rest_route=%2Fwp%2Fv2%2Fproduct_tag&post=109433"}],"curies":[{"name":"wp","href":"https:\/\/api.w.org\/{rel}","templated":true}]}}