{"id":109441,"date":"2026-05-05T02:29:10","date_gmt":"2026-05-05T05:29:10","guid":{"rendered":"https:\/\/www.hediyepazar.com\/?product=duvar-lambasi"},"modified":"2026-05-05T02:29:10","modified_gmt":"2026-05-05T05:29:10","slug":"duvar-lambasi","status":"publish","type":"product","link":"https:\/\/www.hediyepazar.com\/?product=duvar-lambasi","title":{"rendered":"DUVAR LAMBASI"},"content":{"rendered":"<p>G\u00fcne\u015f enerjisiyle \u00e7al\u0131\u015fan 6 Ledli Solar Aplik, d\u0131\u015f mekanlar i\u00e7in ideal, \u00e7evre dostu ve ekonomik bir ayd\u0131nlatma \u00e7\u00f6z\u00fcm\u00fcd\u00fcr. G\u00fcnd\u00fcz g\u00fcne\u015f \u0131\u015f\u0131\u011f\u0131n\u0131 toplayarak enerjiyi bataryas\u0131nda depolayan bu modern duvar lambas\u0131, gece oldu\u011funda otomatik olarak devreye girerek d\u0131\u015f mekanlar\u0131n\u0131z\u0131 ayd\u0131nlat\u0131r. Elektrik ba\u011flant\u0131s\u0131na ihtiya\u00e7 duymadan \u00e7al\u0131\u015fabilmesi, onu \u00f6zellikle bah\u00e7e, teras, balkon ve y\u00fcr\u00fcy\u00fc\u015f yollar\u0131 gibi alanlarda kullan\u0131m i\u00e7in son derece pratik hale getirir. Hem enerji tasarrufu sa\u011flayan hem de d\u0131\u015f mekan dekorasyonunu tamamlayan bu \u015f\u0131k aplik, g\u00fcn \u0131\u015f\u0131\u011f\u0131 tonundaki LED\u2019leriyle do\u011fal ve s\u0131cak bir atmosfer olu\u015fturur. Kolay montaj \u00f6zelli\u011fi sayesinde ekstra kablolamaya gerek kalmadan h\u0131zla kurulum yap\u0131labilir, b\u00f6ylece kullan\u0131c\u0131 dostu bir deneyim sunar.<\/p>\n","protected":false},"excerpt":{"rendered":"<p>G\u00fcne\u015f enerjisiyle \u00e7al\u0131\u015fan 6 Ledli Solar Aplik, d\u0131\u015f mekanlar i\u00e7in ideal, \u00e7evre dostu ve ekonomik bir ayd\u0131nlatma \u00e7\u00f6z\u00fcm\u00fcd\u00fcr. G\u00fcnd\u00fcz g\u00fcne\u015f \u0131\u015f\u0131\u011f\u0131n\u0131 toplayarak enerjiyi bataryas\u0131nda depolayan bu modern duvar lambas\u0131, gece oldu\u011funda otomatik olarak devreye girerek d\u0131\u015f mekanlar\u0131n\u0131z\u0131 ayd\u0131nlat\u0131r. Elektrik ba\u011flant\u0131s\u0131na ihtiya\u00e7 duymadan \u00e7al\u0131\u015fabilmesi, onu \u00f6zellikle bah\u00e7e, teras, balkon ve y\u00fcr\u00fcy\u00fc\u015f yollar\u0131 gibi alanlarda kullan\u0131m i\u00e7in&#8230;<\/p>\n","protected":false},"featured_media":109440,"comment_status":"open","ping_status":"closed","template":"","meta":{"_kad_post_transparent":"","_kad_post_title":"","_kad_post_layout":"","_kad_post_sidebar_id":"","_kad_post_content_style":"","_kad_post_vertical_padding":"","_kad_post_feature":"","_kad_post_feature_position":"","_kad_post_header":false,"_kad_post_footer":false,"_kad_post_classname":""},"product_brand":[],"product_cat":[14946],"product_tag":[],"class_list":{"0":"post-109441","1":"product","2":"type-product","3":"status-publish","4":"has-post-thumbnail","6":"product_cat-bahce-aydinlatmasi-bahce-aydinlatmasi","8":"first","9":"instock","10":"purchasable","11":"product-type-simple","12":"entry","13":"content-bg","14":"loop-entry"},"_links":{"self":[{"href":"https:\/\/www.hediyepazar.com\/index.php?rest_route=\/wp\/v2\/product\/109441","targetHints":{"allow":["GET"]}}],"collection":[{"href":"https:\/\/www.hediyepazar.com\/index.php?rest_route=\/wp\/v2\/product"}],"about":[{"href":"https:\/\/www.hediyepazar.com\/index.php?rest_route=\/wp\/v2\/types\/product"}],"replies":[{"embeddable":true,"href":"https:\/\/www.hediyepazar.com\/index.php?rest_route=%2Fwp%2Fv2%2Fcomments&post=109441"}],"wp:featuredmedia":[{"embeddable":true,"href":"https:\/\/www.hediyepazar.com\/index.php?rest_route=\/wp\/v2\/media\/109440"}],"wp:attachment":[{"href":"https:\/\/www.hediyepazar.com\/index.php?rest_route=%2Fwp%2Fv2%2Fmedia&parent=109441"}],"wp:term":[{"taxonomy":"product_brand","embeddable":true,"href":"https:\/\/www.hediyepazar.com\/index.php?rest_route=%2Fwp%2Fv2%2Fproduct_brand&post=109441"},{"taxonomy":"product_cat","embeddable":true,"href":"https:\/\/www.hediyepazar.com\/index.php?rest_route=%2Fwp%2Fv2%2Fproduct_cat&post=109441"},{"taxonomy":"product_tag","embeddable":true,"href":"https:\/\/www.hediyepazar.com\/index.php?rest_route=%2Fwp%2Fv2%2Fproduct_tag&post=109441"}],"curies":[{"name":"wp","href":"https:\/\/api.w.org\/{rel}","templated":true}]}}