{"id":109443,"date":"2026-05-05T02:29:14","date_gmt":"2026-05-05T05:29:14","guid":{"rendered":"https:\/\/www.hediyepazar.com\/?product=solar-lamba-dekoratif-aplik-su-gecirmez-led-isikli-duvar-lambasi"},"modified":"2026-05-05T02:29:14","modified_gmt":"2026-05-05T05:29:14","slug":"solar-lamba-dekoratif-aplik-su-gecirmez-led-isikli-duvar-lambasi","status":"publish","type":"product","link":"https:\/\/www.hediyepazar.com\/?product=solar-lamba-dekoratif-aplik-su-gecirmez-led-isikli-duvar-lambasi","title":{"rendered":"Solar Lamba Dekoratif Aplik Su Ge\u00e7irmez Led I\u015f\u0131kl\u0131 Duvar Lambas\u0131"},"content":{"rendered":"<p>Dekoratif ve \u015f\u0131k tasar\u0131m\u0131 sayesinde bah\u00e7elerden teraslara, balkonlardan y\u00fcr\u00fcy\u00fc\u015f yollar\u0131na kadar her alanda estetik bir ayd\u0131nlatma sa\u011flar. Modern \u00e7izgilere sahip bu aplik, sadece bir \u0131\u015f\u0131k kayna\u011f\u0131 de\u011fil, ayn\u0131 zamanda d\u0131\u015f mekan dekorasyonunun \u00f6nemli bir par\u00e7as\u0131d\u0131r. Giri\u015f kap\u0131s\u0131 veya y\u00fcr\u00fcy\u00fc\u015f yollar\u0131nda kullan\u0131ld\u0131\u011f\u0131nda, hem yolu ayd\u0131nlatan hem de davetkar bir ambiyans olu\u015fturan bu \u00fcr\u00fcn, pratik montaj imkan\u0131yla her t\u00fcrl\u00fc y\u00fczeye kolayca sabitlenebilir. Kutu i\u00e7eri\u011finde gerekli montaj aparatlar\u0131 bulunur, b\u00f6ylece ek bir malzeme gerektirmeden h\u0131zl\u0131ca kurulumu tamamlanabilir. G\u00fcne\u015f enerjisinden maksimum fayda sa\u011flayan ve enerji tasarrufu sunan bu LED aplik, d\u0131\u015f mekanlar\u0131n\u0131zda uzun \u00f6m\u00fcrl\u00fc, g\u00fcvenli ve estetik bir ayd\u0131nlatma deneyimi sunar.<\/p>\n","protected":false},"excerpt":{"rendered":"<p>Dekoratif ve \u015f\u0131k tasar\u0131m\u0131 sayesinde bah\u00e7elerden teraslara, balkonlardan y\u00fcr\u00fcy\u00fc\u015f yollar\u0131na kadar her alanda estetik bir ayd\u0131nlatma sa\u011flar. Modern \u00e7izgilere sahip bu aplik, sadece bir \u0131\u015f\u0131k kayna\u011f\u0131 de\u011fil, ayn\u0131 zamanda d\u0131\u015f mekan dekorasyonunun \u00f6nemli bir par\u00e7as\u0131d\u0131r. Giri\u015f kap\u0131s\u0131 veya y\u00fcr\u00fcy\u00fc\u015f yollar\u0131nda kullan\u0131ld\u0131\u011f\u0131nda, hem yolu ayd\u0131nlatan hem de davetkar bir ambiyans olu\u015fturan bu \u00fcr\u00fcn, pratik montaj imkan\u0131yla&#8230;<\/p>\n","protected":false},"featured_media":109442,"comment_status":"open","ping_status":"closed","template":"","meta":{"_kad_post_transparent":"","_kad_post_title":"","_kad_post_layout":"","_kad_post_sidebar_id":"","_kad_post_content_style":"","_kad_post_vertical_padding":"","_kad_post_feature":"","_kad_post_feature_position":"","_kad_post_header":false,"_kad_post_footer":false,"_kad_post_classname":""},"product_brand":[],"product_cat":[14946],"product_tag":[],"class_list":{"0":"post-109443","1":"product","2":"type-product","3":"status-publish","4":"has-post-thumbnail","6":"product_cat-bahce-aydinlatmasi-bahce-aydinlatmasi","8":"first","9":"instock","10":"purchasable","11":"product-type-simple","12":"entry","13":"content-bg","14":"loop-entry"},"_links":{"self":[{"href":"https:\/\/www.hediyepazar.com\/index.php?rest_route=\/wp\/v2\/product\/109443","targetHints":{"allow":["GET"]}}],"collection":[{"href":"https:\/\/www.hediyepazar.com\/index.php?rest_route=\/wp\/v2\/product"}],"about":[{"href":"https:\/\/www.hediyepazar.com\/index.php?rest_route=\/wp\/v2\/types\/product"}],"replies":[{"embeddable":true,"href":"https:\/\/www.hediyepazar.com\/index.php?rest_route=%2Fwp%2Fv2%2Fcomments&post=109443"}],"wp:featuredmedia":[{"embeddable":true,"href":"https:\/\/www.hediyepazar.com\/index.php?rest_route=\/wp\/v2\/media\/109442"}],"wp:attachment":[{"href":"https:\/\/www.hediyepazar.com\/index.php?rest_route=%2Fwp%2Fv2%2Fmedia&parent=109443"}],"wp:term":[{"taxonomy":"product_brand","embeddable":true,"href":"https:\/\/www.hediyepazar.com\/index.php?rest_route=%2Fwp%2Fv2%2Fproduct_brand&post=109443"},{"taxonomy":"product_cat","embeddable":true,"href":"https:\/\/www.hediyepazar.com\/index.php?rest_route=%2Fwp%2Fv2%2Fproduct_cat&post=109443"},{"taxonomy":"product_tag","embeddable":true,"href":"https:\/\/www.hediyepazar.com\/index.php?rest_route=%2Fwp%2Fv2%2Fproduct_tag&post=109443"}],"curies":[{"name":"wp","href":"https:\/\/api.w.org\/{rel}","templated":true}]}}