{"id":109463,"date":"2026-05-05T02:32:09","date_gmt":"2026-05-05T05:32:09","guid":{"rendered":"https:\/\/www.hediyepazar.com\/?product=dekoratif-kum-saati"},"modified":"2026-05-05T02:32:09","modified_gmt":"2026-05-05T05:32:09","slug":"dekoratif-kum-saati","status":"publish","type":"product","link":"https:\/\/www.hediyepazar.com\/?product=dekoratif-kum-saati","title":{"rendered":"DEKORAT\u0130F KUM SAAT\u0130"},"content":{"rendered":"<p>Dekoratif Sulu Kum Saati, zamana estetik bir dokunu\u015f katmak isteyenler i\u00e7in m\u00fckemmel bir aksesuard\u0131r. Geleneksel kum saatlerinden farkl\u0131 olarak, i\u00e7erisindeki \u00f6zel s\u0131v\u0131 ve renkli kumlar\u0131n ak\u0131\u015f\u0131 g\u00f6rsel bir \u015f\u00f6len sunar. S\u0131v\u0131 i\u00e7indeki kumun yava\u015f ve ak\u0131\u015fkan hareketleri, izleyenlere huzur veren bir deneyim ya\u015fat\u0131rken, mek\u00e2na sofistike bir atmosfer kazand\u0131r\u0131r. \u015eeffaf cam g\u00f6vdesi sayesinde kumun hareketini net bir \u015fekilde g\u00f6zlemleyebilir ve bulundu\u011funuz ortama modern bir dokunu\u015f ekleyebilirsiniz.<\/p>\n","protected":false},"excerpt":{"rendered":"<p>Dekoratif Sulu Kum Saati, zamana estetik bir dokunu\u015f katmak isteyenler i\u00e7in m\u00fckemmel bir aksesuard\u0131r. Geleneksel kum saatlerinden farkl\u0131 olarak, i\u00e7erisindeki \u00f6zel s\u0131v\u0131 ve renkli kumlar\u0131n ak\u0131\u015f\u0131 g\u00f6rsel bir \u015f\u00f6len sunar. S\u0131v\u0131 i\u00e7indeki kumun yava\u015f ve ak\u0131\u015fkan hareketleri, izleyenlere huzur veren bir deneyim ya\u015fat\u0131rken, mek\u00e2na sofistike bir atmosfer kazand\u0131r\u0131r. \u015eeffaf cam g\u00f6vdesi sayesinde kumun hareketini net&#8230;<\/p>\n","protected":false},"featured_media":109462,"comment_status":"open","ping_status":"closed","template":"","meta":{"_kad_post_transparent":"","_kad_post_title":"","_kad_post_layout":"","_kad_post_sidebar_id":"","_kad_post_content_style":"","_kad_post_vertical_padding":"","_kad_post_feature":"","_kad_post_feature_position":"","_kad_post_header":false,"_kad_post_footer":false,"_kad_post_classname":""},"product_brand":[],"product_cat":[14942],"product_tag":[],"class_list":{"0":"post-109463","1":"product","2":"type-product","3":"status-publish","4":"has-post-thumbnail","6":"product_cat-kum-saati-kum-saati","8":"first","9":"instock","10":"purchasable","11":"product-type-simple","12":"entry","13":"content-bg","14":"loop-entry"},"_links":{"self":[{"href":"https:\/\/www.hediyepazar.com\/index.php?rest_route=\/wp\/v2\/product\/109463","targetHints":{"allow":["GET"]}}],"collection":[{"href":"https:\/\/www.hediyepazar.com\/index.php?rest_route=\/wp\/v2\/product"}],"about":[{"href":"https:\/\/www.hediyepazar.com\/index.php?rest_route=\/wp\/v2\/types\/product"}],"replies":[{"embeddable":true,"href":"https:\/\/www.hediyepazar.com\/index.php?rest_route=%2Fwp%2Fv2%2Fcomments&post=109463"}],"wp:featuredmedia":[{"embeddable":true,"href":"https:\/\/www.hediyepazar.com\/index.php?rest_route=\/wp\/v2\/media\/109462"}],"wp:attachment":[{"href":"https:\/\/www.hediyepazar.com\/index.php?rest_route=%2Fwp%2Fv2%2Fmedia&parent=109463"}],"wp:term":[{"taxonomy":"product_brand","embeddable":true,"href":"https:\/\/www.hediyepazar.com\/index.php?rest_route=%2Fwp%2Fv2%2Fproduct_brand&post=109463"},{"taxonomy":"product_cat","embeddable":true,"href":"https:\/\/www.hediyepazar.com\/index.php?rest_route=%2Fwp%2Fv2%2Fproduct_cat&post=109463"},{"taxonomy":"product_tag","embeddable":true,"href":"https:\/\/www.hediyepazar.com\/index.php?rest_route=%2Fwp%2Fv2%2Fproduct_tag&post=109463"}],"curies":[{"name":"wp","href":"https:\/\/api.w.org\/{rel}","templated":true}]}}