{"id":109465,"date":"2026-05-05T02:32:12","date_gmt":"2026-05-05T05:32:12","guid":{"rendered":"https:\/\/www.hediyepazar.com\/?product=kedi-kopek-tuy-temizleme-4lu-set"},"modified":"2026-05-05T02:32:12","modified_gmt":"2026-05-05T05:32:12","slug":"kedi-kopek-tuy-temizleme-4lu-set","status":"publish","type":"product","link":"https:\/\/www.hediyepazar.com\/?product=kedi-kopek-tuy-temizleme-4lu-set","title":{"rendered":"KED\u0130 K\u00d6PEK T\u00dcY TEM\u0130ZLEME 4&#8217;L\u00dc SET"},"content":{"rendered":"<p>Evcil hayvan bak\u0131m\u0131na b\u00fcy\u00fck bir katk\u0131 sa\u011flayacak olan bu set, ayn\u0131 zamanda \u00fcr\u00fcnlerin kullan\u0131m sonras\u0131 dezenfekte edilmesini de kolayla\u015ft\u0131r\u0131r. Sirke ile dezenfekte etme y\u00f6ntemi, \u00f6zellikle \u00fcr\u00fcnlerin hijyenik olmas\u0131n\u0131 sa\u011flamak i\u00e7in olduk\u00e7a etkilidir. 15-20 dakika boyunca suda bekletmek, kirlerin temizlenmesini sa\u011flarken ayn\u0131 zamanda paslanmaz \u00e7elik malzemelerin uzun \u00f6m\u00fcrl\u00fc olmas\u0131na yard\u0131mc\u0131 olur. Bu set, sadece evcil hayvanlar\u0131n t\u00fcy temizli\u011fi i\u00e7in de\u011fil, ayn\u0131 zamanda d\u00fczenli bak\u0131mda da \u00f6nemli bir yard\u0131mc\u0131d\u0131r. Farkl\u0131 boyutlardaki \u00fcr\u00fcnler, her t\u00fcy tipine uygun temizleme ve bak\u0131m sa\u011flar, b\u00f6ylece evcil dostlar\u0131n\u0131za en iyi bak\u0131m\u0131 sunabilirsiniz.<\/p>\n","protected":false},"excerpt":{"rendered":"<p>Evcil hayvan bak\u0131m\u0131na b\u00fcy\u00fck bir katk\u0131 sa\u011flayacak olan bu set, ayn\u0131 zamanda \u00fcr\u00fcnlerin kullan\u0131m sonras\u0131 dezenfekte edilmesini de kolayla\u015ft\u0131r\u0131r. Sirke ile dezenfekte etme y\u00f6ntemi, \u00f6zellikle \u00fcr\u00fcnlerin hijyenik olmas\u0131n\u0131 sa\u011flamak i\u00e7in olduk\u00e7a etkilidir. 15-20 dakika boyunca suda bekletmek, kirlerin temizlenmesini sa\u011flarken ayn\u0131 zamanda paslanmaz \u00e7elik malzemelerin uzun \u00f6m\u00fcrl\u00fc olmas\u0131na yard\u0131mc\u0131 olur. Bu set, sadece evcil hayvanlar\u0131n&#8230;<\/p>\n","protected":false},"featured_media":109464,"comment_status":"open","ping_status":"closed","template":"","meta":{"_kad_post_transparent":"","_kad_post_title":"","_kad_post_layout":"","_kad_post_sidebar_id":"","_kad_post_content_style":"","_kad_post_vertical_padding":"","_kad_post_feature":"","_kad_post_feature_position":"","_kad_post_header":false,"_kad_post_footer":false,"_kad_post_classname":""},"product_brand":[],"product_cat":[14948],"product_tag":[],"class_list":{"0":"post-109465","1":"product","2":"type-product","3":"status-publish","4":"has-post-thumbnail","6":"product_cat-kedi-firca-ve-taragi-kedi-firca-ve-taragi","8":"first","9":"instock","10":"purchasable","11":"product-type-simple","12":"entry","13":"content-bg","14":"loop-entry"},"_links":{"self":[{"href":"https:\/\/www.hediyepazar.com\/index.php?rest_route=\/wp\/v2\/product\/109465","targetHints":{"allow":["GET"]}}],"collection":[{"href":"https:\/\/www.hediyepazar.com\/index.php?rest_route=\/wp\/v2\/product"}],"about":[{"href":"https:\/\/www.hediyepazar.com\/index.php?rest_route=\/wp\/v2\/types\/product"}],"replies":[{"embeddable":true,"href":"https:\/\/www.hediyepazar.com\/index.php?rest_route=%2Fwp%2Fv2%2Fcomments&post=109465"}],"wp:featuredmedia":[{"embeddable":true,"href":"https:\/\/www.hediyepazar.com\/index.php?rest_route=\/wp\/v2\/media\/109464"}],"wp:attachment":[{"href":"https:\/\/www.hediyepazar.com\/index.php?rest_route=%2Fwp%2Fv2%2Fmedia&parent=109465"}],"wp:term":[{"taxonomy":"product_brand","embeddable":true,"href":"https:\/\/www.hediyepazar.com\/index.php?rest_route=%2Fwp%2Fv2%2Fproduct_brand&post=109465"},{"taxonomy":"product_cat","embeddable":true,"href":"https:\/\/www.hediyepazar.com\/index.php?rest_route=%2Fwp%2Fv2%2Fproduct_cat&post=109465"},{"taxonomy":"product_tag","embeddable":true,"href":"https:\/\/www.hediyepazar.com\/index.php?rest_route=%2Fwp%2Fv2%2Fproduct_tag&post=109465"}],"curies":[{"name":"wp","href":"https:\/\/api.w.org\/{rel}","templated":true}]}}