{"id":109469,"date":"2026-05-05T02:32:18","date_gmt":"2026-05-05T05:32:18","guid":{"rendered":"https:\/\/www.hediyepazar.com\/?product=evcil-hayvan-bit-taragi-seti-paslanmaz-celik-bicakli-4lu-set"},"modified":"2026-05-05T02:32:18","modified_gmt":"2026-05-05T05:32:18","slug":"evcil-hayvan-bit-taragi-seti-paslanmaz-celik-bicakli-4lu-set","status":"publish","type":"product","link":"https:\/\/www.hediyepazar.com\/?product=evcil-hayvan-bit-taragi-seti-paslanmaz-celik-bicakli-4lu-set","title":{"rendered":"Evcil Hayvan Bit Tara\u011f\u0131 Seti Paslanmaz \u00c7elik B\u0131\u00e7akl\u0131 4&#8217;l\u00fc Set"},"content":{"rendered":"<p>Bu 4&#8217;l\u00fc set, evcil hayvanlar\u0131n\u0131z\u0131n temizlik ve bak\u0131m\u0131n\u0131 kolayla\u015ft\u0131rmak amac\u0131yla tasarlanm\u0131\u015f pratik bir \u00fcr\u00fcnd\u00fcr. Setin her bir par\u00e7as\u0131, paslanmaz \u00e7elik ve \u00e7evre dostu Eco plastikten \u00fcretilmi\u015ftir, b\u00f6ylece hem dayan\u0131kl\u0131 hem de \u00e7evreye duyarl\u0131 bir kullan\u0131m sunar. Evcil hayvan\u0131n\u0131z\u0131n t\u00fcylerini temizlerken, ergonomik tasar\u0131m\u0131 sayesinde rahat\u00e7a tutabilir ve t\u00fcyleri nazik\u00e7e temizleyebilirsiniz. \u00dcr\u00fcn\u00fc kullanmadan \u00f6nce, evcil hayvan\u0131n\u0131z\u0131n t\u00fcylerinin kuru ve kar\u0131\u015f\u0131k olmad\u0131\u011f\u0131ndan emin olman\u0131z faydal\u0131d\u0131r. Temizlik i\u015flemi sonras\u0131nda \u00fcr\u00fcnlerinizi temiz tutmak olduk\u00e7a \u00f6nemlidir. Deterjan veya \u015fampuanla s\u0131cak suyun i\u00e7inde y\u0131kayarak temizli\u011fini yapabilir ve b\u00f6ylece bakteri ve kirleri temizleyebilirsiniz.<\/p>\n","protected":false},"excerpt":{"rendered":"<p>Bu 4&#8217;l\u00fc set, evcil hayvanlar\u0131n\u0131z\u0131n temizlik ve bak\u0131m\u0131n\u0131 kolayla\u015ft\u0131rmak amac\u0131yla tasarlanm\u0131\u015f pratik bir \u00fcr\u00fcnd\u00fcr. Setin her bir par\u00e7as\u0131, paslanmaz \u00e7elik ve \u00e7evre dostu Eco plastikten \u00fcretilmi\u015ftir, b\u00f6ylece hem dayan\u0131kl\u0131 hem de \u00e7evreye duyarl\u0131 bir kullan\u0131m sunar. Evcil hayvan\u0131n\u0131z\u0131n t\u00fcylerini temizlerken, ergonomik tasar\u0131m\u0131 sayesinde rahat\u00e7a tutabilir ve t\u00fcyleri nazik\u00e7e temizleyebilirsiniz. \u00dcr\u00fcn\u00fc kullanmadan \u00f6nce, evcil hayvan\u0131n\u0131z\u0131n t\u00fcylerinin&#8230;<\/p>\n","protected":false},"featured_media":109468,"comment_status":"open","ping_status":"closed","template":"","meta":{"_kad_post_transparent":"","_kad_post_title":"","_kad_post_layout":"","_kad_post_sidebar_id":"","_kad_post_content_style":"","_kad_post_vertical_padding":"","_kad_post_feature":"","_kad_post_feature_position":"","_kad_post_header":false,"_kad_post_footer":false,"_kad_post_classname":""},"product_brand":[],"product_cat":[14948],"product_tag":[],"class_list":{"0":"post-109469","1":"product","2":"type-product","3":"status-publish","4":"has-post-thumbnail","6":"product_cat-kedi-firca-ve-taragi-kedi-firca-ve-taragi","8":"first","9":"instock","10":"purchasable","11":"product-type-simple","12":"entry","13":"content-bg","14":"loop-entry"},"_links":{"self":[{"href":"https:\/\/www.hediyepazar.com\/index.php?rest_route=\/wp\/v2\/product\/109469","targetHints":{"allow":["GET"]}}],"collection":[{"href":"https:\/\/www.hediyepazar.com\/index.php?rest_route=\/wp\/v2\/product"}],"about":[{"href":"https:\/\/www.hediyepazar.com\/index.php?rest_route=\/wp\/v2\/types\/product"}],"replies":[{"embeddable":true,"href":"https:\/\/www.hediyepazar.com\/index.php?rest_route=%2Fwp%2Fv2%2Fcomments&post=109469"}],"wp:featuredmedia":[{"embeddable":true,"href":"https:\/\/www.hediyepazar.com\/index.php?rest_route=\/wp\/v2\/media\/109468"}],"wp:attachment":[{"href":"https:\/\/www.hediyepazar.com\/index.php?rest_route=%2Fwp%2Fv2%2Fmedia&parent=109469"}],"wp:term":[{"taxonomy":"product_brand","embeddable":true,"href":"https:\/\/www.hediyepazar.com\/index.php?rest_route=%2Fwp%2Fv2%2Fproduct_brand&post=109469"},{"taxonomy":"product_cat","embeddable":true,"href":"https:\/\/www.hediyepazar.com\/index.php?rest_route=%2Fwp%2Fv2%2Fproduct_cat&post=109469"},{"taxonomy":"product_tag","embeddable":true,"href":"https:\/\/www.hediyepazar.com\/index.php?rest_route=%2Fwp%2Fv2%2Fproduct_tag&post=109469"}],"curies":[{"name":"wp","href":"https:\/\/api.w.org\/{rel}","templated":true}]}}