{"id":109473,"date":"2026-05-05T02:33:02","date_gmt":"2026-05-05T05:33:02","guid":{"rendered":"https:\/\/www.hediyepazar.com\/?product=solar-lamba-kamera-gorunumlu-duvar-lambasi-donebilen-bahce-aydinlatmasi"},"modified":"2026-05-05T02:33:02","modified_gmt":"2026-05-05T05:33:02","slug":"solar-lamba-kamera-gorunumlu-duvar-lambasi-donebilen-bahce-aydinlatmasi","status":"publish","type":"product","link":"https:\/\/www.hediyepazar.com\/?product=solar-lamba-kamera-gorunumlu-duvar-lambasi-donebilen-bahce-aydinlatmasi","title":{"rendered":"Solar Lamba Kamera G\u00f6r\u00fcn\u00fcml\u00fc Duvar Lambas\u0131 D\u00f6nebilen Bah\u00e7e Ayd\u0131nlatmas\u0131"},"content":{"rendered":"<p>Bu g\u00fcne\u015f enerjili g\u00fcvenlik \u0131\u015f\u0131\u011f\u0131, \u00e7evre dostu tasar\u0131m\u0131 ve pratik kullan\u0131m\u0131 ile hem g\u00fcvenlik hem de dekoratif ama\u00e7larla ideal bir \u00e7\u00f6z\u00fcmd\u00fcr. Hem kamera g\u00f6r\u00fcn\u00fcs\u00fc i\u015flevi g\u00f6rerek, h\u0131rs\u0131zlar\u0131 cayd\u0131rma etkisi yarat\u0131r hem de bah\u00e7eniz i\u00e7in g\u00fc\u00e7l\u00fc bir ayd\u0131nlatma sunar. Dahili PIR hareket sens\u00f6r\u00fc, 10 ila 20 feet mesafede hareketi alg\u0131layarak gece boyunca \u0131\u015f\u0131\u011f\u0131n otomatik olarak yanmas\u0131n\u0131 sa\u011flar. Bu \u00f6zellik, evinizin etraf\u0131ndaki alanlar\u0131 g\u00fcvenli hale getirir. G\u00fcne\u015f paneli, g\u00fcne\u015f \u0131\u015f\u0131\u011f\u0131n\u0131 emerek \u015farj olur ve \u0131\u015f\u0131\u011f\u0131n enerji ihtiyac\u0131n\u0131 kar\u015f\u0131lar, b\u00f6ylece elektrik t\u00fcketimi ve \u00e7evreye olan etkisi minimuma iner. Pil kapasitesiyle de, d\u00fc\u015f\u00fck \u0131\u015f\u0131k modunda bile yakla\u015f\u0131k 40 saate kadar \u00e7al\u0131\u015fma s\u00fcresi sunar. Kurulumu olduk\u00e7a basittir ve g\u00fcne\u015f paneli ve \u0131\u015f\u0131k kayna\u011f\u0131n\u0131n y\u00f6n\u00fc 5 eksenli rotasyon sayesinde rahat\u00e7a ayarlanabilir, b\u00f6ylece istedi\u011finiz alan\u0131 verimli bir \u015fekilde ayd\u0131nlatabilirsiniz. IP66 su ge\u00e7irmezlik standard\u0131na sahip olmas\u0131, \u00fcr\u00fcn\u00fcn ya\u011fmur, kar gibi d\u0131\u015f hava ko\u015fullar\u0131nda bile dayan\u0131kl\u0131 olmas\u0131n\u0131 sa\u011flar. Bu \u0131\u015f\u0131k, g\u00fcvenlik ihtiyac\u0131n\u0131z\u0131 kar\u015f\u0131lamakla kalmaz, ayn\u0131 zamanda d\u0131\u015f mekanlar\u0131n\u0131z\u0131 \u015f\u0131k bir \u015fekilde ayd\u0131nlatarak, bah\u00e7eniz, verandan\u0131z, garaj\u0131n\u0131z ya da yol kenarlar\u0131n\u0131za estetik bir g\u00f6r\u00fcn\u00fcm kazand\u0131r\u0131r.<\/p>\n","protected":false},"excerpt":{"rendered":"<p>Bu g\u00fcne\u015f enerjili g\u00fcvenlik \u0131\u015f\u0131\u011f\u0131, \u00e7evre dostu tasar\u0131m\u0131 ve pratik kullan\u0131m\u0131 ile hem g\u00fcvenlik hem de dekoratif ama\u00e7larla ideal bir \u00e7\u00f6z\u00fcmd\u00fcr. Hem kamera g\u00f6r\u00fcn\u00fcs\u00fc i\u015flevi g\u00f6rerek, h\u0131rs\u0131zlar\u0131 cayd\u0131rma etkisi yarat\u0131r hem de bah\u00e7eniz i\u00e7in g\u00fc\u00e7l\u00fc bir ayd\u0131nlatma sunar. Dahili PIR hareket sens\u00f6r\u00fc, 10 ila 20 feet mesafede hareketi alg\u0131layarak gece boyunca \u0131\u015f\u0131\u011f\u0131n otomatik olarak yanmas\u0131n\u0131&#8230;<\/p>\n","protected":false},"featured_media":109472,"comment_status":"open","ping_status":"closed","template":"","meta":{"_kad_post_transparent":"","_kad_post_title":"","_kad_post_layout":"","_kad_post_sidebar_id":"","_kad_post_content_style":"","_kad_post_vertical_padding":"","_kad_post_feature":"","_kad_post_feature_position":"","_kad_post_header":false,"_kad_post_footer":false,"_kad_post_classname":""},"product_brand":[],"product_cat":[14950],"product_tag":[],"class_list":{"0":"post-109473","1":"product","2":"type-product","3":"status-publish","4":"has-post-thumbnail","6":"product_cat-solar-aydinlatma-solar-aydinlatma","8":"first","9":"instock","10":"purchasable","11":"product-type-simple","12":"entry","13":"content-bg","14":"loop-entry"},"_links":{"self":[{"href":"https:\/\/www.hediyepazar.com\/index.php?rest_route=\/wp\/v2\/product\/109473","targetHints":{"allow":["GET"]}}],"collection":[{"href":"https:\/\/www.hediyepazar.com\/index.php?rest_route=\/wp\/v2\/product"}],"about":[{"href":"https:\/\/www.hediyepazar.com\/index.php?rest_route=\/wp\/v2\/types\/product"}],"replies":[{"embeddable":true,"href":"https:\/\/www.hediyepazar.com\/index.php?rest_route=%2Fwp%2Fv2%2Fcomments&post=109473"}],"wp:featuredmedia":[{"embeddable":true,"href":"https:\/\/www.hediyepazar.com\/index.php?rest_route=\/wp\/v2\/media\/109472"}],"wp:attachment":[{"href":"https:\/\/www.hediyepazar.com\/index.php?rest_route=%2Fwp%2Fv2%2Fmedia&parent=109473"}],"wp:term":[{"taxonomy":"product_brand","embeddable":true,"href":"https:\/\/www.hediyepazar.com\/index.php?rest_route=%2Fwp%2Fv2%2Fproduct_brand&post=109473"},{"taxonomy":"product_cat","embeddable":true,"href":"https:\/\/www.hediyepazar.com\/index.php?rest_route=%2Fwp%2Fv2%2Fproduct_cat&post=109473"},{"taxonomy":"product_tag","embeddable":true,"href":"https:\/\/www.hediyepazar.com\/index.php?rest_route=%2Fwp%2Fv2%2Fproduct_tag&post=109473"}],"curies":[{"name":"wp","href":"https:\/\/api.w.org\/{rel}","templated":true}]}}