{"id":109475,"date":"2026-05-05T02:33:06","date_gmt":"2026-05-05T05:33:06","guid":{"rendered":"https:\/\/www.hediyepazar.com\/?product=bahce-aydinlatmasi-hareket-sensorlu-led-aydinlatma-kamera-gorunumlu"},"modified":"2026-05-05T02:33:06","modified_gmt":"2026-05-05T05:33:06","slug":"bahce-aydinlatmasi-hareket-sensorlu-led-aydinlatma-kamera-gorunumlu","status":"publish","type":"product","link":"https:\/\/www.hediyepazar.com\/?product=bahce-aydinlatmasi-hareket-sensorlu-led-aydinlatma-kamera-gorunumlu","title":{"rendered":"Bah\u00e7e Ayd\u0131nlatmas\u0131 Hareket Sens\u00f6rl\u00fc Led Ayd\u0131nlatma Kamera G\u00f6r\u00fcn\u00fcml\u00fc"},"content":{"rendered":"<p>Bu g\u00fcne\u015f enerjili g\u00fcvenlik \u0131\u015f\u0131\u011f\u0131 bah\u00e7e ayd\u0131nlatmas\u0131 i\u015flevi g\u00f6rerek iki farkl\u0131 amaca hizmet eder. \u00c7evre dostu tasar\u0131m\u0131 sayesinde, g\u00fcne\u015f paneli arac\u0131l\u0131\u011f\u0131yla g\u00fcne\u015f enerjisini emerek enerji tasarrufu sa\u011flar ve d\u0131\u015f mekan g\u00fcvenli\u011fi i\u00e7in m\u00fckemmel bir \u00e7\u00f6z\u00fcm sunar. Pil kapasitesi sayesinde, d\u00fc\u015f\u00fck \u0131\u015f\u0131k modunda yakla\u015f\u0131k 40 saat kesintisiz \u00e7al\u0131\u015fma s\u00fcresi sunar. Dahili PIR hareket sens\u00f6r\u00fc, 10 ft ile 20 ft aras\u0131ndaki mesafede hareket alg\u0131layarak \u0131\u015f\u0131\u011f\u0131n otomatik olarak yanmas\u0131n\u0131 sa\u011flar. Bu \u00f6zellik, \u00f6zellikle gece saatlerinde bah\u00e7e, veranda, garaj ve di\u011fer d\u0131\u015f mekan alanlar\u0131ndaki g\u00fcvenli\u011fi art\u0131r\u0131r. Ayr\u0131ca, \u0131\u015f\u0131\u011f\u0131n a\u00e7\u0131s\u0131n\u0131 ve g\u00fcne\u015f panelinin y\u00f6n\u00fcn\u00fc 5 eksenli rotasyon ile kolayca ayarlayarak, \u0131\u015f\u0131\u011f\u0131n verimli bir \u015fekilde kullan\u0131lmas\u0131 sa\u011flan\u0131r. IP66 su ge\u00e7irmezlik \u00f6zelli\u011fi, zorlu hava ko\u015fullar\u0131nda bile dayan\u0131kl\u0131l\u0131\u011f\u0131n\u0131 s\u00fcrd\u00fcrmesini sa\u011flar. Geli\u015fmi\u015f tasar\u0131m\u0131 sayesinde, sadece g\u00fcvenlik i\u00e7in de\u011fil, ayn\u0131 zamanda d\u0131\u015f mekan dekorasyonu i\u00e7in de m\u00fckemmel bir \u00e7\u00f6z\u00fcm sunar. Kurulumu olduk\u00e7a kolayd\u0131r ve pratik kullan\u0131m\u0131 sayesinde bah\u00e7enizde, yol kenarlar\u0131nda veya di\u011fer d\u0131\u015f alanlarda uzun s\u00fcreli ve verimli ayd\u0131nlatma sa\u011flar.<\/p>\n","protected":false},"excerpt":{"rendered":"<p>Bu g\u00fcne\u015f enerjili g\u00fcvenlik \u0131\u015f\u0131\u011f\u0131 bah\u00e7e ayd\u0131nlatmas\u0131 i\u015flevi g\u00f6rerek iki farkl\u0131 amaca hizmet eder. \u00c7evre dostu tasar\u0131m\u0131 sayesinde, g\u00fcne\u015f paneli arac\u0131l\u0131\u011f\u0131yla g\u00fcne\u015f enerjisini emerek enerji tasarrufu sa\u011flar ve d\u0131\u015f mekan g\u00fcvenli\u011fi i\u00e7in m\u00fckemmel bir \u00e7\u00f6z\u00fcm sunar. Pil kapasitesi sayesinde, d\u00fc\u015f\u00fck \u0131\u015f\u0131k modunda yakla\u015f\u0131k 40 saat kesintisiz \u00e7al\u0131\u015fma s\u00fcresi sunar. Dahili PIR hareket sens\u00f6r\u00fc, 10 ft&#8230;<\/p>\n","protected":false},"featured_media":109474,"comment_status":"open","ping_status":"closed","template":"","meta":{"_kad_post_transparent":"","_kad_post_title":"","_kad_post_layout":"","_kad_post_sidebar_id":"","_kad_post_content_style":"","_kad_post_vertical_padding":"","_kad_post_feature":"","_kad_post_feature_position":"","_kad_post_header":false,"_kad_post_footer":false,"_kad_post_classname":""},"product_brand":[],"product_cat":[14950],"product_tag":[],"class_list":{"0":"post-109475","1":"product","2":"type-product","3":"status-publish","4":"has-post-thumbnail","6":"product_cat-solar-aydinlatma-solar-aydinlatma","8":"first","9":"instock","10":"purchasable","11":"product-type-simple","12":"entry","13":"content-bg","14":"loop-entry"},"_links":{"self":[{"href":"https:\/\/www.hediyepazar.com\/index.php?rest_route=\/wp\/v2\/product\/109475","targetHints":{"allow":["GET"]}}],"collection":[{"href":"https:\/\/www.hediyepazar.com\/index.php?rest_route=\/wp\/v2\/product"}],"about":[{"href":"https:\/\/www.hediyepazar.com\/index.php?rest_route=\/wp\/v2\/types\/product"}],"replies":[{"embeddable":true,"href":"https:\/\/www.hediyepazar.com\/index.php?rest_route=%2Fwp%2Fv2%2Fcomments&post=109475"}],"wp:featuredmedia":[{"embeddable":true,"href":"https:\/\/www.hediyepazar.com\/index.php?rest_route=\/wp\/v2\/media\/109474"}],"wp:attachment":[{"href":"https:\/\/www.hediyepazar.com\/index.php?rest_route=%2Fwp%2Fv2%2Fmedia&parent=109475"}],"wp:term":[{"taxonomy":"product_brand","embeddable":true,"href":"https:\/\/www.hediyepazar.com\/index.php?rest_route=%2Fwp%2Fv2%2Fproduct_brand&post=109475"},{"taxonomy":"product_cat","embeddable":true,"href":"https:\/\/www.hediyepazar.com\/index.php?rest_route=%2Fwp%2Fv2%2Fproduct_cat&post=109475"},{"taxonomy":"product_tag","embeddable":true,"href":"https:\/\/www.hediyepazar.com\/index.php?rest_route=%2Fwp%2Fv2%2Fproduct_tag&post=109475"}],"curies":[{"name":"wp","href":"https:\/\/api.w.org\/{rel}","templated":true}]}}