{"id":109497,"date":"2026-05-05T02:35:15","date_gmt":"2026-05-05T05:35:15","guid":{"rendered":"https:\/\/www.hediyepazar.com\/?product=akilli-saat-wireless-sarj-yuksek-cozunurluklu-muzik-dinleme-sesli-cevaplama"},"modified":"2026-05-05T02:35:15","modified_gmt":"2026-05-05T05:35:15","slug":"akilli-saat-wireless-sarj-yuksek-cozunurluklu-muzik-dinleme-sesli-cevaplama","status":"publish","type":"product","link":"https:\/\/www.hediyepazar.com\/?product=akilli-saat-wireless-sarj-yuksek-cozunurluklu-muzik-dinleme-sesli-cevaplama","title":{"rendered":"Ak\u0131ll\u0131 Saat Wireless \u015earj Y\u00fcksek \u00c7\u00f6z\u00fcn\u00fcrl\u00fckl\u00fc M\u00fczik Dinleme Sesli Cevaplama"},"content":{"rendered":"<p>Geli\u015fmi\u015f sa\u011fl\u0131k takibi \u00f6zellikleri ile g\u00fcnl\u00fck aktivitelerinizi takip edebilir, kalp ritminizi \u00f6l\u00e7ebilir ve uyku d\u00fczeninizi analiz edebilirsiniz. Kad\u0131nlar i\u00e7in \u00f6zel g\u00fcn takibi, nefes egzersizleri, ad\u0131msayar, kalori hesaplama ve \u00e7e\u015fitli spor modlar\u0131 ile sa\u011fl\u0131\u011f\u0131n\u0131z\u0131 destekleyen kapsaml\u0131 bir deneyim sunar. GPS hareket takibi sayesinde antrenmanlar\u0131n\u0131z\u0131 daha verimli hale getirebilir ve g\u00fcnl\u00fck aktivitelerinizi detayl\u0131 bir \u015fekilde inceleyebilirsiniz. 500&#8217;den fazla saat temas\u0131 se\u00e7ene\u011fi ile ki\u015fiselle\u015ftirilebilir bir aray\u00fcz sunar ve arka plana kendi resminizi ekleme imkan\u0131 tan\u0131r.<\/p>\n","protected":false},"excerpt":{"rendered":"<p>Geli\u015fmi\u015f sa\u011fl\u0131k takibi \u00f6zellikleri ile g\u00fcnl\u00fck aktivitelerinizi takip edebilir, kalp ritminizi \u00f6l\u00e7ebilir ve uyku d\u00fczeninizi analiz edebilirsiniz. Kad\u0131nlar i\u00e7in \u00f6zel g\u00fcn takibi, nefes egzersizleri, ad\u0131msayar, kalori hesaplama ve \u00e7e\u015fitli spor modlar\u0131 ile sa\u011fl\u0131\u011f\u0131n\u0131z\u0131 destekleyen kapsaml\u0131 bir deneyim sunar. GPS hareket takibi sayesinde antrenmanlar\u0131n\u0131z\u0131 daha verimli hale getirebilir ve g\u00fcnl\u00fck aktivitelerinizi detayl\u0131 bir \u015fekilde inceleyebilirsiniz. 500&#8217;den&#8230;<\/p>\n","protected":false},"featured_media":109496,"comment_status":"open","ping_status":"closed","template":"","meta":{"_kad_post_transparent":"","_kad_post_title":"","_kad_post_layout":"","_kad_post_sidebar_id":"","_kad_post_content_style":"","_kad_post_vertical_padding":"","_kad_post_feature":"","_kad_post_feature_position":"","_kad_post_header":false,"_kad_post_footer":false,"_kad_post_classname":""},"product_brand":[],"product_cat":[14935],"product_tag":[],"class_list":{"0":"post-109497","1":"product","2":"type-product","3":"status-publish","4":"has-post-thumbnail","6":"product_cat-akilli-saatler-akilli-saatler","8":"first","9":"instock","10":"purchasable","11":"product-type-simple","12":"entry","13":"content-bg","14":"loop-entry"},"_links":{"self":[{"href":"https:\/\/www.hediyepazar.com\/index.php?rest_route=\/wp\/v2\/product\/109497","targetHints":{"allow":["GET"]}}],"collection":[{"href":"https:\/\/www.hediyepazar.com\/index.php?rest_route=\/wp\/v2\/product"}],"about":[{"href":"https:\/\/www.hediyepazar.com\/index.php?rest_route=\/wp\/v2\/types\/product"}],"replies":[{"embeddable":true,"href":"https:\/\/www.hediyepazar.com\/index.php?rest_route=%2Fwp%2Fv2%2Fcomments&post=109497"}],"wp:featuredmedia":[{"embeddable":true,"href":"https:\/\/www.hediyepazar.com\/index.php?rest_route=\/wp\/v2\/media\/109496"}],"wp:attachment":[{"href":"https:\/\/www.hediyepazar.com\/index.php?rest_route=%2Fwp%2Fv2%2Fmedia&parent=109497"}],"wp:term":[{"taxonomy":"product_brand","embeddable":true,"href":"https:\/\/www.hediyepazar.com\/index.php?rest_route=%2Fwp%2Fv2%2Fproduct_brand&post=109497"},{"taxonomy":"product_cat","embeddable":true,"href":"https:\/\/www.hediyepazar.com\/index.php?rest_route=%2Fwp%2Fv2%2Fproduct_cat&post=109497"},{"taxonomy":"product_tag","embeddable":true,"href":"https:\/\/www.hediyepazar.com\/index.php?rest_route=%2Fwp%2Fv2%2Fproduct_tag&post=109497"}],"curies":[{"name":"wp","href":"https:\/\/api.w.org\/{rel}","templated":true}]}}