{"id":109537,"date":"2026-05-05T02:43:06","date_gmt":"2026-05-05T05:43:06","guid":{"rendered":"https:\/\/www.hediyepazar.com\/?product=tasinabilir-android-projeksiyon-ayakli-cift-kollu-4k-cozunurluklu-sinema-projeksiyonu"},"modified":"2026-05-05T02:43:06","modified_gmt":"2026-05-05T05:43:06","slug":"tasinabilir-android-projeksiyon-ayakli-cift-kollu-4k-cozunurluklu-sinema-projeksiyonu","status":"publish","type":"product","link":"https:\/\/www.hediyepazar.com\/?product=tasinabilir-android-projeksiyon-ayakli-cift-kollu-4k-cozunurluklu-sinema-projeksiyonu","title":{"rendered":"Ta\u015f\u0131nabilir Android Projeksiyon Ayakl\u0131 \u00c7ift Kollu 4K \u00c7\u00f6z\u00fcn\u00fcrl\u00fckl\u00fc Sinema Projeksiyonu"},"content":{"rendered":"<p>Projeksiyon cihaz\u0131, kablosuz ba\u011flant\u0131 \u00f6zelli\u011fi sayesinde Wi-Fi 6 ve Bluetooth 5.0 ile kesintisiz bir kullan\u0131m sunar. \u00c7ift kollu tasar\u0131m\u0131, her a\u00e7\u0131dan m\u00fckemmel g\u00f6r\u00fcnt\u00fc ayar\u0131 yapman\u0131za yard\u0131mc\u0131 olurken, 4K \u00e7\u00f6z\u00fcn\u00fcrl\u00fck deste\u011fi ile sinema kalitesinde net ve canl\u0131 g\u00f6r\u00fcnt\u00fcler elde etmenizi sa\u011flar.10.000\u2019den fazla oyun deste\u011fi ile oyun severlere s\u0131n\u0131rs\u0131z bir e\u011flence d\u00fcnyas\u0131 sunan bu cihaz, HDMI, AUX ve USB ba\u011flant\u0131lar\u0131yla farkl\u0131 cihazlar ile sorunsuz bir \u015fekilde uyum sa\u011flar.Ekran yans\u0131tma \u00f6zelli\u011fi sayesinde telefon, tablet veya bilgisayar ekran\u0131n\u0131z\u0131 b\u00fcy\u00fck ekrana kolayca aktarabilirsiniz. Hafif ve ta\u015f\u0131nabilir tasar\u0131m\u0131, projeksiyon cihaz\u0131n\u0131z\u0131 diledi\u011finiz yere g\u00f6t\u00fcrmenize olanak tan\u0131rken, 4.000\u2019den fazla uygulama deste\u011fi ile sinema, m\u00fczik, e\u011fitim gibi bir\u00e7ok alanda geni\u015f bir i\u00e7erik sunar.Bluetooth 5.0 teknolojisi ile kablosuz ses sistemlerine ba\u011flanarak y\u00fcksek kaliteli ses deneyimi ya\u015fat\u0131rken, Wi-Fi 6 ba\u011flant\u0131s\u0131 sayesinde internet \u00fczerinden kesintisiz i\u00e7erik ak\u0131\u015f\u0131 sa\u011flar. T\u00fcm bu \u00f6zellikleri ile projeksiyon cihaz\u0131, multimedya deneyiminizi en \u00fcst seviyeye \u00e7\u0131karan modern bir teknoloji sunar.<\/p>\n","protected":false},"excerpt":{"rendered":"<p>Projeksiyon cihaz\u0131, kablosuz ba\u011flant\u0131 \u00f6zelli\u011fi sayesinde Wi-Fi 6 ve Bluetooth 5.0 ile kesintisiz bir kullan\u0131m sunar. \u00c7ift kollu tasar\u0131m\u0131, her a\u00e7\u0131dan m\u00fckemmel g\u00f6r\u00fcnt\u00fc ayar\u0131 yapman\u0131za yard\u0131mc\u0131 olurken, 4K \u00e7\u00f6z\u00fcn\u00fcrl\u00fck deste\u011fi ile sinema kalitesinde net ve canl\u0131 g\u00f6r\u00fcnt\u00fcler elde etmenizi sa\u011flar.10.000\u2019den fazla oyun deste\u011fi ile oyun severlere s\u0131n\u0131rs\u0131z bir e\u011flence d\u00fcnyas\u0131 sunan bu cihaz, HDMI, AUX&#8230;<\/p>\n","protected":false},"featured_media":109536,"comment_status":"open","ping_status":"closed","template":"","meta":{"_kad_post_transparent":"","_kad_post_title":"","_kad_post_layout":"","_kad_post_sidebar_id":"","_kad_post_content_style":"","_kad_post_vertical_padding":"","_kad_post_feature":"","_kad_post_feature_position":"","_kad_post_header":false,"_kad_post_footer":false,"_kad_post_classname":""},"product_brand":[],"product_cat":[14905],"product_tag":[],"class_list":{"0":"post-109537","1":"product","2":"type-product","3":"status-publish","4":"has-post-thumbnail","6":"product_cat-projeksiyon-projeksiyon","8":"first","9":"instock","10":"purchasable","11":"product-type-simple","12":"entry","13":"content-bg","14":"loop-entry"},"_links":{"self":[{"href":"https:\/\/www.hediyepazar.com\/index.php?rest_route=\/wp\/v2\/product\/109537","targetHints":{"allow":["GET"]}}],"collection":[{"href":"https:\/\/www.hediyepazar.com\/index.php?rest_route=\/wp\/v2\/product"}],"about":[{"href":"https:\/\/www.hediyepazar.com\/index.php?rest_route=\/wp\/v2\/types\/product"}],"replies":[{"embeddable":true,"href":"https:\/\/www.hediyepazar.com\/index.php?rest_route=%2Fwp%2Fv2%2Fcomments&post=109537"}],"wp:featuredmedia":[{"embeddable":true,"href":"https:\/\/www.hediyepazar.com\/index.php?rest_route=\/wp\/v2\/media\/109536"}],"wp:attachment":[{"href":"https:\/\/www.hediyepazar.com\/index.php?rest_route=%2Fwp%2Fv2%2Fmedia&parent=109537"}],"wp:term":[{"taxonomy":"product_brand","embeddable":true,"href":"https:\/\/www.hediyepazar.com\/index.php?rest_route=%2Fwp%2Fv2%2Fproduct_brand&post=109537"},{"taxonomy":"product_cat","embeddable":true,"href":"https:\/\/www.hediyepazar.com\/index.php?rest_route=%2Fwp%2Fv2%2Fproduct_cat&post=109537"},{"taxonomy":"product_tag","embeddable":true,"href":"https:\/\/www.hediyepazar.com\/index.php?rest_route=%2Fwp%2Fv2%2Fproduct_tag&post=109537"}],"curies":[{"name":"wp","href":"https:\/\/api.w.org\/{rel}","templated":true}]}}