{"id":109555,"date":"2026-05-05T02:45:12","date_gmt":"2026-05-05T05:45:12","guid":{"rendered":"https:\/\/www.hediyepazar.com\/?product=nostaljik-radyo-bluetooth-baglantili-sarjli-yuksek-ses-kaliteli"},"modified":"2026-05-05T02:45:12","modified_gmt":"2026-05-05T05:45:12","slug":"nostaljik-radyo-bluetooth-baglantili-sarjli-yuksek-ses-kaliteli","status":"publish","type":"product","link":"https:\/\/www.hediyepazar.com\/?product=nostaljik-radyo-bluetooth-baglantili-sarjli-yuksek-ses-kaliteli","title":{"rendered":"Nostaljik Radyo Bluetooth Ba\u011flant\u0131l\u0131 \u015earjl\u0131 Y\u00fcksek Ses Kaliteli"},"content":{"rendered":"<p>Nostaljik Ah\u015fap Tasar\u0131ml\u0131 Bluetooth Radyo \u2013 Klasik ve Modernin Bulu\u015fmas\u0131Eskitme tasar\u0131ma sahip nostaljik Bluetooth radyo, klasik radyo deneyimini modern teknolojilerle bir araya getirir. FM, AM ve SW olmak \u00fczere 3 farkl\u0131 bantta \u00e7al\u0131\u015fabilen bu model, geni\u015f frekans aral\u0131\u011f\u0131 sayesinde yerel ve uluslararas\u0131 radyo istasyonlar\u0131n\u0131 dinleme imkan\u0131 sunar.Bluetooth ba\u011flant\u0131s\u0131, kablosuz m\u00fczik keyfi ya\u015faman\u0131za olanak tan\u0131rken, SD kart ve AUX giri\u015fi ile de alternatif m\u00fczik \u00e7alma se\u00e7enekleri sunar. Ah\u015fap kaplama ve nostaljik detaylar\u0131, bu radyoyu yaln\u0131zca bir m\u00fczik \u00e7alar de\u011fil, ayn\u0131 zamanda dekoratif bir obje haline getirir.Hem klasik radyo severler hem de modern teknolojiyi sevenler i\u00e7in ideal bir se\u00e7im olan bu model, eski radyo deneyimini \u015f\u0131k ve kullan\u0131\u015fl\u0131 bir tasar\u0131mla yeniden ya\u015fat\u0131yor.<\/p>\n","protected":false},"excerpt":{"rendered":"<p>Nostaljik Ah\u015fap Tasar\u0131ml\u0131 Bluetooth Radyo \u2013 Klasik ve Modernin Bulu\u015fmas\u0131Eskitme tasar\u0131ma sahip nostaljik Bluetooth radyo, klasik radyo deneyimini modern teknolojilerle bir araya getirir. FM, AM ve SW olmak \u00fczere 3 farkl\u0131 bantta \u00e7al\u0131\u015fabilen bu model, geni\u015f frekans aral\u0131\u011f\u0131 sayesinde yerel ve uluslararas\u0131 radyo istasyonlar\u0131n\u0131 dinleme imkan\u0131 sunar.Bluetooth ba\u011flant\u0131s\u0131, kablosuz m\u00fczik keyfi ya\u015faman\u0131za olanak tan\u0131rken, SD&#8230;<\/p>\n","protected":false},"featured_media":109554,"comment_status":"open","ping_status":"closed","template":"","meta":{"_kad_post_transparent":"","_kad_post_title":"","_kad_post_layout":"","_kad_post_sidebar_id":"","_kad_post_content_style":"","_kad_post_vertical_padding":"","_kad_post_feature":"","_kad_post_feature_position":"","_kad_post_header":false,"_kad_post_footer":false,"_kad_post_classname":""},"product_brand":[],"product_cat":[14929],"product_tag":[],"class_list":{"0":"post-109555","1":"product","2":"type-product","3":"status-publish","4":"has-post-thumbnail","6":"product_cat-muzik-sistemi-muzik-sistemi","8":"first","9":"instock","10":"purchasable","11":"product-type-simple","12":"entry","13":"content-bg","14":"loop-entry"},"_links":{"self":[{"href":"https:\/\/www.hediyepazar.com\/index.php?rest_route=\/wp\/v2\/product\/109555","targetHints":{"allow":["GET"]}}],"collection":[{"href":"https:\/\/www.hediyepazar.com\/index.php?rest_route=\/wp\/v2\/product"}],"about":[{"href":"https:\/\/www.hediyepazar.com\/index.php?rest_route=\/wp\/v2\/types\/product"}],"replies":[{"embeddable":true,"href":"https:\/\/www.hediyepazar.com\/index.php?rest_route=%2Fwp%2Fv2%2Fcomments&post=109555"}],"wp:featuredmedia":[{"embeddable":true,"href":"https:\/\/www.hediyepazar.com\/index.php?rest_route=\/wp\/v2\/media\/109554"}],"wp:attachment":[{"href":"https:\/\/www.hediyepazar.com\/index.php?rest_route=%2Fwp%2Fv2%2Fmedia&parent=109555"}],"wp:term":[{"taxonomy":"product_brand","embeddable":true,"href":"https:\/\/www.hediyepazar.com\/index.php?rest_route=%2Fwp%2Fv2%2Fproduct_brand&post=109555"},{"taxonomy":"product_cat","embeddable":true,"href":"https:\/\/www.hediyepazar.com\/index.php?rest_route=%2Fwp%2Fv2%2Fproduct_cat&post=109555"},{"taxonomy":"product_tag","embeddable":true,"href":"https:\/\/www.hediyepazar.com\/index.php?rest_route=%2Fwp%2Fv2%2Fproduct_tag&post=109555"}],"curies":[{"name":"wp","href":"https:\/\/api.w.org\/{rel}","templated":true}]}}