{"id":109610,"date":"2026-05-05T02:59:16","date_gmt":"2026-05-05T05:59:16","guid":{"rendered":"https:\/\/www.hediyepazar.com\/?product=sevgiliye-hediye-led-isikli-hava-nemlendirici-usb-sarjli-sevgiliye-ozel"},"modified":"2026-05-05T02:59:16","modified_gmt":"2026-05-05T05:59:16","slug":"sevgiliye-hediye-led-isikli-hava-nemlendirici-usb-sarjli-sevgiliye-ozel","status":"publish","type":"product","link":"https:\/\/www.hediyepazar.com\/?product=sevgiliye-hediye-led-isikli-hava-nemlendirici-usb-sarjli-sevgiliye-ozel","title":{"rendered":"Sevgiliye Hediye Led I\u015f\u0131kl\u0131 Hava Nemlendirici USB \u015earjl\u0131 Sevgiliye \u00d6zel"},"content":{"rendered":"<p>Havay\u0131 ideal seviyede nemlendiren buhar makinesi, ortamdaki kurulu\u011fu \u00f6nleyerek sa\u011fl\u0131kl\u0131 ve konforlu bir atmosfer olu\u015fturman\u0131za yard\u0131mc\u0131 olur. Ultrasonik hava nemlendirici teknolojisi, minimum ses seviyesi ile \u00e7al\u0131\u015farak g\u00fcr\u00fclt\u00fc kirlili\u011fini \u00f6nler ve sessiz bir kullan\u0131m sunar. 300 ml su haznesi, uzun s\u00fcre boyunca havan\u0131n nemli kalmas\u0131n\u0131 sa\u011flarken, su seviyesi g\u00f6stergesi sayesinde g\u00fcvenli ve kontroll\u00fc bir kullan\u0131m imk\u00e2n\u0131 tan\u0131r. Ergonomik ve hafif tasar\u0131m\u0131 sayesinde ev, ofis, ara\u00e7 i\u00e7i gibi farkl\u0131 ortamlarda rahatl\u0131kla ta\u015f\u0131narak kullan\u0131labilir.Aroma dif\u00fcz\u00f6r\u00fc \u00f6zelli\u011fi sayesinde, u\u00e7ucu ya\u011f veya parf\u00fcm ekleyerek ortam havas\u0131n\u0131 ki\u015fisel zevkinize g\u00f6re \u015fekillendirebilirsiniz. Bo\u011faz ve cilt kurulu\u011funu \u00f6nleyerek solunum yollar\u0131n\u0131 destekleyen bu cihaz, hem sa\u011fl\u0131\u011f\u0131n\u0131za hem de ya\u015fam alan\u0131n\u0131za katk\u0131 sa\u011flar. LED \u0131\u015f\u0131kl\u0131 ayd\u0131nlatma fonksiyonu, ho\u015f bir ambiyans olu\u015ftururken, ayarlanabilir p\u00fcsk\u00fcrtme aral\u0131\u011f\u0131 ile kullan\u0131m ihtiyac\u0131n\u0131za g\u00f6re farkl\u0131 modlar\u0131 tercih edebilirsiniz. Portatif ve \u015f\u0131k tasar\u0131m\u0131 ile her ortama uyum sa\u011flayan bu hava nemlendirici, ideal hava kalitesi ve ferah bir ortam olu\u015fturmak i\u00e7in m\u00fckemmel bir se\u00e7enektir.<\/p>\n","protected":false},"excerpt":{"rendered":"<p>Havay\u0131 ideal seviyede nemlendiren buhar makinesi, ortamdaki kurulu\u011fu \u00f6nleyerek sa\u011fl\u0131kl\u0131 ve konforlu bir atmosfer olu\u015fturman\u0131za yard\u0131mc\u0131 olur. Ultrasonik hava nemlendirici teknolojisi, minimum ses seviyesi ile \u00e7al\u0131\u015farak g\u00fcr\u00fclt\u00fc kirlili\u011fini \u00f6nler ve sessiz bir kullan\u0131m sunar. 300 ml su haznesi, uzun s\u00fcre boyunca havan\u0131n nemli kalmas\u0131n\u0131 sa\u011flarken, su seviyesi g\u00f6stergesi sayesinde g\u00fcvenli ve kontroll\u00fc bir kullan\u0131m imk\u00e2n\u0131&#8230;<\/p>\n","protected":false},"featured_media":109609,"comment_status":"open","ping_status":"closed","template":"","meta":{"_kad_post_transparent":"","_kad_post_title":"","_kad_post_layout":"","_kad_post_sidebar_id":"","_kad_post_content_style":"","_kad_post_vertical_padding":"","_kad_post_feature":"","_kad_post_feature_position":"","_kad_post_header":false,"_kad_post_footer":false,"_kad_post_classname":""},"product_brand":[],"product_cat":[14965],"product_tag":[],"class_list":{"0":"post-109610","1":"product","2":"type-product","3":"status-publish","4":"has-post-thumbnail","6":"product_cat-hava-nemlendirici-hava-nemlendirici","8":"first","9":"instock","10":"purchasable","11":"product-type-simple","12":"entry","13":"content-bg","14":"loop-entry"},"_links":{"self":[{"href":"https:\/\/www.hediyepazar.com\/index.php?rest_route=\/wp\/v2\/product\/109610","targetHints":{"allow":["GET"]}}],"collection":[{"href":"https:\/\/www.hediyepazar.com\/index.php?rest_route=\/wp\/v2\/product"}],"about":[{"href":"https:\/\/www.hediyepazar.com\/index.php?rest_route=\/wp\/v2\/types\/product"}],"replies":[{"embeddable":true,"href":"https:\/\/www.hediyepazar.com\/index.php?rest_route=%2Fwp%2Fv2%2Fcomments&post=109610"}],"wp:featuredmedia":[{"embeddable":true,"href":"https:\/\/www.hediyepazar.com\/index.php?rest_route=\/wp\/v2\/media\/109609"}],"wp:attachment":[{"href":"https:\/\/www.hediyepazar.com\/index.php?rest_route=%2Fwp%2Fv2%2Fmedia&parent=109610"}],"wp:term":[{"taxonomy":"product_brand","embeddable":true,"href":"https:\/\/www.hediyepazar.com\/index.php?rest_route=%2Fwp%2Fv2%2Fproduct_brand&post=109610"},{"taxonomy":"product_cat","embeddable":true,"href":"https:\/\/www.hediyepazar.com\/index.php?rest_route=%2Fwp%2Fv2%2Fproduct_cat&post=109610"},{"taxonomy":"product_tag","embeddable":true,"href":"https:\/\/www.hediyepazar.com\/index.php?rest_route=%2Fwp%2Fv2%2Fproduct_tag&post=109610"}],"curies":[{"name":"wp","href":"https:\/\/api.w.org\/{rel}","templated":true}]}}