{"id":109630,"date":"2026-05-05T03:02:18","date_gmt":"2026-05-05T06:02:18","guid":{"rendered":"https:\/\/www.hediyepazar.com\/?product=pilli-led-isik-arac-cami-icin-uzaktan-kumandali-el-simgesi"},"modified":"2026-05-05T03:02:18","modified_gmt":"2026-05-05T06:02:18","slug":"pilli-led-isik-arac-cami-icin-uzaktan-kumandali-el-simgesi","status":"publish","type":"product","link":"https:\/\/www.hediyepazar.com\/?product=pilli-led-isik-arac-cami-icin-uzaktan-kumandali-el-simgesi","title":{"rendered":"Pilli Led I\u015f\u0131k Ara\u00e7 Cam\u0131 \u0130\u00e7in Uzaktan Kumandal\u0131 El Simgesi"},"content":{"rendered":"<p>Bu sistem, 3 adet AA pil ile yakla\u015f\u0131k 2-3 ay gibi uzun bir kullan\u0131m s\u00fcresi sa\u011flar, b\u00f6ylece s\u0131k pil de\u011fi\u015ftirmenize gerek kalmaz. Uzaktan kumanda ise 23A 12V pil ile \u00e7al\u0131\u015f\u0131r ve yakla\u015f\u0131k 4-5 ay boyunca enerji verimlili\u011fini korur. \u00dcstelik uzaktan kumanda pili pakete dahildir, bu da ek masraf yapman\u0131za gerek b\u0131rakmaz. Kumanda \u00fczerindeki tu\u015flara uzun s\u00fcre bas\u0131ld\u0131\u011f\u0131nda el simgesi yan\u0131p s\u00f6nerek daha fazla dikkat \u00e7ekici hale gelir, b\u00f6ylece kullan\u0131m alan\u0131n\u0131 daha i\u015flevsel k\u0131lar.<\/p>\n","protected":false},"excerpt":{"rendered":"<p>Bu sistem, 3 adet AA pil ile yakla\u015f\u0131k 2-3 ay gibi uzun bir kullan\u0131m s\u00fcresi sa\u011flar, b\u00f6ylece s\u0131k pil de\u011fi\u015ftirmenize gerek kalmaz. Uzaktan kumanda ise 23A 12V pil ile \u00e7al\u0131\u015f\u0131r ve yakla\u015f\u0131k 4-5 ay boyunca enerji verimlili\u011fini korur. \u00dcstelik uzaktan kumanda pili pakete dahildir, bu da ek masraf yapman\u0131za gerek b\u0131rakmaz. Kumanda \u00fczerindeki tu\u015flara uzun&#8230;<\/p>\n","protected":false},"featured_media":109629,"comment_status":"open","ping_status":"closed","template":"","meta":{"_kad_post_transparent":"","_kad_post_title":"","_kad_post_layout":"","_kad_post_sidebar_id":"","_kad_post_content_style":"","_kad_post_vertical_padding":"","_kad_post_feature":"","_kad_post_feature_position":"","_kad_post_header":false,"_kad_post_footer":false,"_kad_post_classname":""},"product_brand":[],"product_cat":[14933],"product_tag":[],"class_list":{"0":"post-109630","1":"product","2":"type-product","3":"status-publish","4":"has-post-thumbnail","6":"product_cat-led-isik-led-isik","8":"first","9":"instock","10":"purchasable","11":"product-type-simple","12":"entry","13":"content-bg","14":"loop-entry"},"_links":{"self":[{"href":"https:\/\/www.hediyepazar.com\/index.php?rest_route=\/wp\/v2\/product\/109630","targetHints":{"allow":["GET"]}}],"collection":[{"href":"https:\/\/www.hediyepazar.com\/index.php?rest_route=\/wp\/v2\/product"}],"about":[{"href":"https:\/\/www.hediyepazar.com\/index.php?rest_route=\/wp\/v2\/types\/product"}],"replies":[{"embeddable":true,"href":"https:\/\/www.hediyepazar.com\/index.php?rest_route=%2Fwp%2Fv2%2Fcomments&post=109630"}],"wp:featuredmedia":[{"embeddable":true,"href":"https:\/\/www.hediyepazar.com\/index.php?rest_route=\/wp\/v2\/media\/109629"}],"wp:attachment":[{"href":"https:\/\/www.hediyepazar.com\/index.php?rest_route=%2Fwp%2Fv2%2Fmedia&parent=109630"}],"wp:term":[{"taxonomy":"product_brand","embeddable":true,"href":"https:\/\/www.hediyepazar.com\/index.php?rest_route=%2Fwp%2Fv2%2Fproduct_brand&post=109630"},{"taxonomy":"product_cat","embeddable":true,"href":"https:\/\/www.hediyepazar.com\/index.php?rest_route=%2Fwp%2Fv2%2Fproduct_cat&post=109630"},{"taxonomy":"product_tag","embeddable":true,"href":"https:\/\/www.hediyepazar.com\/index.php?rest_route=%2Fwp%2Fv2%2Fproduct_tag&post=109630"}],"curies":[{"name":"wp","href":"https:\/\/api.w.org\/{rel}","templated":true}]}}