{"id":109632,"date":"2026-05-05T03:03:03","date_gmt":"2026-05-05T06:03:03","guid":{"rendered":"https:\/\/www.hediyepazar.com\/?product=led-isik-el-isareti-arac-cami-icin-uzaktan-kumandali"},"modified":"2026-05-05T03:03:03","modified_gmt":"2026-05-05T06:03:03","slug":"led-isik-el-isareti-arac-cami-icin-uzaktan-kumandali","status":"publish","type":"product","link":"https:\/\/www.hediyepazar.com\/?product=led-isik-el-isareti-arac-cami-icin-uzaktan-kumandali","title":{"rendered":"Led I\u015f\u0131k El \u0130\u015fareti Ara\u00e7 Cam\u0131 \u0130\u00e7in Uzaktan Kumandal\u0131"},"content":{"rendered":"<p>176 LED ampul sayesinde bu cihaz, hem g\u00fcnd\u00fcz hem de gece m\u00fckemmel bir g\u00f6r\u00fcn\u00fcrl\u00fck sa\u011flar. \u00d6zellikle trafik yo\u011funlu\u011fu olan alanlarda veya d\u00fc\u015f\u00fck \u0131\u015f\u0131kl\u0131 ortamlarda g\u00fcvenli\u011fi art\u0131rarak di\u011fer s\u00fcr\u00fcc\u00fclerin sizi net bir \u015fekilde fark etmesine yard\u0131mc\u0131 olur. Amber renkli \u0131\u015f\u0131k, TC trafik yasalar\u0131na tamamen uygundur, b\u00f6ylece yasal bir \u015fekilde kullan\u0131m kolayl\u0131\u011f\u0131 sunar. El hareketiyle kontrol mekanizmas\u0131, pratik bir kullan\u0131m deneyimi sunarak s\u00fcr\u00fc\u015f s\u0131ras\u0131nda dikkat da\u011f\u0131n\u0131kl\u0131\u011f\u0131n\u0131 \u00f6nler.<\/p>\n","protected":false},"excerpt":{"rendered":"<p>176 LED ampul sayesinde bu cihaz, hem g\u00fcnd\u00fcz hem de gece m\u00fckemmel bir g\u00f6r\u00fcn\u00fcrl\u00fck sa\u011flar. \u00d6zellikle trafik yo\u011funlu\u011fu olan alanlarda veya d\u00fc\u015f\u00fck \u0131\u015f\u0131kl\u0131 ortamlarda g\u00fcvenli\u011fi art\u0131rarak di\u011fer s\u00fcr\u00fcc\u00fclerin sizi net bir \u015fekilde fark etmesine yard\u0131mc\u0131 olur. Amber renkli \u0131\u015f\u0131k, TC trafik yasalar\u0131na tamamen uygundur, b\u00f6ylece yasal bir \u015fekilde kullan\u0131m kolayl\u0131\u011f\u0131 sunar. El hareketiyle kontrol mekanizmas\u0131,&#8230;<\/p>\n","protected":false},"featured_media":109631,"comment_status":"open","ping_status":"closed","template":"","meta":{"_kad_post_transparent":"","_kad_post_title":"","_kad_post_layout":"","_kad_post_sidebar_id":"","_kad_post_content_style":"","_kad_post_vertical_padding":"","_kad_post_feature":"","_kad_post_feature_position":"","_kad_post_header":false,"_kad_post_footer":false,"_kad_post_classname":""},"product_brand":[],"product_cat":[14933],"product_tag":[],"class_list":{"0":"post-109632","1":"product","2":"type-product","3":"status-publish","4":"has-post-thumbnail","6":"product_cat-led-isik-led-isik","8":"first","9":"instock","10":"purchasable","11":"product-type-simple","12":"entry","13":"content-bg","14":"loop-entry"},"_links":{"self":[{"href":"https:\/\/www.hediyepazar.com\/index.php?rest_route=\/wp\/v2\/product\/109632","targetHints":{"allow":["GET"]}}],"collection":[{"href":"https:\/\/www.hediyepazar.com\/index.php?rest_route=\/wp\/v2\/product"}],"about":[{"href":"https:\/\/www.hediyepazar.com\/index.php?rest_route=\/wp\/v2\/types\/product"}],"replies":[{"embeddable":true,"href":"https:\/\/www.hediyepazar.com\/index.php?rest_route=%2Fwp%2Fv2%2Fcomments&post=109632"}],"wp:featuredmedia":[{"embeddable":true,"href":"https:\/\/www.hediyepazar.com\/index.php?rest_route=\/wp\/v2\/media\/109631"}],"wp:attachment":[{"href":"https:\/\/www.hediyepazar.com\/index.php?rest_route=%2Fwp%2Fv2%2Fmedia&parent=109632"}],"wp:term":[{"taxonomy":"product_brand","embeddable":true,"href":"https:\/\/www.hediyepazar.com\/index.php?rest_route=%2Fwp%2Fv2%2Fproduct_brand&post=109632"},{"taxonomy":"product_cat","embeddable":true,"href":"https:\/\/www.hediyepazar.com\/index.php?rest_route=%2Fwp%2Fv2%2Fproduct_cat&post=109632"},{"taxonomy":"product_tag","embeddable":true,"href":"https:\/\/www.hediyepazar.com\/index.php?rest_route=%2Fwp%2Fv2%2Fproduct_tag&post=109632"}],"curies":[{"name":"wp","href":"https:\/\/api.w.org\/{rel}","templated":true}]}}