{"id":109646,"date":"2026-05-05T03:04:04","date_gmt":"2026-05-05T06:04:04","guid":{"rendered":"https:\/\/www.hediyepazar.com\/?product=sarjli-arac-yikama-mavi"},"modified":"2026-05-05T03:04:04","modified_gmt":"2026-05-05T06:04:04","slug":"sarjli-arac-yikama-mavi","status":"publish","type":"product","link":"https:\/\/www.hediyepazar.com\/?product=sarjli-arac-yikama-mavi","title":{"rendered":"\u015eARJLI ARA\u00c7 YIKAMA MAV\u0130"},"content":{"rendered":"<p>G\u00fc\u00e7l\u00fc 300W Motor ve Y\u00fcksek Bas\u0131n\u00e7 KapasitesiBu kablosuz y\u00fcksek bas\u0131n\u00e7l\u0131 y\u0131kama makinesi, 300W g\u00fc\u00e7l\u00fc motoru ve maksimum 30 Bar (350 PSI) su bas\u0131nc\u0131 ile, araba y\u0131kama, bah\u00e7e sulama, tar\u0131msal sulama ve genel temizlik i\u015flemlerinde \u00fcst\u00fcn performans sunar. Y\u00fcksek bas\u0131n\u00e7l\u0131 su p\u00fcsk\u00fcrtme \u00f6zelli\u011fi, en inat\u00e7\u0131 kirleri bile k\u0131sa s\u00fcrede temizleyerek zaman ve su tasarrufu sa\u011flar. Ayr\u0131ca cihaz, a\u015f\u0131r\u0131 s\u0131cakl\u0131k ve a\u015f\u0131r\u0131 y\u00fck koruma fonksiyonuna sahiptir. Bu sayede, cihaz\u0131n a\u015f\u0131r\u0131 \u0131s\u0131nmas\u0131n\u0131 \u00f6nleyerek uzun \u00f6m\u00fcrl\u00fc ve g\u00fcvenli bir kullan\u0131m sa\u011flar. G\u00fc\u00e7l\u00fc motor yap\u0131s\u0131 sayesinde uzun s\u00fcreli ve kesintisiz temizlik i\u015flemleri yapabilir, arac\u0131n\u0131z\u0131, bisikletinizi veya d\u0131\u015f mekan y\u00fczeylerini rahatl\u0131kla temizleyebilirsiniz.<\/p>\n","protected":false},"excerpt":{"rendered":"<p>G\u00fc\u00e7l\u00fc 300W Motor ve Y\u00fcksek Bas\u0131n\u00e7 KapasitesiBu kablosuz y\u00fcksek bas\u0131n\u00e7l\u0131 y\u0131kama makinesi, 300W g\u00fc\u00e7l\u00fc motoru ve maksimum 30 Bar (350 PSI) su bas\u0131nc\u0131 ile, araba y\u0131kama, bah\u00e7e sulama, tar\u0131msal sulama ve genel temizlik i\u015flemlerinde \u00fcst\u00fcn performans sunar. Y\u00fcksek bas\u0131n\u00e7l\u0131 su p\u00fcsk\u00fcrtme \u00f6zelli\u011fi, en inat\u00e7\u0131 kirleri bile k\u0131sa s\u00fcrede temizleyerek zaman ve su tasarrufu sa\u011flar. Ayr\u0131ca&#8230;<\/p>\n","protected":false},"featured_media":109645,"comment_status":"open","ping_status":"closed","template":"","meta":{"_kad_post_transparent":"","_kad_post_title":"","_kad_post_layout":"","_kad_post_sidebar_id":"","_kad_post_content_style":"","_kad_post_vertical_padding":"","_kad_post_feature":"","_kad_post_feature_position":"","_kad_post_header":false,"_kad_post_footer":false,"_kad_post_classname":""},"product_brand":[],"product_cat":[14971],"product_tag":[],"class_list":{"0":"post-109646","1":"product","2":"type-product","3":"status-publish","4":"has-post-thumbnail","6":"product_cat-yuksek-basincli-yikama-makinesi-yuksek-basincli-yikama-makinesi","8":"first","9":"instock","10":"purchasable","11":"product-type-simple","12":"entry","13":"content-bg","14":"loop-entry"},"_links":{"self":[{"href":"https:\/\/www.hediyepazar.com\/index.php?rest_route=\/wp\/v2\/product\/109646","targetHints":{"allow":["GET"]}}],"collection":[{"href":"https:\/\/www.hediyepazar.com\/index.php?rest_route=\/wp\/v2\/product"}],"about":[{"href":"https:\/\/www.hediyepazar.com\/index.php?rest_route=\/wp\/v2\/types\/product"}],"replies":[{"embeddable":true,"href":"https:\/\/www.hediyepazar.com\/index.php?rest_route=%2Fwp%2Fv2%2Fcomments&post=109646"}],"wp:featuredmedia":[{"embeddable":true,"href":"https:\/\/www.hediyepazar.com\/index.php?rest_route=\/wp\/v2\/media\/109645"}],"wp:attachment":[{"href":"https:\/\/www.hediyepazar.com\/index.php?rest_route=%2Fwp%2Fv2%2Fmedia&parent=109646"}],"wp:term":[{"taxonomy":"product_brand","embeddable":true,"href":"https:\/\/www.hediyepazar.com\/index.php?rest_route=%2Fwp%2Fv2%2Fproduct_brand&post=109646"},{"taxonomy":"product_cat","embeddable":true,"href":"https:\/\/www.hediyepazar.com\/index.php?rest_route=%2Fwp%2Fv2%2Fproduct_cat&post=109646"},{"taxonomy":"product_tag","embeddable":true,"href":"https:\/\/www.hediyepazar.com\/index.php?rest_route=%2Fwp%2Fv2%2Fproduct_tag&post=109646"}],"curies":[{"name":"wp","href":"https:\/\/api.w.org\/{rel}","templated":true}]}}