{"id":109664,"date":"2026-05-05T03:07:06","date_gmt":"2026-05-05T06:07:06","guid":{"rendered":"https:\/\/www.hediyepazar.com\/?product=yumurta-seklinde-su-dalgali-bluetooth-speaker-lamba-renkli-sarjli"},"modified":"2026-05-05T03:07:06","modified_gmt":"2026-05-05T06:07:06","slug":"yumurta-seklinde-su-dalgali-bluetooth-speaker-lamba-renkli-sarjli","status":"publish","type":"product","link":"https:\/\/www.hediyepazar.com\/?product=yumurta-seklinde-su-dalgali-bluetooth-speaker-lamba-renkli-sarjli","title":{"rendered":"Yumurta \u015eeklinde Su Dalgal\u0131 Bluetooth Speaker Lamba Renkli \u015earjl\u0131"},"content":{"rendered":"<p>Bu benzersiz dinozor yumurta gece lambas\u0131 projekt\u00f6r\u00fc, odan\u0131z\u0131 14 farkl\u0131 renk se\u00e7ene\u011fiyle bir y\u0131ld\u0131zl\u0131 g\u00f6ky\u00fcz\u00fcne d\u00f6n\u00fc\u015ft\u00fcr\u00fcyor. Nebula ve y\u0131ld\u0131z \u0131\u015f\u0131klar\u0131n\u0131n ak\u0131c\u0131 projeksiyonu, 4 h\u0131z ve parlakl\u0131k ayar\u0131 sayesinde rahatlat\u0131c\u0131 bir atmosfer yarat\u0131r. Y\u00fcksek \u00e7\u00f6z\u00fcn\u00fcrl\u00fckl\u00fc projeksiyon duvarlara ve tavana yans\u0131yarak sizi adeta galakside bir yolculu\u011fa \u00e7\u0131kar\u0131r. \u00c7ocuklar ve yeti\u015fkinler i\u00e7in b\u00fcy\u00fcleyici bir ortam sunan bu projekt\u00f6r, yatak odas\u0131, oturma odas\u0131 veya \u00e7al\u0131\u015fma odas\u0131 gibi alanlarda huzurlu bir atmosfer yarat\u0131r.<\/p>\n","protected":false},"excerpt":{"rendered":"<p>Bu benzersiz dinozor yumurta gece lambas\u0131 projekt\u00f6r\u00fc, odan\u0131z\u0131 14 farkl\u0131 renk se\u00e7ene\u011fiyle bir y\u0131ld\u0131zl\u0131 g\u00f6ky\u00fcz\u00fcne d\u00f6n\u00fc\u015ft\u00fcr\u00fcyor. Nebula ve y\u0131ld\u0131z \u0131\u015f\u0131klar\u0131n\u0131n ak\u0131c\u0131 projeksiyonu, 4 h\u0131z ve parlakl\u0131k ayar\u0131 sayesinde rahatlat\u0131c\u0131 bir atmosfer yarat\u0131r. Y\u00fcksek \u00e7\u00f6z\u00fcn\u00fcrl\u00fckl\u00fc projeksiyon duvarlara ve tavana yans\u0131yarak sizi adeta galakside bir yolculu\u011fa \u00e7\u0131kar\u0131r. \u00c7ocuklar ve yeti\u015fkinler i\u00e7in b\u00fcy\u00fcleyici bir ortam sunan bu projekt\u00f6r,&#8230;<\/p>\n","protected":false},"featured_media":109663,"comment_status":"open","ping_status":"closed","template":"","meta":{"_kad_post_transparent":"","_kad_post_title":"","_kad_post_layout":"","_kad_post_sidebar_id":"","_kad_post_content_style":"","_kad_post_vertical_padding":"","_kad_post_feature":"","_kad_post_feature_position":"","_kad_post_header":false,"_kad_post_footer":false,"_kad_post_classname":""},"product_brand":[],"product_cat":[14911],"product_tag":[],"class_list":{"0":"post-109664","1":"product","2":"type-product","3":"status-publish","4":"has-post-thumbnail","6":"product_cat-kablosuz-hoparlor-kablosuz-hoparlor","8":"first","9":"instock","10":"purchasable","11":"product-type-simple","12":"entry","13":"content-bg","14":"loop-entry"},"_links":{"self":[{"href":"https:\/\/www.hediyepazar.com\/index.php?rest_route=\/wp\/v2\/product\/109664","targetHints":{"allow":["GET"]}}],"collection":[{"href":"https:\/\/www.hediyepazar.com\/index.php?rest_route=\/wp\/v2\/product"}],"about":[{"href":"https:\/\/www.hediyepazar.com\/index.php?rest_route=\/wp\/v2\/types\/product"}],"replies":[{"embeddable":true,"href":"https:\/\/www.hediyepazar.com\/index.php?rest_route=%2Fwp%2Fv2%2Fcomments&post=109664"}],"wp:featuredmedia":[{"embeddable":true,"href":"https:\/\/www.hediyepazar.com\/index.php?rest_route=\/wp\/v2\/media\/109663"}],"wp:attachment":[{"href":"https:\/\/www.hediyepazar.com\/index.php?rest_route=%2Fwp%2Fv2%2Fmedia&parent=109664"}],"wp:term":[{"taxonomy":"product_brand","embeddable":true,"href":"https:\/\/www.hediyepazar.com\/index.php?rest_route=%2Fwp%2Fv2%2Fproduct_brand&post=109664"},{"taxonomy":"product_cat","embeddable":true,"href":"https:\/\/www.hediyepazar.com\/index.php?rest_route=%2Fwp%2Fv2%2Fproduct_cat&post=109664"},{"taxonomy":"product_tag","embeddable":true,"href":"https:\/\/www.hediyepazar.com\/index.php?rest_route=%2Fwp%2Fv2%2Fproduct_tag&post=109664"}],"curies":[{"name":"wp","href":"https:\/\/api.w.org\/{rel}","templated":true}]}}