{"id":109668,"date":"2026-05-05T03:07:13","date_gmt":"2026-05-05T06:07:13","guid":{"rendered":"https:\/\/www.hediyepazar.com\/?product=solar-sensorlu-duvar-lambasi-bahce-lamba-20-led-isik"},"modified":"2026-05-05T03:07:13","modified_gmt":"2026-05-05T06:07:13","slug":"solar-sensorlu-duvar-lambasi-bahce-lamba-20-led-isik","status":"publish","type":"product","link":"https:\/\/www.hediyepazar.com\/?product=solar-sensorlu-duvar-lambasi-bahce-lamba-20-led-isik","title":{"rendered":"Solar Sens\u00f6rl\u00fc Duvar Lambas\u0131 Bah\u00e7e Lamba 20 Led I\u015f\u0131k"},"content":{"rendered":"<p>G\u00fcne\u015f enerjisiyle \u00e7al\u0131\u015fan 20 LED\u2019li hareket sens\u00f6rl\u00fc lamba, d\u0131\u015f mekanlar i\u00e7in ideal bir ayd\u0131nlatma \u00e7\u00f6z\u00fcm\u00fcd\u00fcr. Otomatik hareket sens\u00f6r\u00fc veya fotosel \u00f6zelli\u011fi sayesinde g\u00fcn boyunca g\u00fcne\u015f \u0131\u015f\u0131\u011f\u0131ndan \u015farj olur ve geceleri otomatik olarak \u00e7al\u0131\u015f\u0131r. SMD LED teknolojisi sayesinde daha parlak bir ayd\u0131nlatma sa\u011flar. IP65 su ge\u00e7irmez \u00f6zelli\u011fi ile her t\u00fcrl\u00fc hava ko\u015fuluna dayan\u0131kl\u0131d\u0131r ve 360 derece ya\u011fmura kar\u015f\u0131 koruma sa\u011flar. Bah\u00e7eniz, koridorunuz, sundurman\u0131z veya verandan\u0131z i\u00e7in m\u00fckemmel bir se\u00e7enektir. 5.5V 0.55W solar g\u00fc\u00e7 ile \u00e7al\u0131\u015fan bu lamba, 3.7V 1200mAh lityum iyon bataryaya sahiptir. 3 metreye kadar alg\u0131lama mesafesi sunan PIR hareket sens\u00f6r\u00fc ile donat\u0131lm\u0131\u015f olup, -5 ila 60 derece aras\u0131ndaki s\u0131cakl\u0131klarda sorunsuz \u00e7al\u0131\u015f\u0131r. 8 saatlik \u015farj s\u00fcresiyle 4,5 saat boyunca kesintisiz ayd\u0131nlatma sa\u011flar.<\/p>\n","protected":false},"excerpt":{"rendered":"<p>G\u00fcne\u015f enerjisiyle \u00e7al\u0131\u015fan 20 LED\u2019li hareket sens\u00f6rl\u00fc lamba, d\u0131\u015f mekanlar i\u00e7in ideal bir ayd\u0131nlatma \u00e7\u00f6z\u00fcm\u00fcd\u00fcr. Otomatik hareket sens\u00f6r\u00fc veya fotosel \u00f6zelli\u011fi sayesinde g\u00fcn boyunca g\u00fcne\u015f \u0131\u015f\u0131\u011f\u0131ndan \u015farj olur ve geceleri otomatik olarak \u00e7al\u0131\u015f\u0131r. SMD LED teknolojisi sayesinde daha parlak bir ayd\u0131nlatma sa\u011flar. IP65 su ge\u00e7irmez \u00f6zelli\u011fi ile her t\u00fcrl\u00fc hava ko\u015fuluna dayan\u0131kl\u0131d\u0131r ve 360 derece&#8230;<\/p>\n","protected":false},"featured_media":109667,"comment_status":"open","ping_status":"closed","template":"","meta":{"_kad_post_transparent":"","_kad_post_title":"","_kad_post_layout":"","_kad_post_sidebar_id":"","_kad_post_content_style":"","_kad_post_vertical_padding":"","_kad_post_feature":"","_kad_post_feature_position":"","_kad_post_header":false,"_kad_post_footer":false,"_kad_post_classname":""},"product_brand":[],"product_cat":[14946],"product_tag":[],"class_list":{"0":"post-109668","1":"product","2":"type-product","3":"status-publish","4":"has-post-thumbnail","6":"product_cat-bahce-aydinlatmasi-bahce-aydinlatmasi","8":"first","9":"instock","10":"purchasable","11":"product-type-simple","12":"entry","13":"content-bg","14":"loop-entry"},"_links":{"self":[{"href":"https:\/\/www.hediyepazar.com\/index.php?rest_route=\/wp\/v2\/product\/109668","targetHints":{"allow":["GET"]}}],"collection":[{"href":"https:\/\/www.hediyepazar.com\/index.php?rest_route=\/wp\/v2\/product"}],"about":[{"href":"https:\/\/www.hediyepazar.com\/index.php?rest_route=\/wp\/v2\/types\/product"}],"replies":[{"embeddable":true,"href":"https:\/\/www.hediyepazar.com\/index.php?rest_route=%2Fwp%2Fv2%2Fcomments&post=109668"}],"wp:featuredmedia":[{"embeddable":true,"href":"https:\/\/www.hediyepazar.com\/index.php?rest_route=\/wp\/v2\/media\/109667"}],"wp:attachment":[{"href":"https:\/\/www.hediyepazar.com\/index.php?rest_route=%2Fwp%2Fv2%2Fmedia&parent=109668"}],"wp:term":[{"taxonomy":"product_brand","embeddable":true,"href":"https:\/\/www.hediyepazar.com\/index.php?rest_route=%2Fwp%2Fv2%2Fproduct_brand&post=109668"},{"taxonomy":"product_cat","embeddable":true,"href":"https:\/\/www.hediyepazar.com\/index.php?rest_route=%2Fwp%2Fv2%2Fproduct_cat&post=109668"},{"taxonomy":"product_tag","embeddable":true,"href":"https:\/\/www.hediyepazar.com\/index.php?rest_route=%2Fwp%2Fv2%2Fproduct_tag&post=109668"}],"curies":[{"name":"wp","href":"https:\/\/api.w.org\/{rel}","templated":true}]}}