{"id":109676,"date":"2026-05-05T03:07:58","date_gmt":"2026-05-05T06:07:58","guid":{"rendered":"https:\/\/www.hediyepazar.com\/?product=kamp-lambasi-el-feneri-askili-buyuk-boy-usb-sarjli-isildak"},"modified":"2026-05-05T03:07:58","modified_gmt":"2026-05-05T06:07:58","slug":"kamp-lambasi-el-feneri-askili-buyuk-boy-usb-sarjli-isildak","status":"publish","type":"product","link":"https:\/\/www.hediyepazar.com\/?product=kamp-lambasi-el-feneri-askili-buyuk-boy-usb-sarjli-isildak","title":{"rendered":"Kamp Lambas\u0131 El Feneri Ask\u0131l\u0131 B\u00fcy\u00fck Boy USB \u015earjl\u0131 I\u015f\u0131ldak"},"content":{"rendered":"<p>G\u00fcne\u015f enerjisiyle \u00e7al\u0131\u015fan bu kamp feneri, do\u011fa y\u00fcr\u00fcy\u00fc\u015fleri ve a\u00e7\u0131k hava etkinlikleri i\u00e7in m\u00fckemmel bir ayd\u0131nlatma \u00e7\u00f6z\u00fcm\u00fcd\u00fcr. Pil gerektirmeyen yap\u0131s\u0131 \u00e7evre dostu olup, uzun s\u00fcreli kullan\u0131m sunar. USB ba\u011flant\u0131 noktas\u0131 ile kolayca \u015farj edilebilir, b\u00f6ylece ihtiyac\u0131n\u0131z oldu\u011funda kesintisiz ayd\u0131nlatma sa\u011flar. B\u00fcy\u00fck boy tasar\u0131m\u0131, geni\u015f alanlar\u0131 ayd\u0131nlatarak geceyi ayd\u0131nl\u0131k ve konforlu hale getirir. Hem ta\u015f\u0131mas\u0131 kolay hem de do\u011fa dostu bu fener, a\u00e7\u0131k hava aktiviteleriniz i\u00e7in vazge\u00e7ilmez bir yard\u0131mc\u0131 olacakt\u0131r.<\/p>\n","protected":false},"excerpt":{"rendered":"<p>G\u00fcne\u015f enerjisiyle \u00e7al\u0131\u015fan bu kamp feneri, do\u011fa y\u00fcr\u00fcy\u00fc\u015fleri ve a\u00e7\u0131k hava etkinlikleri i\u00e7in m\u00fckemmel bir ayd\u0131nlatma \u00e7\u00f6z\u00fcm\u00fcd\u00fcr. Pil gerektirmeyen yap\u0131s\u0131 \u00e7evre dostu olup, uzun s\u00fcreli kullan\u0131m sunar. USB ba\u011flant\u0131 noktas\u0131 ile kolayca \u015farj edilebilir, b\u00f6ylece ihtiyac\u0131n\u0131z oldu\u011funda kesintisiz ayd\u0131nlatma sa\u011flar. B\u00fcy\u00fck boy tasar\u0131m\u0131, geni\u015f alanlar\u0131 ayd\u0131nlatarak geceyi ayd\u0131nl\u0131k ve konforlu hale getirir. Hem ta\u015f\u0131mas\u0131 kolay&#8230;<\/p>\n","protected":false},"featured_media":109675,"comment_status":"open","ping_status":"closed","template":"","meta":{"_kad_post_transparent":"","_kad_post_title":"","_kad_post_layout":"","_kad_post_sidebar_id":"","_kad_post_content_style":"","_kad_post_vertical_padding":"","_kad_post_feature":"","_kad_post_feature_position":"","_kad_post_header":false,"_kad_post_footer":false,"_kad_post_classname":""},"product_brand":[],"product_cat":[14977],"product_tag":[],"class_list":{"0":"post-109676","1":"product","2":"type-product","3":"status-publish","4":"has-post-thumbnail","6":"product_cat-kamp-lambasi-kamp-lambasi","8":"first","9":"instock","10":"purchasable","11":"product-type-simple","12":"entry","13":"content-bg","14":"loop-entry"},"_links":{"self":[{"href":"https:\/\/www.hediyepazar.com\/index.php?rest_route=\/wp\/v2\/product\/109676","targetHints":{"allow":["GET"]}}],"collection":[{"href":"https:\/\/www.hediyepazar.com\/index.php?rest_route=\/wp\/v2\/product"}],"about":[{"href":"https:\/\/www.hediyepazar.com\/index.php?rest_route=\/wp\/v2\/types\/product"}],"replies":[{"embeddable":true,"href":"https:\/\/www.hediyepazar.com\/index.php?rest_route=%2Fwp%2Fv2%2Fcomments&post=109676"}],"wp:featuredmedia":[{"embeddable":true,"href":"https:\/\/www.hediyepazar.com\/index.php?rest_route=\/wp\/v2\/media\/109675"}],"wp:attachment":[{"href":"https:\/\/www.hediyepazar.com\/index.php?rest_route=%2Fwp%2Fv2%2Fmedia&parent=109676"}],"wp:term":[{"taxonomy":"product_brand","embeddable":true,"href":"https:\/\/www.hediyepazar.com\/index.php?rest_route=%2Fwp%2Fv2%2Fproduct_brand&post=109676"},{"taxonomy":"product_cat","embeddable":true,"href":"https:\/\/www.hediyepazar.com\/index.php?rest_route=%2Fwp%2Fv2%2Fproduct_cat&post=109676"},{"taxonomy":"product_tag","embeddable":true,"href":"https:\/\/www.hediyepazar.com\/index.php?rest_route=%2Fwp%2Fv2%2Fproduct_tag&post=109676"}],"curies":[{"name":"wp","href":"https:\/\/api.w.org\/{rel}","templated":true}]}}