{"id":109680,"date":"2026-05-05T03:08:07","date_gmt":"2026-05-05T06:08:07","guid":{"rendered":"https:\/\/www.hediyepazar.com\/?product=buyuk-boy-gunes-enerjili-kamp-feneri-isildak-lamba-usb-sarjli"},"modified":"2026-05-05T03:08:07","modified_gmt":"2026-05-05T06:08:07","slug":"buyuk-boy-gunes-enerjili-kamp-feneri-isildak-lamba-usb-sarjli","status":"publish","type":"product","link":"https:\/\/www.hediyepazar.com\/?product=buyuk-boy-gunes-enerjili-kamp-feneri-isildak-lamba-usb-sarjli","title":{"rendered":"B\u00fcy\u00fck Boy G\u00fcne\u015f Enerjili Kamp Feneri I\u015f\u0131ldak Lamba USB \u015earjl\u0131"},"content":{"rendered":"<p>G\u00fcne\u015f enerjisiyle \u00e7al\u0131\u015fan bu kamp feneri, do\u011fa y\u00fcr\u00fcy\u00fc\u015fleri ve kamp alanlar\u0131nda enerji ihtiyac\u0131n\u0131z\u0131 kar\u015f\u0131lamak i\u00e7in ideal bir se\u00e7imdir. Pil gerektirmeyen tasar\u0131m\u0131, \u00e7evre dostu bir \u00e7\u00f6z\u00fcm sunarken, ta\u015f\u0131nabilirli\u011fi ile kullan\u0131mda b\u00fcy\u00fck kolayl\u0131k sa\u011flar. USB ba\u011flant\u0131 noktas\u0131 sayesinde h\u0131zl\u0131ca \u015farj edilebilir ve uzun s\u00fcreli kullan\u0131m imkan\u0131 sunar. B\u00fcy\u00fck boy tasar\u0131m\u0131, geni\u015f alanlar\u0131 etkili bir \u015fekilde ayd\u0131nlat\u0131r, b\u00f6ylece gece boyunca rahat ve konforlu bir ortam sa\u011flar. Hem kamp\u00e7\u0131lar hem de do\u011fa severler i\u00e7in pratik ve \u00e7evre dostu bir ayd\u0131nlatma \u00e7\u00f6z\u00fcm\u00fc sunar.<\/p>\n","protected":false},"excerpt":{"rendered":"<p>G\u00fcne\u015f enerjisiyle \u00e7al\u0131\u015fan bu kamp feneri, do\u011fa y\u00fcr\u00fcy\u00fc\u015fleri ve kamp alanlar\u0131nda enerji ihtiyac\u0131n\u0131z\u0131 kar\u015f\u0131lamak i\u00e7in ideal bir se\u00e7imdir. Pil gerektirmeyen tasar\u0131m\u0131, \u00e7evre dostu bir \u00e7\u00f6z\u00fcm sunarken, ta\u015f\u0131nabilirli\u011fi ile kullan\u0131mda b\u00fcy\u00fck kolayl\u0131k sa\u011flar. USB ba\u011flant\u0131 noktas\u0131 sayesinde h\u0131zl\u0131ca \u015farj edilebilir ve uzun s\u00fcreli kullan\u0131m imkan\u0131 sunar. B\u00fcy\u00fck boy tasar\u0131m\u0131, geni\u015f alanlar\u0131 etkili bir \u015fekilde ayd\u0131nlat\u0131r, b\u00f6ylece&#8230;<\/p>\n","protected":false},"featured_media":109679,"comment_status":"open","ping_status":"closed","template":"","meta":{"_kad_post_transparent":"","_kad_post_title":"","_kad_post_layout":"","_kad_post_sidebar_id":"","_kad_post_content_style":"","_kad_post_vertical_padding":"","_kad_post_feature":"","_kad_post_feature_position":"","_kad_post_header":false,"_kad_post_footer":false,"_kad_post_classname":""},"product_brand":[],"product_cat":[14977],"product_tag":[],"class_list":{"0":"post-109680","1":"product","2":"type-product","3":"status-publish","4":"has-post-thumbnail","6":"product_cat-kamp-lambasi-kamp-lambasi","8":"first","9":"instock","10":"purchasable","11":"product-type-simple","12":"entry","13":"content-bg","14":"loop-entry"},"_links":{"self":[{"href":"https:\/\/www.hediyepazar.com\/index.php?rest_route=\/wp\/v2\/product\/109680","targetHints":{"allow":["GET"]}}],"collection":[{"href":"https:\/\/www.hediyepazar.com\/index.php?rest_route=\/wp\/v2\/product"}],"about":[{"href":"https:\/\/www.hediyepazar.com\/index.php?rest_route=\/wp\/v2\/types\/product"}],"replies":[{"embeddable":true,"href":"https:\/\/www.hediyepazar.com\/index.php?rest_route=%2Fwp%2Fv2%2Fcomments&post=109680"}],"wp:featuredmedia":[{"embeddable":true,"href":"https:\/\/www.hediyepazar.com\/index.php?rest_route=\/wp\/v2\/media\/109679"}],"wp:attachment":[{"href":"https:\/\/www.hediyepazar.com\/index.php?rest_route=%2Fwp%2Fv2%2Fmedia&parent=109680"}],"wp:term":[{"taxonomy":"product_brand","embeddable":true,"href":"https:\/\/www.hediyepazar.com\/index.php?rest_route=%2Fwp%2Fv2%2Fproduct_brand&post=109680"},{"taxonomy":"product_cat","embeddable":true,"href":"https:\/\/www.hediyepazar.com\/index.php?rest_route=%2Fwp%2Fv2%2Fproduct_cat&post=109680"},{"taxonomy":"product_tag","embeddable":true,"href":"https:\/\/www.hediyepazar.com\/index.php?rest_route=%2Fwp%2Fv2%2Fproduct_tag&post=109680"}],"curies":[{"name":"wp","href":"https:\/\/api.w.org\/{rel}","templated":true}]}}