{"id":109682,"date":"2026-05-05T03:08:10","date_gmt":"2026-05-05T06:08:10","guid":{"rendered":"https:\/\/www.hediyepazar.com\/?product=xf5800-kamp-lambasi"},"modified":"2026-05-05T03:08:10","modified_gmt":"2026-05-05T06:08:10","slug":"xf5800-kamp-lambasi","status":"publish","type":"product","link":"https:\/\/www.hediyepazar.com\/?product=xf5800-kamp-lambasi","title":{"rendered":"XF5800 KAMP LAMBASI"},"content":{"rendered":"<p>G\u00fcne\u015f enerjisiyle \u00e7al\u0131\u015fan bu kamp feneri, do\u011fa y\u00fcr\u00fcy\u00fc\u015flerinizde veya kamp alanlar\u0131nda enerji ihtiyac\u0131n\u0131z\u0131 kar\u015f\u0131lamak i\u00e7in m\u00fckemmel bir \u00e7\u00f6z\u00fcmd\u00fcr. Pil gerektirmeyen yap\u0131s\u0131, \u00e7evre dostu bir ayd\u0131nlatma deneyimi sunarken, ta\u015f\u0131nabilirli\u011fi art\u0131r\u0131r ve kullan\u0131m kolayl\u0131\u011f\u0131 sa\u011flar. USB ba\u011flant\u0131 noktas\u0131 sayesinde kolayca \u015farj edilebilir ve uzun s\u00fcreli kullan\u0131m imkan\u0131 sunar. B\u00fcy\u00fck boy tasar\u0131m\u0131, geni\u015f alanlar\u0131 ayd\u0131nlatmak i\u00e7in idealdir ve gece boyunca konforlu bir ortam yaratman\u0131za yard\u0131mc\u0131 olur. Hem do\u011fa aktivitelerinizde hem de acil durumlarda kullanabilece\u011finiz bu fener, pratik ve g\u00fcvenilir bir ayd\u0131nlatma \u00e7\u00f6z\u00fcm\u00fc sa\u011flar.<\/p>\n","protected":false},"excerpt":{"rendered":"<p>G\u00fcne\u015f enerjisiyle \u00e7al\u0131\u015fan bu kamp feneri, do\u011fa y\u00fcr\u00fcy\u00fc\u015flerinizde veya kamp alanlar\u0131nda enerji ihtiyac\u0131n\u0131z\u0131 kar\u015f\u0131lamak i\u00e7in m\u00fckemmel bir \u00e7\u00f6z\u00fcmd\u00fcr. Pil gerektirmeyen yap\u0131s\u0131, \u00e7evre dostu bir ayd\u0131nlatma deneyimi sunarken, ta\u015f\u0131nabilirli\u011fi art\u0131r\u0131r ve kullan\u0131m kolayl\u0131\u011f\u0131 sa\u011flar. USB ba\u011flant\u0131 noktas\u0131 sayesinde kolayca \u015farj edilebilir ve uzun s\u00fcreli kullan\u0131m imkan\u0131 sunar. B\u00fcy\u00fck boy tasar\u0131m\u0131, geni\u015f alanlar\u0131 ayd\u0131nlatmak i\u00e7in idealdir ve&#8230;<\/p>\n","protected":false},"featured_media":109681,"comment_status":"open","ping_status":"closed","template":"","meta":{"_kad_post_transparent":"","_kad_post_title":"","_kad_post_layout":"","_kad_post_sidebar_id":"","_kad_post_content_style":"","_kad_post_vertical_padding":"","_kad_post_feature":"","_kad_post_feature_position":"","_kad_post_header":false,"_kad_post_footer":false,"_kad_post_classname":""},"product_brand":[],"product_cat":[14977],"product_tag":[],"class_list":{"0":"post-109682","1":"product","2":"type-product","3":"status-publish","4":"has-post-thumbnail","6":"product_cat-kamp-lambasi-kamp-lambasi","8":"first","9":"instock","10":"purchasable","11":"product-type-simple","12":"entry","13":"content-bg","14":"loop-entry"},"_links":{"self":[{"href":"https:\/\/www.hediyepazar.com\/index.php?rest_route=\/wp\/v2\/product\/109682","targetHints":{"allow":["GET"]}}],"collection":[{"href":"https:\/\/www.hediyepazar.com\/index.php?rest_route=\/wp\/v2\/product"}],"about":[{"href":"https:\/\/www.hediyepazar.com\/index.php?rest_route=\/wp\/v2\/types\/product"}],"replies":[{"embeddable":true,"href":"https:\/\/www.hediyepazar.com\/index.php?rest_route=%2Fwp%2Fv2%2Fcomments&post=109682"}],"wp:featuredmedia":[{"embeddable":true,"href":"https:\/\/www.hediyepazar.com\/index.php?rest_route=\/wp\/v2\/media\/109681"}],"wp:attachment":[{"href":"https:\/\/www.hediyepazar.com\/index.php?rest_route=%2Fwp%2Fv2%2Fmedia&parent=109682"}],"wp:term":[{"taxonomy":"product_brand","embeddable":true,"href":"https:\/\/www.hediyepazar.com\/index.php?rest_route=%2Fwp%2Fv2%2Fproduct_brand&post=109682"},{"taxonomy":"product_cat","embeddable":true,"href":"https:\/\/www.hediyepazar.com\/index.php?rest_route=%2Fwp%2Fv2%2Fproduct_cat&post=109682"},{"taxonomy":"product_tag","embeddable":true,"href":"https:\/\/www.hediyepazar.com\/index.php?rest_route=%2Fwp%2Fv2%2Fproduct_tag&post=109682"}],"curies":[{"name":"wp","href":"https:\/\/api.w.org\/{rel}","templated":true}]}}