{"id":109762,"date":"2026-05-05T03:16:14","date_gmt":"2026-05-05T06:16:14","guid":{"rendered":"https:\/\/www.hediyepazar.com\/?product=titresimli-gamepad-mobil-ve-konsol-uyumlulugu"},"modified":"2026-05-05T03:16:14","modified_gmt":"2026-05-05T06:16:14","slug":"titresimli-gamepad-mobil-ve-konsol-uyumlulugu","status":"publish","type":"product","link":"https:\/\/www.hediyepazar.com\/?product=titresimli-gamepad-mobil-ve-konsol-uyumlulugu","title":{"rendered":"Titre\u015fimli Gamepad \u2013 Mobil ve Konsol Uyumlulu\u011fu"},"content":{"rendered":"<p>Bu Bluetooth gamepad, mobil cihazlar\u0131n\u0131zda konsol kalitesinde bir oyun deneyimi sunmak i\u00e7in tasarlanm\u0131\u015ft\u0131r. Android ve iOS i\u015fletim sistemli telefonlar, PS3, PC,  ve diz\u00fcst\u00fc bilgisayarlarla uyumlu olarak \u00e7al\u0131\u015f\u0131r. Oyun kolunun i\u00e7inde bulunan y\u00fcksek kapasiteli \u015farj edilebilir batarya sayesinde saatlerce kesintisiz oyun keyfi ya\u015fars\u0131n\u0131z. \u00dcr\u00fcn PUBG, Fortnite, Free Fire ve Call of Duty Mobile gibi oyunlarla uyumludur. Uyumlu uygulamalar (ShootingPlus V3, Happy Chick gibi) ile kolayca e\u015fle\u015ftirilip kullan\u0131labilir. Titre\u015fimli \u00e7ift motor teknolojisiyle oyunlardaki etkileri do\u011frudan hissedersiniz.<\/p>\n","protected":false},"excerpt":{"rendered":"<p>Bu Bluetooth gamepad, mobil cihazlar\u0131n\u0131zda konsol kalitesinde bir oyun deneyimi sunmak i\u00e7in tasarlanm\u0131\u015ft\u0131r. Android ve iOS i\u015fletim sistemli telefonlar, PS3, PC, ve diz\u00fcst\u00fc bilgisayarlarla uyumlu olarak \u00e7al\u0131\u015f\u0131r. Oyun kolunun i\u00e7inde bulunan y\u00fcksek kapasiteli \u015farj edilebilir batarya sayesinde saatlerce kesintisiz oyun keyfi ya\u015fars\u0131n\u0131z. \u00dcr\u00fcn PUBG, Fortnite, Free Fire ve Call of Duty Mobile gibi oyunlarla uyumludur&#8230;.<\/p>\n","protected":false},"featured_media":109761,"comment_status":"open","ping_status":"closed","template":"","meta":{"_kad_post_transparent":"","_kad_post_title":"","_kad_post_layout":"","_kad_post_sidebar_id":"","_kad_post_content_style":"","_kad_post_vertical_padding":"","_kad_post_feature":"","_kad_post_feature_position":"","_kad_post_header":false,"_kad_post_footer":false,"_kad_post_classname":""},"product_brand":[],"product_cat":[14961],"product_tag":[],"class_list":{"0":"post-109762","1":"product","2":"type-product","3":"status-publish","4":"has-post-thumbnail","6":"product_cat-oyun-konsolu-oyun-konsolu","8":"first","9":"instock","10":"purchasable","11":"product-type-simple","12":"entry","13":"content-bg","14":"loop-entry"},"_links":{"self":[{"href":"https:\/\/www.hediyepazar.com\/index.php?rest_route=\/wp\/v2\/product\/109762","targetHints":{"allow":["GET"]}}],"collection":[{"href":"https:\/\/www.hediyepazar.com\/index.php?rest_route=\/wp\/v2\/product"}],"about":[{"href":"https:\/\/www.hediyepazar.com\/index.php?rest_route=\/wp\/v2\/types\/product"}],"replies":[{"embeddable":true,"href":"https:\/\/www.hediyepazar.com\/index.php?rest_route=%2Fwp%2Fv2%2Fcomments&post=109762"}],"wp:featuredmedia":[{"embeddable":true,"href":"https:\/\/www.hediyepazar.com\/index.php?rest_route=\/wp\/v2\/media\/109761"}],"wp:attachment":[{"href":"https:\/\/www.hediyepazar.com\/index.php?rest_route=%2Fwp%2Fv2%2Fmedia&parent=109762"}],"wp:term":[{"taxonomy":"product_brand","embeddable":true,"href":"https:\/\/www.hediyepazar.com\/index.php?rest_route=%2Fwp%2Fv2%2Fproduct_brand&post=109762"},{"taxonomy":"product_cat","embeddable":true,"href":"https:\/\/www.hediyepazar.com\/index.php?rest_route=%2Fwp%2Fv2%2Fproduct_cat&post=109762"},{"taxonomy":"product_tag","embeddable":true,"href":"https:\/\/www.hediyepazar.com\/index.php?rest_route=%2Fwp%2Fv2%2Fproduct_tag&post=109762"}],"curies":[{"name":"wp","href":"https:\/\/api.w.org\/{rel}","templated":true}]}}