{"id":109764,"date":"2026-05-05T03:16:19","date_gmt":"2026-05-05T06:16:19","guid":{"rendered":"https:\/\/www.hediyepazar.com\/?product=android-uyumlu-gamepad-x3-game-stick-oyun-kolu-bluetooth-baglantili"},"modified":"2026-05-05T03:16:19","modified_gmt":"2026-05-05T06:16:19","slug":"android-uyumlu-gamepad-x3-game-stick-oyun-kolu-bluetooth-baglantili","status":"publish","type":"product","link":"https:\/\/www.hediyepazar.com\/?product=android-uyumlu-gamepad-x3-game-stick-oyun-kolu-bluetooth-baglantili","title":{"rendered":"Android Uyumlu Gamepad X3 Game Stick Oyun Kolu Bluetooth Ba\u011flant\u0131l\u0131"},"content":{"rendered":"<p>Bu geli\u015fmi\u015f Bluetooth oyun kumandas\u0131, Android ve iOS platformlar\u0131nda oyunlar\u0131 daha rahat oynaman\u0131z\u0131 sa\u011flar. Tu\u015f haritalama \u00f6zelli\u011fi ile her oyuna \u00f6zel kontrol d\u00fczeni olu\u015fturabilirsiniz. Uygulama \u00fczerinden yap\u0131labilen bu ayarlamalar sayesinde PUBG, Free Fire, Fortnite gibi mobil FPS oyunlar\u0131nda performans\u0131n\u0131z\u0131 art\u0131rabilirsiniz. Gamepad ayr\u0131ca bilgisayar (Windows), PlayStation 3 ve gibi farkl\u0131 cihazlarla da uyumludur. Titre\u015fimli yap\u0131s\u0131 sayesinde oyunlarda daha s\u00fcr\u00fckleyici bir atmosfer olu\u015fturur. \u00dcr\u00fcnde bulunan hassas analog kollar ve ergonomik tu\u015f yerle\u015fimi, uzun s\u00fcreli oyun oturumlar\u0131 i\u00e7in idealdir.<\/p>\n","protected":false},"excerpt":{"rendered":"<p>Bu geli\u015fmi\u015f Bluetooth oyun kumandas\u0131, Android ve iOS platformlar\u0131nda oyunlar\u0131 daha rahat oynaman\u0131z\u0131 sa\u011flar. Tu\u015f haritalama \u00f6zelli\u011fi ile her oyuna \u00f6zel kontrol d\u00fczeni olu\u015fturabilirsiniz. Uygulama \u00fczerinden yap\u0131labilen bu ayarlamalar sayesinde PUBG, Free Fire, Fortnite gibi mobil FPS oyunlar\u0131nda performans\u0131n\u0131z\u0131 art\u0131rabilirsiniz. Gamepad ayr\u0131ca bilgisayar (Windows), PlayStation 3 ve gibi farkl\u0131 cihazlarla da uyumludur. Titre\u015fimli yap\u0131s\u0131 sayesinde&#8230;<\/p>\n","protected":false},"featured_media":109763,"comment_status":"open","ping_status":"closed","template":"","meta":{"_kad_post_transparent":"","_kad_post_title":"","_kad_post_layout":"","_kad_post_sidebar_id":"","_kad_post_content_style":"","_kad_post_vertical_padding":"","_kad_post_feature":"","_kad_post_feature_position":"","_kad_post_header":false,"_kad_post_footer":false,"_kad_post_classname":""},"product_brand":[],"product_cat":[14961],"product_tag":[],"class_list":{"0":"post-109764","1":"product","2":"type-product","3":"status-publish","4":"has-post-thumbnail","6":"product_cat-oyun-konsolu-oyun-konsolu","8":"first","9":"instock","10":"purchasable","11":"product-type-simple","12":"entry","13":"content-bg","14":"loop-entry"},"_links":{"self":[{"href":"https:\/\/www.hediyepazar.com\/index.php?rest_route=\/wp\/v2\/product\/109764","targetHints":{"allow":["GET"]}}],"collection":[{"href":"https:\/\/www.hediyepazar.com\/index.php?rest_route=\/wp\/v2\/product"}],"about":[{"href":"https:\/\/www.hediyepazar.com\/index.php?rest_route=\/wp\/v2\/types\/product"}],"replies":[{"embeddable":true,"href":"https:\/\/www.hediyepazar.com\/index.php?rest_route=%2Fwp%2Fv2%2Fcomments&post=109764"}],"wp:featuredmedia":[{"embeddable":true,"href":"https:\/\/www.hediyepazar.com\/index.php?rest_route=\/wp\/v2\/media\/109763"}],"wp:attachment":[{"href":"https:\/\/www.hediyepazar.com\/index.php?rest_route=%2Fwp%2Fv2%2Fmedia&parent=109764"}],"wp:term":[{"taxonomy":"product_brand","embeddable":true,"href":"https:\/\/www.hediyepazar.com\/index.php?rest_route=%2Fwp%2Fv2%2Fproduct_brand&post=109764"},{"taxonomy":"product_cat","embeddable":true,"href":"https:\/\/www.hediyepazar.com\/index.php?rest_route=%2Fwp%2Fv2%2Fproduct_cat&post=109764"},{"taxonomy":"product_tag","embeddable":true,"href":"https:\/\/www.hediyepazar.com\/index.php?rest_route=%2Fwp%2Fv2%2Fproduct_tag&post=109764"}],"curies":[{"name":"wp","href":"https:\/\/api.w.org\/{rel}","templated":true}]}}