{"id":109766,"date":"2026-05-05T03:16:59","date_gmt":"2026-05-05T06:16:59","guid":{"rendered":"https:\/\/www.hediyepazar.com\/?product=x3-game-stick"},"modified":"2026-05-05T03:16:59","modified_gmt":"2026-05-05T06:16:59","slug":"x3-game-stick","status":"publish","type":"product","link":"https:\/\/www.hediyepazar.com\/?product=x3-game-stick","title":{"rendered":"X3 GAME ST\u0130CK"},"content":{"rendered":"<p>Kablosuz ba\u011flant\u0131 \u00f6zelli\u011fi ve \u00e7oklu cihaz uyumlulu\u011fu sayesinde bu oyun kumandas\u0131, tek bir cihazla bir\u00e7ok farkl\u0131 platformda oyun oynaman\u0131za imk\u00e2n tan\u0131r. Android, iOS 13.4 alt\u0131, Smart TV, PS3, PC ve Switch gibi cihazlarla uyumludur. Dahili bataryas\u0131 sayesinde uzun s\u00fcreli kullan\u0131ma uygundur. Titre\u015fim \u00f6zelli\u011fi, \u00f6zellikle yar\u0131\u015f ve sava\u015f oyunlar\u0131nda ger\u00e7eklik hissini art\u0131r\u0131r. Tu\u015f e\u015fleme (key mapping) uygulamalar\u0131 sayesinde desteklenmeyen oyunlarda bile \u00f6zelle\u015ftirilebilir kontrol sunar. Kompakt yap\u0131s\u0131yla ta\u015f\u0131mas\u0131 kolayd\u0131r ve oyun keyfinizi her yere ta\u015f\u0131yabilirsiniz.<\/p>\n","protected":false},"excerpt":{"rendered":"<p>Kablosuz ba\u011flant\u0131 \u00f6zelli\u011fi ve \u00e7oklu cihaz uyumlulu\u011fu sayesinde bu oyun kumandas\u0131, tek bir cihazla bir\u00e7ok farkl\u0131 platformda oyun oynaman\u0131za imk\u00e2n tan\u0131r. Android, iOS 13.4 alt\u0131, Smart TV, PS3, PC ve Switch gibi cihazlarla uyumludur. Dahili bataryas\u0131 sayesinde uzun s\u00fcreli kullan\u0131ma uygundur. Titre\u015fim \u00f6zelli\u011fi, \u00f6zellikle yar\u0131\u015f ve sava\u015f oyunlar\u0131nda ger\u00e7eklik hissini art\u0131r\u0131r. Tu\u015f e\u015fleme (key mapping)&#8230;<\/p>\n","protected":false},"featured_media":109765,"comment_status":"open","ping_status":"closed","template":"","meta":{"_kad_post_transparent":"","_kad_post_title":"","_kad_post_layout":"","_kad_post_sidebar_id":"","_kad_post_content_style":"","_kad_post_vertical_padding":"","_kad_post_feature":"","_kad_post_feature_position":"","_kad_post_header":false,"_kad_post_footer":false,"_kad_post_classname":""},"product_brand":[],"product_cat":[14961],"product_tag":[],"class_list":{"0":"post-109766","1":"product","2":"type-product","3":"status-publish","4":"has-post-thumbnail","6":"product_cat-oyun-konsolu-oyun-konsolu","8":"first","9":"instock","10":"purchasable","11":"product-type-simple","12":"entry","13":"content-bg","14":"loop-entry"},"_links":{"self":[{"href":"https:\/\/www.hediyepazar.com\/index.php?rest_route=\/wp\/v2\/product\/109766","targetHints":{"allow":["GET"]}}],"collection":[{"href":"https:\/\/www.hediyepazar.com\/index.php?rest_route=\/wp\/v2\/product"}],"about":[{"href":"https:\/\/www.hediyepazar.com\/index.php?rest_route=\/wp\/v2\/types\/product"}],"replies":[{"embeddable":true,"href":"https:\/\/www.hediyepazar.com\/index.php?rest_route=%2Fwp%2Fv2%2Fcomments&post=109766"}],"wp:featuredmedia":[{"embeddable":true,"href":"https:\/\/www.hediyepazar.com\/index.php?rest_route=\/wp\/v2\/media\/109765"}],"wp:attachment":[{"href":"https:\/\/www.hediyepazar.com\/index.php?rest_route=%2Fwp%2Fv2%2Fmedia&parent=109766"}],"wp:term":[{"taxonomy":"product_brand","embeddable":true,"href":"https:\/\/www.hediyepazar.com\/index.php?rest_route=%2Fwp%2Fv2%2Fproduct_brand&post=109766"},{"taxonomy":"product_cat","embeddable":true,"href":"https:\/\/www.hediyepazar.com\/index.php?rest_route=%2Fwp%2Fv2%2Fproduct_cat&post=109766"},{"taxonomy":"product_tag","embeddable":true,"href":"https:\/\/www.hediyepazar.com\/index.php?rest_route=%2Fwp%2Fv2%2Fproduct_tag&post=109766"}],"curies":[{"name":"wp","href":"https:\/\/api.w.org\/{rel}","templated":true}]}}