{"id":109794,"date":"2026-05-05T03:19:59","date_gmt":"2026-05-05T06:19:59","guid":{"rendered":"https:\/\/www.hediyepazar.com\/?product=p9-plus-kulaklik-siyah-bluetooth-baglantili-kulak-ustu-kablosuz"},"modified":"2026-05-05T03:19:59","modified_gmt":"2026-05-05T06:19:59","slug":"p9-plus-kulaklik-siyah-bluetooth-baglantili-kulak-ustu-kablosuz","status":"publish","type":"product","link":"https:\/\/www.hediyepazar.com\/?product=p9-plus-kulaklik-siyah-bluetooth-baglantili-kulak-ustu-kablosuz","title":{"rendered":"P9 Plus Kulakl\u0131k Siyah Bluetooth Ba\u011flant\u0131l\u0131 Kulak \u00dcst\u00fc Kablosuz"},"content":{"rendered":"<p>Portatif a\u00e7\u0131l\u0131r kapan\u0131r tasar\u0131m\u0131yla \u015f\u0131k bir g\u00f6r\u00fcn\u00fcm sunan Kablosuz 5.2 Bluetooth Kulakl\u0131k, IOS, Android, Laptop, PC, Switch, PS ve Xbox cihazlarla tam uyumludur. 5.2 Bluetooth versiyonu ve Hi-Fi superior ses kalitesi ile m\u00fckemmel bir dinleme deneyimi sa\u011flar. 10 metreye kadar Bluetooth aral\u0131\u011f\u0131 sayesinde geni\u015f bir ba\u011flant\u0131 alan\u0131 sunar. Aktif g\u00fcr\u00fclt\u00fc \u00f6nleme (ANC) teknolojisi, d\u0131\u015f ortam seslerini engelleyerek tamamen m\u00fczi\u011finize odaklanman\u0131za olanak tan\u0131r.Dahili mikrofonu ile net aramalar yapabilir, eller serbest konu\u015fman\u0131n konforunu ya\u015fayabilirsiniz. Yumu\u015fak ve bask\u0131 yapmayan kulak pedleri, uzun s\u00fcreli kullan\u0131mda dahi rahatl\u0131k sunar. Ayr\u0131ca SD kart giri\u015fine sahip olan bu kulakl\u0131k, m\u00fczi\u011finizi farkl\u0131 kaynaklardan kolayca \u00e7alabilme esnekli\u011fi sa\u011flar. Hem tasar\u0131m\u0131 hem de \u00fcst\u00fcn performans\u0131yla bu kulakl\u0131k, g\u00fcnl\u00fck kullan\u0131m i\u00e7in ideal bir se\u00e7enektir.<\/p>\n","protected":false},"excerpt":{"rendered":"<p>Portatif a\u00e7\u0131l\u0131r kapan\u0131r tasar\u0131m\u0131yla \u015f\u0131k bir g\u00f6r\u00fcn\u00fcm sunan Kablosuz 5.2 Bluetooth Kulakl\u0131k, IOS, Android, Laptop, PC, Switch, PS ve Xbox cihazlarla tam uyumludur. 5.2 Bluetooth versiyonu ve Hi-Fi superior ses kalitesi ile m\u00fckemmel bir dinleme deneyimi sa\u011flar. 10 metreye kadar Bluetooth aral\u0131\u011f\u0131 sayesinde geni\u015f bir ba\u011flant\u0131 alan\u0131 sunar. Aktif g\u00fcr\u00fclt\u00fc \u00f6nleme (ANC) teknolojisi, d\u0131\u015f ortam&#8230;<\/p>\n","protected":false},"featured_media":109793,"comment_status":"open","ping_status":"closed","template":"","meta":{"_kad_post_transparent":"","_kad_post_title":"","_kad_post_layout":"","_kad_post_sidebar_id":"","_kad_post_content_style":"","_kad_post_vertical_padding":"","_kad_post_feature":"","_kad_post_feature_position":"","_kad_post_header":false,"_kad_post_footer":false,"_kad_post_classname":""},"product_brand":[],"product_cat":[14957],"product_tag":[],"class_list":{"0":"post-109794","1":"product","2":"type-product","3":"status-publish","4":"has-post-thumbnail","6":"product_cat-kablosuz-kulaklik-kablosuz-kulaklik","8":"first","9":"instock","10":"purchasable","11":"product-type-simple","12":"entry","13":"content-bg","14":"loop-entry"},"_links":{"self":[{"href":"https:\/\/www.hediyepazar.com\/index.php?rest_route=\/wp\/v2\/product\/109794","targetHints":{"allow":["GET"]}}],"collection":[{"href":"https:\/\/www.hediyepazar.com\/index.php?rest_route=\/wp\/v2\/product"}],"about":[{"href":"https:\/\/www.hediyepazar.com\/index.php?rest_route=\/wp\/v2\/types\/product"}],"replies":[{"embeddable":true,"href":"https:\/\/www.hediyepazar.com\/index.php?rest_route=%2Fwp%2Fv2%2Fcomments&post=109794"}],"wp:featuredmedia":[{"embeddable":true,"href":"https:\/\/www.hediyepazar.com\/index.php?rest_route=\/wp\/v2\/media\/109793"}],"wp:attachment":[{"href":"https:\/\/www.hediyepazar.com\/index.php?rest_route=%2Fwp%2Fv2%2Fmedia&parent=109794"}],"wp:term":[{"taxonomy":"product_brand","embeddable":true,"href":"https:\/\/www.hediyepazar.com\/index.php?rest_route=%2Fwp%2Fv2%2Fproduct_brand&post=109794"},{"taxonomy":"product_cat","embeddable":true,"href":"https:\/\/www.hediyepazar.com\/index.php?rest_route=%2Fwp%2Fv2%2Fproduct_cat&post=109794"},{"taxonomy":"product_tag","embeddable":true,"href":"https:\/\/www.hediyepazar.com\/index.php?rest_route=%2Fwp%2Fv2%2Fproduct_tag&post=109794"}],"curies":[{"name":"wp","href":"https:\/\/api.w.org\/{rel}","templated":true}]}}