{"id":109810,"date":"2026-05-05T03:21:17","date_gmt":"2026-05-05T06:21:17","guid":{"rendered":"https:\/\/www.hediyepazar.com\/?product=kitap-gorunumlu-kasa"},"modified":"2026-05-05T03:21:17","modified_gmt":"2026-05-05T06:21:17","slug":"kitap-gorunumlu-kasa","status":"publish","type":"product","link":"https:\/\/www.hediyepazar.com\/?product=kitap-gorunumlu-kasa","title":{"rendered":"K\u0130TAP G\u00d6R\u00dcN\u00dcML\u00dc KASA"},"content":{"rendered":"<p>Kitap \u015feklinde tasarlanm\u0131\u015f bu gizli kasa, hem e\u015fyalar\u0131n\u0131z\u0131 h\u0131rs\u0131zl\u0131ktan koruman\u0131za yard\u0131mc\u0131 olur hem de g\u00fcnl\u00fck kullan\u0131mda pratik bir \u00e7\u00f6z\u00fcm sunar. Ak\u015fam eve geldi\u011finizde anahtarlar\u0131n\u0131z\u0131, telefonlar\u0131n\u0131z\u0131 veya evden \u00e7\u0131karken yan\u0131n\u0131za alman\u0131z gereken di\u011fer t\u00fcm e\u015fyalar\u0131 bu kasada d\u00fczenli bir \u015fekilde saklayabilirsiniz. B\u00f6ylece evden \u00e7\u0131karken &#8220;Acaba onlar\u0131 nereye koydum?&#8221; diye vakit kaybetmeden t\u00fcm ihtiya\u00e7lar\u0131n\u0131za kolayca ula\u015fabilirsiniz.\u00dcr\u00fcn, \u0130ngilizce s\u00f6zl\u00fck g\u00f6r\u00fcn\u00fcm\u00fcyle dikkat \u00e7ekmeden ortamda do\u011fal bir \u015fekilde yer al\u0131r. D\u0131\u015f y\u00fczeyi ciltli kitap g\u00f6r\u00fcn\u00fcm\u00fcnde tasarlanm\u0131\u015f olan bu gizli kasan\u0131n i\u00e7 k\u0131sm\u0131 ise dayan\u0131kl\u0131 metalden \u00fcretilmi\u015ftir. Sa\u011flam yap\u0131s\u0131 sayesinde e\u015fyalar\u0131n\u0131z\u0131 g\u00fcvenle korur. \u00dcr\u00fcn\u00fcn kullan\u0131m\u0131 olduk\u00e7a pratiktir; birlikte gelen 2 adet anahtar sayesinde yaln\u0131zca size \u00f6zel bir g\u00fcvenlik sa\u011flar.\u00dcr\u00fcn Boyutlar\u0131: 18 cm uzunluk x 11.5 cm geni\u015flik x 5.5 cm derinlikPaket \u0130\u00e7eri\u011fi: 1 adet kitap \u015feklinde gizli kasaBu \u015f\u0131k ve i\u015flevsel gizli kasa, hem e\u015fyalar\u0131n\u0131z\u0131 g\u00fcvende tutar hem de evinizde veya ofisinizde d\u00fczenli bir ortam yarat\u0131r. Kullan\u0131\u015fl\u0131 ve \u00f6zg\u00fcn tasar\u0131m\u0131yla herkesin ilgisini \u00e7ekecek bir \u00fcr\u00fcnd\u00fcr<\/p>\n","protected":false},"excerpt":{"rendered":"<p>Kitap \u015feklinde tasarlanm\u0131\u015f bu gizli kasa, hem e\u015fyalar\u0131n\u0131z\u0131 h\u0131rs\u0131zl\u0131ktan koruman\u0131za yard\u0131mc\u0131 olur hem de g\u00fcnl\u00fck kullan\u0131mda pratik bir \u00e7\u00f6z\u00fcm sunar. Ak\u015fam eve geldi\u011finizde anahtarlar\u0131n\u0131z\u0131, telefonlar\u0131n\u0131z\u0131 veya evden \u00e7\u0131karken yan\u0131n\u0131za alman\u0131z gereken di\u011fer t\u00fcm e\u015fyalar\u0131 bu kasada d\u00fczenli bir \u015fekilde saklayabilirsiniz. B\u00f6ylece evden \u00e7\u0131karken &#8220;Acaba onlar\u0131 nereye koydum?&#8221; diye vakit kaybetmeden t\u00fcm ihtiya\u00e7lar\u0131n\u0131za kolayca ula\u015fabilirsiniz.\u00dcr\u00fcn, \u0130ngilizce&#8230;<\/p>\n","protected":false},"featured_media":109809,"comment_status":"open","ping_status":"closed","template":"","meta":{"_kad_post_transparent":"","_kad_post_title":"","_kad_post_layout":"","_kad_post_sidebar_id":"","_kad_post_content_style":"","_kad_post_vertical_padding":"","_kad_post_feature":"","_kad_post_feature_position":"","_kad_post_header":false,"_kad_post_footer":false,"_kad_post_classname":""},"product_brand":[],"product_cat":[14981],"product_tag":[],"class_list":{"0":"post-109810","1":"product","2":"type-product","3":"status-publish","4":"has-post-thumbnail","6":"product_cat-store-celik-kasa-store-celik-kasa","8":"first","9":"instock","10":"purchasable","11":"product-type-simple","12":"entry","13":"content-bg","14":"loop-entry"},"_links":{"self":[{"href":"https:\/\/www.hediyepazar.com\/index.php?rest_route=\/wp\/v2\/product\/109810","targetHints":{"allow":["GET"]}}],"collection":[{"href":"https:\/\/www.hediyepazar.com\/index.php?rest_route=\/wp\/v2\/product"}],"about":[{"href":"https:\/\/www.hediyepazar.com\/index.php?rest_route=\/wp\/v2\/types\/product"}],"replies":[{"embeddable":true,"href":"https:\/\/www.hediyepazar.com\/index.php?rest_route=%2Fwp%2Fv2%2Fcomments&post=109810"}],"wp:featuredmedia":[{"embeddable":true,"href":"https:\/\/www.hediyepazar.com\/index.php?rest_route=\/wp\/v2\/media\/109809"}],"wp:attachment":[{"href":"https:\/\/www.hediyepazar.com\/index.php?rest_route=%2Fwp%2Fv2%2Fmedia&parent=109810"}],"wp:term":[{"taxonomy":"product_brand","embeddable":true,"href":"https:\/\/www.hediyepazar.com\/index.php?rest_route=%2Fwp%2Fv2%2Fproduct_brand&post=109810"},{"taxonomy":"product_cat","embeddable":true,"href":"https:\/\/www.hediyepazar.com\/index.php?rest_route=%2Fwp%2Fv2%2Fproduct_cat&post=109810"},{"taxonomy":"product_tag","embeddable":true,"href":"https:\/\/www.hediyepazar.com\/index.php?rest_route=%2Fwp%2Fv2%2Fproduct_tag&post=109810"}],"curies":[{"name":"wp","href":"https:\/\/api.w.org\/{rel}","templated":true}]}}