{"id":109882,"date":"2026-05-05T03:30:07","date_gmt":"2026-05-05T06:30:07","guid":{"rendered":"https:\/\/www.hediyepazar.com\/?product=spot-lamba-led-isik-3lu-uzaktan-kumandali-pilli-yapiskanli-kablosuz"},"modified":"2026-05-05T03:30:07","modified_gmt":"2026-05-05T06:30:07","slug":"spot-lamba-led-isik-3lu-uzaktan-kumandali-pilli-yapiskanli-kablosuz","status":"publish","type":"product","link":"https:\/\/www.hediyepazar.com\/?product=spot-lamba-led-isik-3lu-uzaktan-kumandali-pilli-yapiskanli-kablosuz","title":{"rendered":"Spot Lamba Led I\u015f\u0131k 3&#8217;l\u00fc Uzaktan Kumandal\u0131 Pilli Yap\u0131\u015fkanl\u0131 Kablosuz"},"content":{"rendered":"<p>Kamp, avc\u0131l\u0131k, otel, restoran gibi \u00e7e\u015fitli alanlarda kullan\u0131m i\u00e7in ideal olan Uzaktan Kumandal\u0131 LED Ampul Seti, ta\u015f\u0131nabilir ve \u00e7ok y\u00f6nl\u00fc tasar\u0131m\u0131 ile \u00f6ne \u00e7\u0131kar. Her lamba, dayan\u0131kl\u0131 malzemeden \u00fcretilmi\u015f olup 100.000 saatlik ampul \u00f6mr\u00fcne sahiptir. Yakla\u015f\u0131k 15 feet (4.5 metre) uzakl\u0131ktan kontrol edilebilen uzaktan kumandas\u0131, lambalar\u0131n konforlu bir \u015fekilde y\u00f6netilmesini sa\u011flar. Bu 3\u2019l\u00fc set, kaliteli ayd\u0131nlatmay\u0131 bir araya getirerek hem g\u00fcnl\u00fck hem de \u00f6zel durumlar i\u00e7in m\u00fckemmel bir \u00e7\u00f6z\u00fcmd\u00fcr.<\/p>\n","protected":false},"excerpt":{"rendered":"<p>Kamp, avc\u0131l\u0131k, otel, restoran gibi \u00e7e\u015fitli alanlarda kullan\u0131m i\u00e7in ideal olan Uzaktan Kumandal\u0131 LED Ampul Seti, ta\u015f\u0131nabilir ve \u00e7ok y\u00f6nl\u00fc tasar\u0131m\u0131 ile \u00f6ne \u00e7\u0131kar. Her lamba, dayan\u0131kl\u0131 malzemeden \u00fcretilmi\u015f olup 100.000 saatlik ampul \u00f6mr\u00fcne sahiptir. Yakla\u015f\u0131k 15 feet (4.5 metre) uzakl\u0131ktan kontrol edilebilen uzaktan kumandas\u0131, lambalar\u0131n konforlu bir \u015fekilde y\u00f6netilmesini sa\u011flar. Bu 3\u2019l\u00fc set, kaliteli&#8230;<\/p>\n","protected":false},"featured_media":109881,"comment_status":"open","ping_status":"closed","template":"","meta":{"_kad_post_transparent":"","_kad_post_title":"","_kad_post_layout":"","_kad_post_sidebar_id":"","_kad_post_content_style":"","_kad_post_vertical_padding":"","_kad_post_feature":"","_kad_post_feature_position":"","_kad_post_header":false,"_kad_post_footer":false,"_kad_post_classname":""},"product_brand":[],"product_cat":[14933],"product_tag":[],"class_list":{"0":"post-109882","1":"product","2":"type-product","3":"status-publish","4":"has-post-thumbnail","6":"product_cat-led-isik-led-isik","8":"first","9":"instock","10":"purchasable","11":"product-type-simple","12":"entry","13":"content-bg","14":"loop-entry"},"_links":{"self":[{"href":"https:\/\/www.hediyepazar.com\/index.php?rest_route=\/wp\/v2\/product\/109882","targetHints":{"allow":["GET"]}}],"collection":[{"href":"https:\/\/www.hediyepazar.com\/index.php?rest_route=\/wp\/v2\/product"}],"about":[{"href":"https:\/\/www.hediyepazar.com\/index.php?rest_route=\/wp\/v2\/types\/product"}],"replies":[{"embeddable":true,"href":"https:\/\/www.hediyepazar.com\/index.php?rest_route=%2Fwp%2Fv2%2Fcomments&post=109882"}],"wp:featuredmedia":[{"embeddable":true,"href":"https:\/\/www.hediyepazar.com\/index.php?rest_route=\/wp\/v2\/media\/109881"}],"wp:attachment":[{"href":"https:\/\/www.hediyepazar.com\/index.php?rest_route=%2Fwp%2Fv2%2Fmedia&parent=109882"}],"wp:term":[{"taxonomy":"product_brand","embeddable":true,"href":"https:\/\/www.hediyepazar.com\/index.php?rest_route=%2Fwp%2Fv2%2Fproduct_brand&post=109882"},{"taxonomy":"product_cat","embeddable":true,"href":"https:\/\/www.hediyepazar.com\/index.php?rest_route=%2Fwp%2Fv2%2Fproduct_cat&post=109882"},{"taxonomy":"product_tag","embeddable":true,"href":"https:\/\/www.hediyepazar.com\/index.php?rest_route=%2Fwp%2Fv2%2Fproduct_tag&post=109882"}],"curies":[{"name":"wp","href":"https:\/\/api.w.org\/{rel}","templated":true}]}}