{"id":109886,"date":"2026-05-05T03:30:19","date_gmt":"2026-05-05T06:30:19","guid":{"rendered":"https:\/\/www.hediyepazar.com\/?product=led-lamba-3lu-uzaktan-kumandali-yapiskanli-beyaz-isik"},"modified":"2026-05-05T03:30:19","modified_gmt":"2026-05-05T06:30:19","slug":"led-lamba-3lu-uzaktan-kumandali-yapiskanli-beyaz-isik","status":"publish","type":"product","link":"https:\/\/www.hediyepazar.com\/?product=led-lamba-3lu-uzaktan-kumandali-yapiskanli-beyaz-isik","title":{"rendered":"Led Lamba 3&#8217;l\u00fc Uzaktan Kumandal\u0131 Yap\u0131\u015fkanl\u0131 Beyaz I\u015f\u0131k"},"content":{"rendered":"<p>Uzaktan Kumandal\u0131 3\u2019l\u00fc Ayarlanabilir Spot LED I\u015f\u0131k, kablosuz tasar\u0131m\u0131 ve pratik kullan\u0131m\u0131 ile her t\u00fcrl\u00fc ortamda ayd\u0131nlatma ihtiya\u00e7lar\u0131n\u0131z\u0131 kar\u015f\u0131lamak i\u00e7in tasarlanm\u0131\u015ft\u0131r. Beyaz (g\u00fcn \u0131\u015f\u0131\u011f\u0131) \u0131\u015f\u0131k rengine sahip bu LED lambalar, \u0131\u015f\u0131k derecesi ve yanma s\u00fcresini uzaktan kumanda ile ayarlayabilme \u00f6zelli\u011fi sunar. Her t\u00fcrl\u00fc y\u00fczeye kolayca monte edilebilir ve kaliteli sert plastikten \u00fcretilmi\u015f g\u00f6vdesi sayesinde uzun \u00f6m\u00fcrl\u00fc bir kullan\u0131m sa\u011flar.<\/p>\n","protected":false},"excerpt":{"rendered":"<p>Uzaktan Kumandal\u0131 3\u2019l\u00fc Ayarlanabilir Spot LED I\u015f\u0131k, kablosuz tasar\u0131m\u0131 ve pratik kullan\u0131m\u0131 ile her t\u00fcrl\u00fc ortamda ayd\u0131nlatma ihtiya\u00e7lar\u0131n\u0131z\u0131 kar\u015f\u0131lamak i\u00e7in tasarlanm\u0131\u015ft\u0131r. Beyaz (g\u00fcn \u0131\u015f\u0131\u011f\u0131) \u0131\u015f\u0131k rengine sahip bu LED lambalar, \u0131\u015f\u0131k derecesi ve yanma s\u00fcresini uzaktan kumanda ile ayarlayabilme \u00f6zelli\u011fi sunar. Her t\u00fcrl\u00fc y\u00fczeye kolayca monte edilebilir ve kaliteli sert plastikten \u00fcretilmi\u015f g\u00f6vdesi sayesinde uzun&#8230;<\/p>\n","protected":false},"featured_media":109885,"comment_status":"open","ping_status":"closed","template":"","meta":{"_kad_post_transparent":"","_kad_post_title":"","_kad_post_layout":"","_kad_post_sidebar_id":"","_kad_post_content_style":"","_kad_post_vertical_padding":"","_kad_post_feature":"","_kad_post_feature_position":"","_kad_post_header":false,"_kad_post_footer":false,"_kad_post_classname":""},"product_brand":[],"product_cat":[14933],"product_tag":[],"class_list":{"0":"post-109886","1":"product","2":"type-product","3":"status-publish","4":"has-post-thumbnail","6":"product_cat-led-isik-led-isik","8":"first","9":"instock","10":"purchasable","11":"product-type-simple","12":"entry","13":"content-bg","14":"loop-entry"},"_links":{"self":[{"href":"https:\/\/www.hediyepazar.com\/index.php?rest_route=\/wp\/v2\/product\/109886","targetHints":{"allow":["GET"]}}],"collection":[{"href":"https:\/\/www.hediyepazar.com\/index.php?rest_route=\/wp\/v2\/product"}],"about":[{"href":"https:\/\/www.hediyepazar.com\/index.php?rest_route=\/wp\/v2\/types\/product"}],"replies":[{"embeddable":true,"href":"https:\/\/www.hediyepazar.com\/index.php?rest_route=%2Fwp%2Fv2%2Fcomments&post=109886"}],"wp:featuredmedia":[{"embeddable":true,"href":"https:\/\/www.hediyepazar.com\/index.php?rest_route=\/wp\/v2\/media\/109885"}],"wp:attachment":[{"href":"https:\/\/www.hediyepazar.com\/index.php?rest_route=%2Fwp%2Fv2%2Fmedia&parent=109886"}],"wp:term":[{"taxonomy":"product_brand","embeddable":true,"href":"https:\/\/www.hediyepazar.com\/index.php?rest_route=%2Fwp%2Fv2%2Fproduct_brand&post=109886"},{"taxonomy":"product_cat","embeddable":true,"href":"https:\/\/www.hediyepazar.com\/index.php?rest_route=%2Fwp%2Fv2%2Fproduct_cat&post=109886"},{"taxonomy":"product_tag","embeddable":true,"href":"https:\/\/www.hediyepazar.com\/index.php?rest_route=%2Fwp%2Fv2%2Fproduct_tag&post=109886"}],"curies":[{"name":"wp","href":"https:\/\/api.w.org\/{rel}","templated":true}]}}