{"id":109888,"date":"2026-05-05T03:30:57","date_gmt":"2026-05-05T06:30:57","guid":{"rendered":"https:\/\/www.hediyepazar.com\/?product=led-lamba-3lu-uzaktan-kumandali-yapiskanli"},"modified":"2026-05-05T03:30:57","modified_gmt":"2026-05-05T06:30:57","slug":"led-lamba-3lu-uzaktan-kumandali-yapiskanli","status":"publish","type":"product","link":"https:\/\/www.hediyepazar.com\/?product=led-lamba-3lu-uzaktan-kumandali-yapiskanli","title":{"rendered":"Led Lamba 3&#8217;l\u00fc Uzaktan Kumandal\u0131 Yap\u0131\u015fkanl\u0131"},"content":{"rendered":"<p>I\u015f\u0131k rengi :Beyaz (g\u00fcn \u0131\u015f\u0131\u011f\u0131)I\u015f\u0131k pil tipi: 3 x aaa pil (dahil de\u011fildir)Uzaktan kumanda pili tipi: 2 x aaa pil (dahil de\u011fildir)Led I\u015f\u0131k Kablosuz Uzaktan Kumandal\u0131 Dolap I\u00e7i Led Ampul Seti 3l\u00fc Set Gece Lambas\u0131 Spot LambaUzaktan Kumandal\u0131 3 L\u00fc Ayarlanabilir Spot LED I\u015f\u0131k Kablosuz Lamba Kumandal\u0131 I\u015f\u0131k Ayarlanabilir 3l\u00fc Led I\u015f\u0131kPilli S\u00fcre Ayarl\u0131 \u00b7 \u00c7ok \u015f\u0131k ve kullan\u0131\u015fl\u0131 modern bir \u00fcr\u00fcnd\u00fcr.Kaliteli malzemeden ho\u015f bir g\u00f6r\u00fcn\u00fcme sahiptir.Yap\u0131s\u0131 ile pratik kolay kullan\u0131m sunuyor. \u00b7Temizli\u011fi de \u00e7ok kolay olan s\u0131cak g\u00f6r\u00fcn\u00fcm\u00fc ile \u015f\u0131kl\u0131k katacakDekoratif \u00b7 Estetik Ve kullan\u0131\u015fl\u0131 \u00b7 \u015e\u0131k tasar\u0131m \u00b7 Kanserojen madde i\u00e7ermez \u00b7 Kaliteli ham maddeden \u00fcretilmi\u015ftir.Led light with remote control set of 3 \u00b7 I\u015f\u0131k derecesini ayarlayabilirsinizYanma s\u00fcresini ayarlayabilirsinizUzaktan kumanda ile kontrol edilir \u00b7 Her t\u00fcrl\u00fc zemine kolay montaj edilir \u00b7G\u00fc\u00e7l\u00fc led \u0131\u015f\u0131\u011fa sahiptir \u00b7 3 l\u00fc set olarak g\u00f6nderilirI\u015f\u0131k pil tipi: 3 x aaa pil (dahil de\u011fildir)Uzaktan kumanda pili tipi: 2 x aaa pil (dahil de\u011fildir)I\u015f\u0131k rengi :Beyaz (g\u00fcn \u0131\u015f\u0131\u011f\u0131)G\u00f6vde malzemesi :Sert plastikAmpul \u00f6mr\u00fc: 100.000 saatKullan\u0131m Alanlar\u0131: Avc\u0131l\u0131k, kamp, ev, okul, araba, otel, restoran\u00dcr\u00fcn Boyutlar: 9 cm &#8211; 2 cm<\/p>\n","protected":false},"excerpt":{"rendered":"<p>I\u015f\u0131k rengi :Beyaz (g\u00fcn \u0131\u015f\u0131\u011f\u0131)I\u015f\u0131k pil tipi: 3 x aaa pil (dahil de\u011fildir)Uzaktan kumanda pili tipi: 2 x aaa pil (dahil de\u011fildir)Led I\u015f\u0131k Kablosuz Uzaktan Kumandal\u0131 Dolap I\u00e7i Led Ampul Seti 3l\u00fc Set Gece Lambas\u0131 Spot LambaUzaktan Kumandal\u0131 3 L\u00fc Ayarlanabilir Spot LED I\u015f\u0131k Kablosuz Lamba Kumandal\u0131 I\u015f\u0131k Ayarlanabilir 3l\u00fc Led I\u015f\u0131kPilli S\u00fcre Ayarl\u0131 \u00b7&#8230;<\/p>\n","protected":false},"featured_media":109887,"comment_status":"open","ping_status":"closed","template":"","meta":{"_kad_post_transparent":"","_kad_post_title":"","_kad_post_layout":"","_kad_post_sidebar_id":"","_kad_post_content_style":"","_kad_post_vertical_padding":"","_kad_post_feature":"","_kad_post_feature_position":"","_kad_post_header":false,"_kad_post_footer":false,"_kad_post_classname":""},"product_brand":[],"product_cat":[14933],"product_tag":[],"class_list":{"0":"post-109888","1":"product","2":"type-product","3":"status-publish","4":"has-post-thumbnail","6":"product_cat-led-isik-led-isik","8":"first","9":"instock","10":"purchasable","11":"product-type-simple","12":"entry","13":"content-bg","14":"loop-entry"},"_links":{"self":[{"href":"https:\/\/www.hediyepazar.com\/index.php?rest_route=\/wp\/v2\/product\/109888","targetHints":{"allow":["GET"]}}],"collection":[{"href":"https:\/\/www.hediyepazar.com\/index.php?rest_route=\/wp\/v2\/product"}],"about":[{"href":"https:\/\/www.hediyepazar.com\/index.php?rest_route=\/wp\/v2\/types\/product"}],"replies":[{"embeddable":true,"href":"https:\/\/www.hediyepazar.com\/index.php?rest_route=%2Fwp%2Fv2%2Fcomments&post=109888"}],"wp:featuredmedia":[{"embeddable":true,"href":"https:\/\/www.hediyepazar.com\/index.php?rest_route=\/wp\/v2\/media\/109887"}],"wp:attachment":[{"href":"https:\/\/www.hediyepazar.com\/index.php?rest_route=%2Fwp%2Fv2%2Fmedia&parent=109888"}],"wp:term":[{"taxonomy":"product_brand","embeddable":true,"href":"https:\/\/www.hediyepazar.com\/index.php?rest_route=%2Fwp%2Fv2%2Fproduct_brand&post=109888"},{"taxonomy":"product_cat","embeddable":true,"href":"https:\/\/www.hediyepazar.com\/index.php?rest_route=%2Fwp%2Fv2%2Fproduct_cat&post=109888"},{"taxonomy":"product_tag","embeddable":true,"href":"https:\/\/www.hediyepazar.com\/index.php?rest_route=%2Fwp%2Fv2%2Fproduct_tag&post=109888"}],"curies":[{"name":"wp","href":"https:\/\/api.w.org\/{rel}","templated":true}]}}