{"id":109890,"date":"2026-05-05T03:31:02","date_gmt":"2026-05-05T06:31:02","guid":{"rendered":"https:\/\/www.hediyepazar.com\/?product=telefon-tutucu-tum-arabalara-uyumlu-arac-ici-katlanabilir-manyetik-tasarim"},"modified":"2026-05-05T03:31:02","modified_gmt":"2026-05-05T06:31:02","slug":"telefon-tutucu-tum-arabalara-uyumlu-arac-ici-katlanabilir-manyetik-tasarim","status":"publish","type":"product","link":"https:\/\/www.hediyepazar.com\/?product=telefon-tutucu-tum-arabalara-uyumlu-arac-ici-katlanabilir-manyetik-tasarim","title":{"rendered":"Telefon Tutucu T\u00fcm Arabalara Uyumlu Ara\u00e7 \u0130\u00e7i Katlanabilir Manyetik Tasar\u0131m"},"content":{"rendered":"<p>Katlan\u0131r Manyetik Ara\u00e7 \u0130\u00e7i Telefon Tutucu, modern bir tasar\u0131mla pratiklik ve esteti\u011fi bir araya getirir. Magsafe uyumlulu\u011fu ile iOS cihazlar\u0131n\u0131z i\u00e7in \u00f6zel olarak optimize edilmi\u015f olmas\u0131n\u0131n yan\u0131 s\u0131ra t\u00fcm mobil cihazlarla da sorunsuz \u00e7al\u0131\u015f\u0131r. Kompakt ve katlanabilir yap\u0131s\u0131, kolay ta\u015f\u0131nabilirlik ve depolama imkan\u0131 sa\u011flar. Ara\u00e7 i\u00e7i kullan\u0131mda g\u00fcvenli s\u00fcr\u00fc\u015f deneyimi sunarken, ofis ve ev ortam\u0131nda eller serbest cihaz kullan\u0131m\u0131 i\u00e7in m\u00fckemmel bir se\u00e7enektir.<\/p>\n","protected":false},"excerpt":{"rendered":"<p>Katlan\u0131r Manyetik Ara\u00e7 \u0130\u00e7i Telefon Tutucu, modern bir tasar\u0131mla pratiklik ve esteti\u011fi bir araya getirir. Magsafe uyumlulu\u011fu ile iOS cihazlar\u0131n\u0131z i\u00e7in \u00f6zel olarak optimize edilmi\u015f olmas\u0131n\u0131n yan\u0131 s\u0131ra t\u00fcm mobil cihazlarla da sorunsuz \u00e7al\u0131\u015f\u0131r. Kompakt ve katlanabilir yap\u0131s\u0131, kolay ta\u015f\u0131nabilirlik ve depolama imkan\u0131 sa\u011flar. Ara\u00e7 i\u00e7i kullan\u0131mda g\u00fcvenli s\u00fcr\u00fc\u015f deneyimi sunarken, ofis ve ev ortam\u0131nda&#8230;<\/p>\n","protected":false},"featured_media":109889,"comment_status":"open","ping_status":"closed","template":"","meta":{"_kad_post_transparent":"","_kad_post_title":"","_kad_post_layout":"","_kad_post_sidebar_id":"","_kad_post_content_style":"","_kad_post_vertical_padding":"","_kad_post_feature":"","_kad_post_feature_position":"","_kad_post_header":false,"_kad_post_footer":false,"_kad_post_classname":""},"product_brand":[],"product_cat":[14983],"product_tag":[],"class_list":{"0":"post-109890","1":"product","2":"type-product","3":"status-publish","4":"has-post-thumbnail","6":"product_cat-telefon-tutucu-telefon-tutucu","8":"first","9":"instock","10":"purchasable","11":"product-type-simple","12":"entry","13":"content-bg","14":"loop-entry"},"_links":{"self":[{"href":"https:\/\/www.hediyepazar.com\/index.php?rest_route=\/wp\/v2\/product\/109890","targetHints":{"allow":["GET"]}}],"collection":[{"href":"https:\/\/www.hediyepazar.com\/index.php?rest_route=\/wp\/v2\/product"}],"about":[{"href":"https:\/\/www.hediyepazar.com\/index.php?rest_route=\/wp\/v2\/types\/product"}],"replies":[{"embeddable":true,"href":"https:\/\/www.hediyepazar.com\/index.php?rest_route=%2Fwp%2Fv2%2Fcomments&post=109890"}],"wp:featuredmedia":[{"embeddable":true,"href":"https:\/\/www.hediyepazar.com\/index.php?rest_route=\/wp\/v2\/media\/109889"}],"wp:attachment":[{"href":"https:\/\/www.hediyepazar.com\/index.php?rest_route=%2Fwp%2Fv2%2Fmedia&parent=109890"}],"wp:term":[{"taxonomy":"product_brand","embeddable":true,"href":"https:\/\/www.hediyepazar.com\/index.php?rest_route=%2Fwp%2Fv2%2Fproduct_brand&post=109890"},{"taxonomy":"product_cat","embeddable":true,"href":"https:\/\/www.hediyepazar.com\/index.php?rest_route=%2Fwp%2Fv2%2Fproduct_cat&post=109890"},{"taxonomy":"product_tag","embeddable":true,"href":"https:\/\/www.hediyepazar.com\/index.php?rest_route=%2Fwp%2Fv2%2Fproduct_tag&post=109890"}],"curies":[{"name":"wp","href":"https:\/\/api.w.org\/{rel}","templated":true}]}}