{"id":109892,"date":"2026-05-05T03:31:08","date_gmt":"2026-05-05T06:31:08","guid":{"rendered":"https:\/\/www.hediyepazar.com\/?product=arac-ici-telefon-tutacagi-manyetik-tasarim-ayarlanabilir"},"modified":"2026-05-05T03:31:08","modified_gmt":"2026-05-05T06:31:08","slug":"arac-ici-telefon-tutacagi-manyetik-tasarim-ayarlanabilir","status":"publish","type":"product","link":"https:\/\/www.hediyepazar.com\/?product=arac-ici-telefon-tutacagi-manyetik-tasarim-ayarlanabilir","title":{"rendered":"Ara\u00e7 \u0130\u00e7i Telefon Tutaca\u011f\u0131 Manyetik Tasar\u0131m Ayarlanabilir"},"content":{"rendered":"<p>Y\u00fcksek kaliteli metal ala\u015f\u0131m malzemelerden \u00fcretilen bu telefon tutucu, uzun \u00f6m\u00fcrl\u00fc kullan\u0131m ve dayan\u0131kl\u0131l\u0131k sunar. Telefonla temas eden yumu\u015fak silikon y\u00fczeyi sayesinde cihaz\u0131n\u0131z\u0131 \u00e7izilmelere kar\u015f\u0131 korur. Torpido \u00fczerine veya cama kolayca monte edilebilir; g\u00fc\u00e7l\u00fc \u00e7ift tarafl\u0131 yap\u0131\u015fkan bant, g\u00fcvenilir bir sabitleme sa\u011flar. Hem ara\u00e7 i\u00e7i hem de ev ya da ofis masas\u0131 \u00fczerinde kullan\u0131m i\u00e7in uygundur, b\u00f6ylece \u00e7ok y\u00f6nl\u00fc bir \u00e7\u00f6z\u00fcm sunar.<\/p>\n","protected":false},"excerpt":{"rendered":"<p>Y\u00fcksek kaliteli metal ala\u015f\u0131m malzemelerden \u00fcretilen bu telefon tutucu, uzun \u00f6m\u00fcrl\u00fc kullan\u0131m ve dayan\u0131kl\u0131l\u0131k sunar. Telefonla temas eden yumu\u015fak silikon y\u00fczeyi sayesinde cihaz\u0131n\u0131z\u0131 \u00e7izilmelere kar\u015f\u0131 korur. Torpido \u00fczerine veya cama kolayca monte edilebilir; g\u00fc\u00e7l\u00fc \u00e7ift tarafl\u0131 yap\u0131\u015fkan bant, g\u00fcvenilir bir sabitleme sa\u011flar. Hem ara\u00e7 i\u00e7i hem de ev ya da ofis masas\u0131 \u00fczerinde kullan\u0131m i\u00e7in&#8230;<\/p>\n","protected":false},"featured_media":109891,"comment_status":"open","ping_status":"closed","template":"","meta":{"_kad_post_transparent":"","_kad_post_title":"","_kad_post_layout":"","_kad_post_sidebar_id":"","_kad_post_content_style":"","_kad_post_vertical_padding":"","_kad_post_feature":"","_kad_post_feature_position":"","_kad_post_header":false,"_kad_post_footer":false,"_kad_post_classname":""},"product_brand":[],"product_cat":[14983],"product_tag":[],"class_list":{"0":"post-109892","1":"product","2":"type-product","3":"status-publish","4":"has-post-thumbnail","6":"product_cat-telefon-tutucu-telefon-tutucu","8":"first","9":"instock","10":"purchasable","11":"product-type-simple","12":"entry","13":"content-bg","14":"loop-entry"},"_links":{"self":[{"href":"https:\/\/www.hediyepazar.com\/index.php?rest_route=\/wp\/v2\/product\/109892","targetHints":{"allow":["GET"]}}],"collection":[{"href":"https:\/\/www.hediyepazar.com\/index.php?rest_route=\/wp\/v2\/product"}],"about":[{"href":"https:\/\/www.hediyepazar.com\/index.php?rest_route=\/wp\/v2\/types\/product"}],"replies":[{"embeddable":true,"href":"https:\/\/www.hediyepazar.com\/index.php?rest_route=%2Fwp%2Fv2%2Fcomments&post=109892"}],"wp:featuredmedia":[{"embeddable":true,"href":"https:\/\/www.hediyepazar.com\/index.php?rest_route=\/wp\/v2\/media\/109891"}],"wp:attachment":[{"href":"https:\/\/www.hediyepazar.com\/index.php?rest_route=%2Fwp%2Fv2%2Fmedia&parent=109892"}],"wp:term":[{"taxonomy":"product_brand","embeddable":true,"href":"https:\/\/www.hediyepazar.com\/index.php?rest_route=%2Fwp%2Fv2%2Fproduct_brand&post=109892"},{"taxonomy":"product_cat","embeddable":true,"href":"https:\/\/www.hediyepazar.com\/index.php?rest_route=%2Fwp%2Fv2%2Fproduct_cat&post=109892"},{"taxonomy":"product_tag","embeddable":true,"href":"https:\/\/www.hediyepazar.com\/index.php?rest_route=%2Fwp%2Fv2%2Fproduct_tag&post=109892"}],"curies":[{"name":"wp","href":"https:\/\/api.w.org\/{rel}","templated":true}]}}